{"id":1036,"date":"2014-11-14T13:46:41","date_gmt":"2014-11-14T12:46:41","guid":{"rendered":"http:\/\/archers-longwy.fr\/wordpress\/?page_id=1036"},"modified":"2019-08-17T17:17:28","modified_gmt":"2019-08-17T15:17:28","slug":"tir-3d-a-moulaine","status":"publish","type":"page","link":"https:\/\/archers-haucourt.fr\/wordpress\/concours\/organises-par-longwy\/tir-3d-a-moulaine\/","title":{"rendered":"Concours 3D \u00e0 Moulaine"},"content":{"rendered":"<p>Trouver l&#8217;endroit : <a title=\"Haucourt-Moulaine\" href=\"http:\/\/archers-longwy.fr\/wordpress\/salles-et-terrains\/haucourt-moulaine\/\"><strong>Lieu des concours 3D de Moulaine<\/strong><\/a><\/p>\n<p><a href=\"http:\/\/archers-longwy.fr\/wordpress\/wp-content\/uploads\/2018\/09\/Mandat-tir-3D-le-30-09-2018.pdf\" target=\"_blank\" rel=\"noopener noreferrer\"><span style=\"text-decoration: underline;\"><strong>Mandat tir 3D le 30-09-2018<\/strong><\/span><\/a><\/p>\n<p><a href=\"http:\/\/archers-longwy.fr\/wordpress\/wp-content\/uploads\/2018\/09\/Classement-Qualificatif-classement-officiel.pdf\" target=\"_blank\" rel=\"noopener noreferrer\"><span style=\"font-family: Comic Sans MS, sans-serif; font-size: 12pt;\"><span style=\"text-decoration: underline;\">R\u00e9sultats tir 3D du 30\/09\/2018<\/span><\/span><\/a><\/p>\n<p><a href=\"http:\/\/archers-longwy.fr\/wordpress\/wp-content\/uploads\/2018\/09\/Classement-qualificatif-autres-tirs-.pdf\" target=\"_blank\" rel=\"noopener noreferrer\"><span style=\"font-family: Comic Sans MS, sans-serif; font-size: 12pt;\"><span style=\"text-decoration: underline;\">autres tirs du 30\/09\/2018<\/span><\/span><\/a><\/p>\n<p><a href=\"http:\/\/photos.archers-longwy.fr\/index.php?\/category\/72\" target=\"_blank\" rel=\"noopener noreferrer\"><strong>Les photos du concours du 30\/09\/2018<\/strong><\/a><\/p>\n<p>Voir toutes les autres photos :\u00a0<strong><span style=\"font-size: 14pt;\"><a title=\"Les concours\" href=\"http:\/\/photos.archers-longwy.fr\/index.php?\/category\/28\" target=\"_blank\" rel=\"noopener noreferrer\">Piwigo<\/a><\/span><\/strong><\/p>\n<p><strong><span style=\"background-color: #ffff00;\"><a href=\"http:\/\/archers-longwy.fr\/wordpress\/mandat-3d-moulaine-29-09-2019\/\" target=\"_blank\" rel=\"noopener noreferrer\">Mandat tir 3 D 29\/09\/2019<\/a> \u00a0<\/span> <\/strong><\/p>\n<hr \/>\n<p><span style=\"font-size: 12pt;\">En 2013 le dimanche 29 septembre : 1er concours 3D dans le bois de Moulaine, c&#8217;est un succ\u00e8s!pr\u00e8s de 100 participants de plusieurs nations, \u00e0 midi choucroute royale par notre traiteur.<\/span><\/p>\n<p><span style=\"font-size: 12pt;\">En 2014 le dimanche 28 septembre :2\u00e8me concours c&#8217;est \u00e0 nouveau un succ\u00e8s carton plein pour les organisateurs et satisfaction pour les participants apr\u00e8s avoir d\u00e9gust\u00e9 la fameuse &#8220;Toufaye gaumaise&#8221; !<br \/>\n<\/span><\/p>\n<p><a href=\"http:\/\/archers-longwy.fr\/wordpress\/wp-content\/uploads\/2014\/11\/P9290023.jpg\" rel=\"attachment wp-att-778\"><img loading=\"lazy\" decoding=\"async\" class=\"alignnone size-medium wp-image-778\" src=\"http:\/\/archers-longwy.fr\/wordpress\/wp-content\/uploads\/2014\/11\/P9290023-300x225.jpg\" alt=\"OLYMPUS DIGITAL CAMERA\" width=\"300\" height=\"225\" srcset=\"https:\/\/archers-haucourt.fr\/wordpress\/wp-content\/uploads\/2014\/11\/P9290023-300x225.jpg 300w, https:\/\/archers-haucourt.fr\/wordpress\/wp-content\/uploads\/2014\/11\/P9290023-1024x768.jpg 1024w, https:\/\/archers-haucourt.fr\/wordpress\/wp-content\/uploads\/2014\/11\/P9290023-900x675.jpg 900w\" sizes=\"auto, (max-width: 300px) 100vw, 300px\" \/><\/a>\u00a0\u00a0 <a href=\"http:\/\/archers-longwy.fr\/wordpress\/wp-content\/uploads\/2014\/11\/P9290062.jpg\" rel=\"attachment wp-att-772\"><img loading=\"lazy\" decoding=\"async\" class=\"alignnone size-medium wp-image-772\" src=\"http:\/\/archers-longwy.fr\/wordpress\/wp-content\/uploads\/2014\/11\/P9290062-300x225.jpg\" alt=\"OLYMPUS DIGITAL CAMERA\" width=\"300\" height=\"225\" srcset=\"https:\/\/archers-haucourt.fr\/wordpress\/wp-content\/uploads\/2014\/11\/P9290062-300x225.jpg 300w, https:\/\/archers-haucourt.fr\/wordpress\/wp-content\/uploads\/2014\/11\/P9290062-1024x768.jpg 1024w, https:\/\/archers-haucourt.fr\/wordpress\/wp-content\/uploads\/2014\/11\/P9290062-900x675.jpg 900w\" sizes=\"auto, (max-width: 300px) 100vw, 300px\" \/><\/a> <a href=\"http:\/\/archers-longwy.fr\/wordpress\/wp-content\/uploads\/2014\/11\/IMG_0505.jpg\" rel=\"attachment wp-att-776\"><img loading=\"lazy\" decoding=\"async\" class=\"alignnone wp-image-776\" src=\"http:\/\/archers-longwy.fr\/wordpress\/wp-content\/uploads\/2014\/11\/IMG_0505-300x225.jpg\" alt=\"IMG_0505\" width=\"384\" height=\"288\" srcset=\"https:\/\/archers-haucourt.fr\/wordpress\/wp-content\/uploads\/2014\/11\/IMG_0505-300x225.jpg 300w, https:\/\/archers-haucourt.fr\/wordpress\/wp-content\/uploads\/2014\/11\/IMG_0505-1024x768.jpg 1024w, https:\/\/archers-haucourt.fr\/wordpress\/wp-content\/uploads\/2014\/11\/IMG_0505-900x675.jpg 900w\" sizes=\"auto, (max-width: 384px) 100vw, 384px\" \/><\/a> <a href=\"http:\/\/archers-longwy.fr\/wordpress\/wp-content\/uploads\/2014\/11\/IMG_0509.jpg\" rel=\"attachment wp-att-777\"><img loading=\"lazy\" decoding=\"async\" class=\"alignnone wp-image-777\" src=\"http:\/\/archers-longwy.fr\/wordpress\/wp-content\/uploads\/2014\/11\/IMG_0509-225x300.jpg\" alt=\"IMG_0509\" width=\"218\" height=\"291\" srcset=\"https:\/\/archers-haucourt.fr\/wordpress\/wp-content\/uploads\/2014\/11\/IMG_0509-225x300.jpg 225w, https:\/\/archers-haucourt.fr\/wordpress\/wp-content\/uploads\/2014\/11\/IMG_0509-768x1024.jpg 768w, https:\/\/archers-haucourt.fr\/wordpress\/wp-content\/uploads\/2014\/11\/IMG_0509-900x1200.jpg 900w\" sizes=\"auto, (max-width: 218px) 100vw, 218px\" \/><\/a><\/p>\n<p><span style=\"font-size: 12pt;\">En 2015 le dimanche 27 septembre :3\u00e8me concours c&#8217;est \u00e0 nouveau un succ\u00e8s carton plein 111 participants pour les organisateurs et satisfaction pour les participants apr\u00e8s avoir d\u00e9gust\u00e9 le jambon brais\u00e9 sauce moutarde et ses pommes de terre saut\u00e9es. <\/span><\/p>\n<p><span style=\"font-size: 12pt;\">4\u00e8me \u00e9dition : Le dimanche 25 septembre 2016 pour une carbonnade flamande !! avis aux amateurs&#8230;<br \/>\n<\/span><\/p>\n<p><a href=\"http:\/\/archers-longwy.fr\/wordpress\/wp-content\/uploads\/2014\/11\/annonce-Repu-25-09-2015.jpg\" rel=\"attachment wp-att-1756\"><img loading=\"lazy\" decoding=\"async\" class=\"alignnone size-medium wp-image-1756\" src=\"http:\/\/archers-longwy.fr\/wordpress\/wp-content\/uploads\/2014\/11\/annonce-Repu-25-09-2015-300x178.jpg\" alt=\"annonce Repu 25-09-2015\" width=\"300\" height=\"178\" srcset=\"https:\/\/archers-haucourt.fr\/wordpress\/wp-content\/uploads\/2014\/11\/annonce-Repu-25-09-2015-300x178.jpg 300w, https:\/\/archers-haucourt.fr\/wordpress\/wp-content\/uploads\/2014\/11\/annonce-Repu-25-09-2015.jpg 889w\" sizes=\"auto, (max-width: 300px) 100vw, 300px\" \/><\/a> <a href=\"http:\/\/archers-longwy.fr\/wordpress\/wp-content\/uploads\/2014\/11\/r\u00e9sultats-Repu-27-09-2015.jpg\" rel=\"attachment wp-att-1757\"><img loading=\"lazy\" decoding=\"async\" class=\"alignnone size-medium wp-image-1757\" src=\"http:\/\/archers-longwy.fr\/wordpress\/wp-content\/uploads\/2014\/11\/r\u00e9sultats-Repu-27-09-2015-300x175.jpg\" alt=\"r\u00e9sultats Repu 27-09-2015\" width=\"300\" height=\"175\" srcset=\"https:\/\/archers-haucourt.fr\/wordpress\/wp-content\/uploads\/2014\/11\/r\u00e9sultats-Repu-27-09-2015-300x175.jpg 300w, https:\/\/archers-haucourt.fr\/wordpress\/wp-content\/uploads\/2014\/11\/r\u00e9sultats-Repu-27-09-2015.jpg 885w\" sizes=\"auto, (max-width: 300px) 100vw, 300px\" \/><\/a><\/p>\n<p><span style=\"font-size: 12pt;\">5\u00e8me \u00e9dition : 24 septembre 2017\u00a0 au menu couscous<\/span><\/p>\n<p><a href=\"http:\/\/archers-longwy.fr\/wordpress\/\">retour \u00e0 l&#8217;accueil<\/a><\/p>\n","protected":false},"excerpt":{"rendered":"<p>Trouver l&#8217;endroit : Lieu des concours 3D de Moulaine Mandat tir 3D le 30-09-2018 R\u00e9sultats tir 3D du 30\/09\/2018 autres tirs du 30\/09\/2018 Les photos du concours du 30\/09\/2018 Voir toutes les autres photos :\u00a0Piwigo Mandat tir 3 D 29\/09\/2019 \u00a0 En 2013 le dimanche 29 septembre : 1er concours 3D dans le bois de [&hellip;]<\/p>\n","protected":false},"author":2,"featured_media":0,"parent":265,"menu_order":1,"comment_status":"closed","ping_status":"closed","template":"","meta":{"_bbp_topic_count":0,"_bbp_reply_count":0,"_bbp_total_topic_count":0,"_bbp_total_reply_count":0,"_bbp_voice_count":0,"_bbp_anonymous_reply_count":0,"_bbp_topic_count_hidden":0,"_bbp_reply_count_hidden":0,"_bbp_forum_subforum_count":0,"footnotes":""},"class_list":["post-1036","page","type-page","status-publish","hentry"],"jetpack_sharing_enabled":true,"_links":{"self":[{"href":"https:\/\/archers-haucourt.fr\/wordpress\/wp-json\/wp\/v2\/pages\/1036","targetHints":{"allow":["GET"]}}],"collection":[{"href":"https:\/\/archers-haucourt.fr\/wordpress\/wp-json\/wp\/v2\/pages"}],"about":[{"href":"https:\/\/archers-haucourt.fr\/wordpress\/wp-json\/wp\/v2\/types\/page"}],"author":[{"embeddable":true,"href":"https:\/\/archers-haucourt.fr\/wordpress\/wp-json\/wp\/v2\/users\/2"}],"replies":[{"embeddable":true,"href":"https:\/\/archers-haucourt.fr\/wordpress\/wp-json\/wp\/v2\/comments?post=1036"}],"version-history":[{"count":16,"href":"https:\/\/archers-haucourt.fr\/wordpress\/wp-json\/wp\/v2\/pages\/1036\/revisions"}],"predecessor-version":[{"id":3741,"href":"https:\/\/archers-haucourt.fr\/wordpress\/wp-json\/wp\/v2\/pages\/1036\/revisions\/3741"}],"up":[{"embeddable":true,"href":"https:\/\/archers-haucourt.fr\/wordpress\/wp-json\/wp\/v2\/pages\/265"}],"wp:attachment":[{"href":"https:\/\/archers-haucourt.fr\/wordpress\/wp-json\/wp\/v2\/media?parent=1036"}],"curies":[{"name":"wp","href":"https:\/\/api.w.org\/{rel}","templated":true}]}}