{"id":1184,"date":"2014-11-25T17:52:23","date_gmt":"2014-11-25T16:52:23","guid":{"rendered":"http:\/\/archers-longwy.fr\/wordpress\/?page_id=1184"},"modified":"2014-11-25T20:42:06","modified_gmt":"2014-11-25T19:42:06","slug":"le-tir-a-larc-historique","status":"publish","type":"page","link":"https:\/\/archers-haucourt.fr\/wordpress\/e-propos-du-tir-a-larc\/le-tir-a-larc-historique\/","title":{"rendered":"Le tir \u00e0 l&#8217;arc &#8211; historique"},"content":{"rendered":"<p><span style=\"font-family: Book Antiqua,Palatino; font-size: 12pt;\">Le saint patron des archers est\u00a0 Saint S\u00e9bastien, son histoire est sur le site du mus\u00e9e. ( il est \u00e9galement le patron des marchands de ferraille et des confr\u00e9ries de charit\u00e9 )<br \/>\n<\/span><\/p>\n<p><span style=\"font-family: Book Antiqua,Palatino; font-size: 12pt;\">Un mus\u00e9e sur le tir \u00e0 l&#8217;arc est ouvert \u00e0 Cr\u00e9py en valois et sera bient\u00f4t class\u00e9 \u00e0 l&#8217;Unesco ( en cours )<\/span><\/p>\n<p style=\"line-height: 150%;\"><strong><span style=\"font-size: 10.0pt; line-height: 150%; color: #1f497d;\">Mus\u00e9e de l&#8217;archerie et du Valois<\/span><\/strong><\/p>\n<p><span style=\"font-size: 10.0pt; color: #1f497d;\">Rue Gustave Chopinet <\/span><\/p>\n<p><span style=\"font-size: 10.0pt; color: #1f497d;\">60800 Cr\u00e9py-en-Valois<\/span><\/p>\n<p><span style=\"font-size: 10.0pt; color: #1f497d;\">T\u00e9l : 03.44.59.21.97<\/span><\/p>\n<p><span style=\"font-size: 10.0pt; color: #1f497d;\"><a href=\"http:\/\/www.musee-archerie-valois.fr\">Site <span style=\"text-decoration: underline;\"><strong>: www.musee-archerie-valois.fr<\/strong><\/span><\/a><\/span><\/p>\n<p><a href=\"http:\/\/archers-longwy.fr\/wordpress\/wp-content\/uploads\/2014\/11\/mus\u00e9e-cr\u00e9py-Logo.jpg\" rel=\"attachment wp-att-1185\"><img loading=\"lazy\" decoding=\"async\" class=\"alignnone size-full wp-image-1185\" src=\"http:\/\/archers-longwy.fr\/wordpress\/wp-content\/uploads\/2014\/11\/mus\u00e9e-cr\u00e9py-Logo.jpg\" alt=\"mus\u00e9e cr\u00e9py Logo\" width=\"158\" height=\"105\" \/><\/a><\/p>\n<p><a title=\"Accueil\" href=\"http:\/\/archers-longwy.fr\/wordpress\/\"><span style=\"text-decoration: underline;\"><strong>\u00a0Retour \u00e0 l&#8217;accueil<\/strong><\/span><\/a><\/p>\n","protected":false},"excerpt":{"rendered":"<p>Le saint patron des archers est\u00a0 Saint S\u00e9bastien, son histoire est sur le site du mus\u00e9e. ( il est \u00e9galement le patron des marchands de ferraille et des confr\u00e9ries de charit\u00e9 ) Un mus\u00e9e sur le tir \u00e0 l&#8217;arc est ouvert \u00e0 Cr\u00e9py en valois et sera bient\u00f4t class\u00e9 \u00e0 l&#8217;Unesco ( en cours ) [&hellip;]<\/p>\n","protected":false},"author":2,"featured_media":0,"parent":477,"menu_order":0,"comment_status":"open","ping_status":"closed","template":"","meta":{"_bbp_topic_count":0,"_bbp_reply_count":0,"_bbp_total_topic_count":0,"_bbp_total_reply_count":0,"_bbp_voice_count":0,"_bbp_anonymous_reply_count":0,"_bbp_topic_count_hidden":0,"_bbp_reply_count_hidden":0,"_bbp_forum_subforum_count":0,"footnotes":""},"class_list":["post-1184","page","type-page","status-publish","hentry"],"jetpack_sharing_enabled":true,"_links":{"self":[{"href":"https:\/\/archers-haucourt.fr\/wordpress\/wp-json\/wp\/v2\/pages\/1184","targetHints":{"allow":["GET"]}}],"collection":[{"href":"https:\/\/archers-haucourt.fr\/wordpress\/wp-json\/wp\/v2\/pages"}],"about":[{"href":"https:\/\/archers-haucourt.fr\/wordpress\/wp-json\/wp\/v2\/types\/page"}],"author":[{"embeddable":true,"href":"https:\/\/archers-haucourt.fr\/wordpress\/wp-json\/wp\/v2\/users\/2"}],"replies":[{"embeddable":true,"href":"https:\/\/archers-haucourt.fr\/wordpress\/wp-json\/wp\/v2\/comments?post=1184"}],"version-history":[{"count":6,"href":"https:\/\/archers-haucourt.fr\/wordpress\/wp-json\/wp\/v2\/pages\/1184\/revisions"}],"predecessor-version":[{"id":1191,"href":"https:\/\/archers-haucourt.fr\/wordpress\/wp-json\/wp\/v2\/pages\/1184\/revisions\/1191"}],"up":[{"embeddable":true,"href":"https:\/\/archers-haucourt.fr\/wordpress\/wp-json\/wp\/v2\/pages\/477"}],"wp:attachment":[{"href":"https:\/\/archers-haucourt.fr\/wordpress\/wp-json\/wp\/v2\/media?parent=1184"}],"curies":[{"name":"wp","href":"https:\/\/api.w.org\/{rel}","templated":true}]}}