{"id":1520,"date":"2015-05-17T12:31:17","date_gmt":"2015-05-17T11:31:17","guid":{"rendered":"http:\/\/archers-longwy.fr\/wordpress\/?page_id=1520"},"modified":"2019-08-17T17:13:47","modified_gmt":"2019-08-17T15:13:47","slug":"les-differents-passages-de-niveaux-fleches-ffta","status":"publish","type":"page","link":"https:\/\/archers-haucourt.fr\/wordpress\/lecole-de-tir\/les-differents-passages-de-niveaux-fleches-ffta\/","title":{"rendered":"Les diff\u00e9rents passages de niveaux &#8211; &#8220;Fl\u00e8ches FFTA&#8221;"},"content":{"rendered":"<p>Les progr\u00e8s en tir \u00e0 l&#8217;arc sont sanctionn\u00e9s par le passage de niveaux trimestriels et r\u00e9compens\u00e9s par l&#8217;octroi de &#8220;Fl\u00e8ches FFTA&#8221; offertes par le club \u00e0 nos licenci\u00e9s.<\/p>\n<p>Depuis le 01 septembre 2016 suivant la nouvelle r\u00e9glementation l&#8217;octroi des fl\u00e8ches est modifi\u00e9 et passe de 18 \u00e0 36 fl\u00e8ches, les r\u00e9sultats passent de 140 \u00e0 280 points&#8230;<\/p>\n<h3>Les r\u00e9compenses et grades : passage des &#8220;fl\u00e8ches&#8221; r\u00e8glement\u00e9es par la FFTA<\/h3>\n<p>Les fl\u00e8ches sont destin\u00e9es \u00e0 toutes les cat\u00e9gories de tireurs d&#8217;au moins douze ans, sur tout type d&#8217;arc.<\/p>\n\n<table id=\"tablepress-17\" class=\"tablepress tablepress-id-17\">\n<thead>\n<tr class=\"row-1 odd\">\n\t<th class=\"column-1\">-<\/th><th class=\"column-2\">Couleur<\/th><th class=\"column-3\">Distance de tir FFTA<\/th><th class=\"column-4\">Nombre de fl\u00e8ches<\/th><th class=\"column-5\">Points FFTA<\/th><th class=\"column-6\">Diam\u00e8tre cible<\/th>\n<\/tr>\n<\/thead>\n<tbody class=\"row-hover\">\n<tr class=\"row-2 even\">\n\t<td class=\"column-1\">Couleur<\/td><td class=\"column-2\">Blanche<\/td><td class=\"column-3\">10\u00a0m<\/td><td class=\"column-4\">6 vol\u00e9es de 6 fl\u00e8ches<\/td><td class=\"column-5\">280<\/td><td class=\"column-6\">80\u00a0cm<\/td>\n<\/tr>\n<tr class=\"row-3 odd\">\n\t<td class=\"column-1\"><\/td><td class=\"column-2\">Noire<\/td><td class=\"column-3\">15\u00a0m<\/td><td class=\"column-4\">6 vol\u00e9es de 6 fl\u00e8ches<\/td><td class=\"column-5\">280<\/td><td class=\"column-6\">80\u00a0cm<\/td>\n<\/tr>\n<tr class=\"row-4 even\">\n\t<td class=\"column-1\"><\/td><td class=\"column-2\">Bleue<\/td><td class=\"column-3\">20\u00a0m<\/td><td class=\"column-4\">6 vol\u00e9es de 6 fl\u00e8ches<\/td><td class=\"column-5\">280<\/td><td class=\"column-6\">80\u00a0cm<\/td>\n<\/tr>\n<tr class=\"row-5 odd\">\n\t<td class=\"column-1\"><\/td><td class=\"column-2\">Rouge<\/td><td class=\"column-3\">25\u00a0m<\/td><td class=\"column-4\">6 vol\u00e9es de 6 fl\u00e8ches<\/td><td class=\"column-5\">280<\/td><td class=\"column-6\">80\u00a0cm<\/td>\n<\/tr>\n<tr class=\"row-6 even\">\n\t<td class=\"column-1\"><\/td><td class=\"column-2\">Jaune<\/td><td class=\"column-3\">30\u00a0m<\/td><td class=\"column-4\">6 vol\u00e9es de 6 fl\u00e8ches<\/td><td class=\"column-5\">280<\/td><td class=\"column-6\">80\u00a0cm<\/td>\n<\/tr>\n<tr class=\"row-7 odd\">\n\t<td class=\"column-1\">arc classique<\/td><td class=\"column-2\">Bronze<\/td><td class=\"column-3\">30\u00a0m<\/td><td class=\"column-4\">6 vol\u00e9es de 6 fl\u00e8ches<\/td><td class=\"column-5\"><\/td><td class=\"column-6\">122\u00a0cm<\/td>\n<\/tr>\n<tr class=\"row-8 even\">\n\t<td class=\"column-1\"><\/td><td class=\"column-2\">Argent<\/td><td class=\"column-3\">50\u00a0m<\/td><td class=\"column-4\">6 vol\u00e9es de 6 fl\u00e8ches<\/td><td class=\"column-5\"><\/td><td class=\"column-6\">122\u00a0cm<\/td>\n<\/tr>\n<tr class=\"row-9 odd\">\n\t<td class=\"column-1\"><\/td><td class=\"column-2\">Or<\/td><td class=\"column-3\">70\u00a0m<\/td><td class=\"column-4\">6 vol\u00e9es de 6 fl\u00e8ches<\/td><td class=\"column-5\"><\/td><td class=\"column-6\">122\u00a0cm<\/td>\n<\/tr>\n<tr class=\"row-10 even\">\n\t<td class=\"column-1\">arcs \u00e0 poulies<\/td><td class=\"column-2\">Bronze<\/td><td class=\"column-3\">30 m<\/td><td class=\"column-4\">6 vol\u00e9es de 6 fl\u00e8ches<\/td><td class=\"column-5\"><\/td><td class=\"column-6\"><\/td>\n<\/tr>\n<tr class=\"row-11 odd\">\n\t<td class=\"column-1\"><\/td><td class=\"column-2\">Argent<\/td><td class=\"column-3\">50 m<\/td><td class=\"column-4\">6 vol\u00e9es de 6 fl\u00e8ches<\/td><td class=\"column-5\"><\/td><td class=\"column-6\"><\/td>\n<\/tr>\n<tr class=\"row-12 even\">\n\t<td class=\"column-1\"><\/td><td class=\"column-2\">Or<\/td><td class=\"column-3\">70 m<\/td><td class=\"column-4\">6 vol\u00e9es de 6 fl\u00e8ches<\/td><td class=\"column-5\"><\/td><td class=\"column-6\"><\/td>\n<\/tr>\n<\/tbody>\n<tfoot>\n<tr class=\"row-13 odd\">\n\t<th class=\"column-1\"><\/th><th class=\"column-2\"><\/th><th class=\"column-3\"><\/th><th class=\"column-4\"><\/th><th class=\"column-5\"><\/th><th class=\"column-6\"><\/th>\n<\/tr>\n<\/tfoot>\n<\/table>\n<!-- #tablepress-17 from cache -->\n\n\n<p><a href=\"http:\/\/archers-longwy.fr\/wordpress\/\"><strong>Accueil<\/strong><\/a><\/p>\n","protected":false},"excerpt":{"rendered":"<p>Les progr\u00e8s en tir \u00e0 l&#8217;arc sont sanctionn\u00e9s par le passage de niveaux trimestriels et r\u00e9compens\u00e9s par l&#8217;octroi de &#8220;Fl\u00e8ches FFTA&#8221; offertes par le club \u00e0 nos licenci\u00e9s. Depuis le 01 septembre 2016 suivant la nouvelle r\u00e9glementation l&#8217;octroi des fl\u00e8ches est modifi\u00e9 et passe de 18 \u00e0 36 fl\u00e8ches, les r\u00e9sultats passent de 140 \u00e0 [&hellip;]<\/p>\n","protected":false},"author":2,"featured_media":0,"parent":194,"menu_order":6,"comment_status":"open","ping_status":"closed","template":"","meta":{"_bbp_topic_count":0,"_bbp_reply_count":0,"_bbp_total_topic_count":0,"_bbp_total_reply_count":0,"_bbp_voice_count":0,"_bbp_anonymous_reply_count":0,"_bbp_topic_count_hidden":0,"_bbp_reply_count_hidden":0,"_bbp_forum_subforum_count":0,"footnotes":""},"class_list":["post-1520","page","type-page","status-publish","hentry"],"jetpack_sharing_enabled":true,"_links":{"self":[{"href":"https:\/\/archers-haucourt.fr\/wordpress\/wp-json\/wp\/v2\/pages\/1520","targetHints":{"allow":["GET"]}}],"collection":[{"href":"https:\/\/archers-haucourt.fr\/wordpress\/wp-json\/wp\/v2\/pages"}],"about":[{"href":"https:\/\/archers-haucourt.fr\/wordpress\/wp-json\/wp\/v2\/types\/page"}],"author":[{"embeddable":true,"href":"https:\/\/archers-haucourt.fr\/wordpress\/wp-json\/wp\/v2\/users\/2"}],"replies":[{"embeddable":true,"href":"https:\/\/archers-haucourt.fr\/wordpress\/wp-json\/wp\/v2\/comments?post=1520"}],"version-history":[{"count":4,"href":"https:\/\/archers-haucourt.fr\/wordpress\/wp-json\/wp\/v2\/pages\/1520\/revisions"}],"predecessor-version":[{"id":3739,"href":"https:\/\/archers-haucourt.fr\/wordpress\/wp-json\/wp\/v2\/pages\/1520\/revisions\/3739"}],"up":[{"embeddable":true,"href":"https:\/\/archers-haucourt.fr\/wordpress\/wp-json\/wp\/v2\/pages\/194"}],"wp:attachment":[{"href":"https:\/\/archers-haucourt.fr\/wordpress\/wp-json\/wp\/v2\/media?parent=1520"}],"curies":[{"name":"wp","href":"https:\/\/api.w.org\/{rel}","templated":true}]}}