{"id":1666,"date":"2015-06-25T13:24:06","date_gmt":"2015-06-25T11:24:06","guid":{"rendered":"http:\/\/archers-longwy.fr\/wordpress\/?page_id=1666"},"modified":"2016-11-02T19:01:54","modified_gmt":"2016-11-02T17:01:54","slug":"le-tir-a-larc-et-internet","status":"publish","type":"page","link":"https:\/\/archers-haucourt.fr\/wordpress\/le-tir-a-larc-et-internet\/","title":{"rendered":"Le tir \u00e0 l&#8217;arc sur Web-magasins"},"content":{"rendered":"<p><span style=\"text-decoration: underline;\"><strong><a href=\"http:\/\/archers-longwy.fr\/wordpress\/le-tir-a-larc-et-internet\/liens-internet\/\" target=\"_blank\">Les magasins et diff\u00e9rents liens sur le tir \u00e0 l&#8217;arc : exploits vid\u00e9os, liens utiles etc..<\/a><\/strong><\/span><\/p>\n","protected":false},"excerpt":{"rendered":"<p>Les magasins et diff\u00e9rents liens sur le tir \u00e0 l&#8217;arc : exploits vid\u00e9os, liens utiles etc..<\/p>\n","protected":false},"author":2,"featured_media":0,"parent":0,"menu_order":7,"comment_status":"open","ping_status":"closed","template":"","meta":{"_bbp_topic_count":0,"_bbp_reply_count":0,"_bbp_total_topic_count":0,"_bbp_total_reply_count":0,"_bbp_voice_count":0,"_bbp_anonymous_reply_count":0,"_bbp_topic_count_hidden":0,"_bbp_reply_count_hidden":0,"_bbp_forum_subforum_count":0,"footnotes":""},"class_list":["post-1666","page","type-page","status-publish","hentry"],"jetpack_sharing_enabled":true,"_links":{"self":[{"href":"https:\/\/archers-haucourt.fr\/wordpress\/wp-json\/wp\/v2\/pages\/1666","targetHints":{"allow":["GET"]}}],"collection":[{"href":"https:\/\/archers-haucourt.fr\/wordpress\/wp-json\/wp\/v2\/pages"}],"about":[{"href":"https:\/\/archers-haucourt.fr\/wordpress\/wp-json\/wp\/v2\/types\/page"}],"author":[{"embeddable":true,"href":"https:\/\/archers-haucourt.fr\/wordpress\/wp-json\/wp\/v2\/users\/2"}],"replies":[{"embeddable":true,"href":"https:\/\/archers-haucourt.fr\/wordpress\/wp-json\/wp\/v2\/comments?post=1666"}],"version-history":[{"count":7,"href":"https:\/\/archers-haucourt.fr\/wordpress\/wp-json\/wp\/v2\/pages\/1666\/revisions"}],"predecessor-version":[{"id":2543,"href":"https:\/\/archers-haucourt.fr\/wordpress\/wp-json\/wp\/v2\/pages\/1666\/revisions\/2543"}],"wp:attachment":[{"href":"https:\/\/archers-haucourt.fr\/wordpress\/wp-json\/wp\/v2\/media?parent=1666"}],"curies":[{"name":"wp","href":"https:\/\/api.w.org\/{rel}","templated":true}]}}