{"id":183,"date":"2014-10-29T09:47:41","date_gmt":"2014-10-29T08:47:41","guid":{"rendered":"http:\/\/archers-longwy.fr\/wordpress\/?page_id=183"},"modified":"2021-05-17T13:16:54","modified_gmt":"2021-05-17T11:16:54","slug":"le-mot-de-lentraineur","status":"publish","type":"page","link":"https:\/\/archers-haucourt.fr\/wordpress\/lecole-de-tir\/le-mot-de-lentraineur\/","title":{"rendered":"Le mot de l&#8217;entra\u00eeneur"},"content":{"rendered":"<p><a href=\"http:\/\/archers-longwy.fr\/wordpress\/wp-content\/uploads\/2014\/11\/mot-de-lentraineur-photo.jpg\" rel=\"attachment wp-att-629\"><img loading=\"lazy\" decoding=\"async\" class=\"alignnone wp-image-629 size-thumbnail\" src=\"http:\/\/archers-longwy.fr\/wordpress\/wp-content\/uploads\/2014\/11\/mot-de-lentraineur-photo-150x150.jpg\" alt=\"mot de l'entraineur -photo\" width=\"150\" height=\"150\" \/><\/a><\/p>\n<p><strong><span style=\"font-size: 14pt; font-family: Times New Roman,Times;\">A toutes et tous je vous salue,<\/span><\/strong><\/p>\n<p><span style=\"font-size: 12pt; font-family: Times New Roman,Times;\">Suivant votre choix, le tir \u00e0 l&#8217;arc est tout ou partie \u00e0 la fois : un loisir, un sport, une discipline.<\/span><\/p>\n<p><span style=\"font-size: 12pt; font-family: Times New Roman,Times;\">C&#8217;est avant tout la d\u00e9couverte de soi en franchissant les limites de votre possible.<\/span><\/p>\n<p><span style=\"font-size: 12pt; font-family: Times New Roman,Times;\">En individuel ou en \u00e9quipe, en ext\u00e9rieur comme en salle vous saurez trouver quel tir \u00e0 l&#8217;arc vous pla\u00eet, et vous donne envie d&#8217;aller plus loin.<\/span><\/p>\n<p><span style=\"font-size: 12pt; font-family: Times New Roman,Times;\">A savoir que le premier outil de l&#8217;archer ce n&#8217;est pas le mat\u00e9riel, mais lui m\u00eame.<\/span><\/p>\n<p><span style=\"font-size: 12pt; font-family: Times New Roman,Times;\">Sans une bonne pr\u00e9paration il n&#8217;y a pas de progr\u00e8s remarquable.<\/span><\/p>\n<p><strong><span style=\"font-family: Times New Roman,Times; font-size: 14pt;\">Pourquoi le tir \u00e0 l&#8217;arc ?<\/span><\/strong><\/p>\n<p><span style=\"font-family: Times New Roman,Times; font-size: 12pt;\"><strong>Se d\u00e9couvrir sous plusieurs dimensions :<\/strong> <\/span><\/p>\n<p><span style=\"font-family: Times New Roman,Times; font-size: 12pt;\"><strong>Corporelle :<\/strong> Connaissance de l&#8217;\u00e9quilibre et de la stabilit\u00e9, coordination des gestes.<\/span><\/p>\n<p><span style=\"font-family: Times New Roman,Times; font-size: 12pt;\"><strong>Cognitive :<\/strong> acquisition de rep\u00e8res visuels, orientation du tir, acquisition de strat\u00e9gie pour organiser ses actions, prise de conscience \/ automatisation des gestes, <\/span><\/p>\n<p><span style=\"font-family: Times New Roman,Times; font-size: 12pt;\"><strong>Affective : <\/strong>prise de confiance en soi, \u00eatre \u00e0 l&#8217;\u00e9coute des autres, recherche du calme et du plaisir par l&#8217;am\u00e9lioration de ses r\u00e9sultats<\/span><\/p>\n<p><span style=\"font-family: Times New Roman,Times; font-size: 12pt;\"><strong>Citoyenne :\u00a0<\/strong>respect des consignes de s\u00e9curit\u00e9, respect des autres et du mat\u00e9riel, respect de l&#8217;environnement, sociabilisation.<br \/>\n<\/span><\/p>\n<p><span style=\"font-size: 12pt; font-family: Times New Roman,Times;\">C&#8217;est toujours un moment privil\u00e9gi\u00e9 que de partager sa passion avec d&#8217;autres, c&#8217;est pourquoi j&#8217;ai choisi d&#8217;\u00eatre entra\u00eeneur de Club et vous guider depuis vos premi\u00e8res fl\u00e8ches.<\/span><\/p>\n<p><span style=\"font-size: 12pt; font-family: Times New Roman,Times;\">Mais vous jusqu&#8217;o\u00f9 irez vous ?.<\/span><\/p>\n<p><span style=\"font-size: 12pt; font-family: Times New Roman,Times;\">A bient\u00f4t,<\/span><\/p>\n<p><span style=\"font-size: 12pt; font-family: Times New Roman,Times;\">Fran\u00e7ois<\/span><\/p>\n<p><a href=\"http:\/\/archers-longwy.fr\/wordpress\/\"><span style=\"text-decoration: underline;\"><strong>retour \u00e0 l&#8217;accueil<\/strong><\/span><\/a><\/p>\n","protected":false},"excerpt":{"rendered":"<p>A toutes et tous je vous salue, Suivant votre choix, le tir \u00e0 l&#8217;arc est tout ou partie \u00e0 la fois : un loisir, un sport, une discipline. C&#8217;est avant tout la d\u00e9couverte de soi en franchissant les limites de votre possible. En individuel ou en \u00e9quipe, en ext\u00e9rieur comme en salle vous saurez trouver [&hellip;]<\/p>\n","protected":false},"author":2,"featured_media":0,"parent":194,"menu_order":1,"comment_status":"closed","ping_status":"closed","template":"","meta":{"_bbp_topic_count":0,"_bbp_reply_count":0,"_bbp_total_topic_count":0,"_bbp_total_reply_count":0,"_bbp_voice_count":0,"_bbp_anonymous_reply_count":0,"_bbp_topic_count_hidden":0,"_bbp_reply_count_hidden":0,"_bbp_forum_subforum_count":0,"footnotes":""},"class_list":["post-183","page","type-page","status-publish","hentry"],"jetpack_sharing_enabled":true,"_links":{"self":[{"href":"https:\/\/archers-haucourt.fr\/wordpress\/wp-json\/wp\/v2\/pages\/183","targetHints":{"allow":["GET"]}}],"collection":[{"href":"https:\/\/archers-haucourt.fr\/wordpress\/wp-json\/wp\/v2\/pages"}],"about":[{"href":"https:\/\/archers-haucourt.fr\/wordpress\/wp-json\/wp\/v2\/types\/page"}],"author":[{"embeddable":true,"href":"https:\/\/archers-haucourt.fr\/wordpress\/wp-json\/wp\/v2\/users\/2"}],"replies":[{"embeddable":true,"href":"https:\/\/archers-haucourt.fr\/wordpress\/wp-json\/wp\/v2\/comments?post=183"}],"version-history":[{"count":8,"href":"https:\/\/archers-haucourt.fr\/wordpress\/wp-json\/wp\/v2\/pages\/183\/revisions"}],"predecessor-version":[{"id":4595,"href":"https:\/\/archers-haucourt.fr\/wordpress\/wp-json\/wp\/v2\/pages\/183\/revisions\/4595"}],"up":[{"embeddable":true,"href":"https:\/\/archers-haucourt.fr\/wordpress\/wp-json\/wp\/v2\/pages\/194"}],"wp:attachment":[{"href":"https:\/\/archers-haucourt.fr\/wordpress\/wp-json\/wp\/v2\/media?parent=183"}],"curies":[{"name":"wp","href":"https:\/\/api.w.org\/{rel}","templated":true}]}}