{"id":189,"date":"2014-10-29T09:50:54","date_gmt":"2014-10-29T08:50:54","guid":{"rendered":"http:\/\/archers-longwy.fr\/wordpress\/?page_id=189"},"modified":"2025-09-08T17:36:00","modified_gmt":"2025-09-08T15:36:00","slug":"cours","status":"publish","type":"page","link":"https:\/\/archers-haucourt.fr\/wordpress\/lecole-de-tir\/cours\/","title":{"rendered":"Cours :  horaires et lieux"},"content":{"rendered":"\n<h2 class=\"wp-block-heading\">Horaires des cours<\/h2>\n\n\n\n<p><span style=\"font-family: Times New Roman,Times; font-size: 12pt;\">Les entra\u00eenements et apprentissages ont lieu&nbsp;<span style=\"font-size: 14pt;\"><strong>du mercredi 03 Septembre au mercredi 24 Juin ces 2 dates incluses <\/strong><\/span><\/span><\/p>\n\n\n\n<p><span style=\"font-family: Times New Roman,Times; font-size: 12pt;\"><span style=\"text-decoration: underline;\"><span style=\"font-size: 14pt;\"><strong>les Mercredis apr\u00e8s midi<\/strong><\/span><\/span> avec Jos\u00e9 ou Fran\u00e7ois, entra\u00eeneurs FFTA.<\/span><\/p>\n\n\n\n<p><span style=\"font-family: Times New Roman,Times; font-size: 12pt;\"><span style=\"font-family: Arial; font-size: small;\"><strong>Accueil des archers : venir 10 \u00e0 15 min. avant le d\u00e9but de la s\u00e9ance<\/strong><\/span><\/span> pour choisir le mat\u00e9riel et remplir les papiers<\/p>\n\n\n\n<p><span style=\"text-decoration: underline;\">avec Fran\u00e7ois entra\u00eeneur ;<\/span><\/p>\n\n\n\n<p>de <strong>14H \u00e0 15H<\/strong> 1\u00e8re s\u00e9ance entra\u00eenement <strong>r\u00e9serv\u00e9e exclusivement aux d\u00e9butants<\/strong><\/p>\n\n\n\n<p><span style=\"text-decoration: underline;\">avec Jos\u00e9 entra\u00eeneur :<\/span><\/p>\n\n\n\n<p><strong>15H15 \u00e0 16H15<\/strong>  entra\u00eenement des <strong>archers confirm\u00e9s<\/strong><\/p>\n\n\n\n<p><strong>16H15 \u00e0 16H50<\/strong> entretien mat\u00e9riel et r\u00e9glementations.<\/p>\n\n\n\n<p>\u00c9tant donn\u00e9 le peu de participants <strong>pendant les <span style=\"text-decoration: underline;\">petites<\/span> vacances scolaires un seul groupe les mercredis <\/strong><\/p>\n\n\n\n<p><\/p>\n\n\n\n<p><strong>Lorsque la m\u00e9t\u00e9o est favorable les tirs ont lieu en ext\u00e9rieur soit \u00e0 Moulaine, il n&#8217;y a alors qu&#8217;un seul groupe, les horaires sont modifi\u00e9s votre entra\u00eeneur contactera ceux qui se seront inscrits .<\/strong><\/p>\n\n\n\n<p><span style=\"font-family: Times New Roman,Times; font-size: 12pt;\">Les autres s\u00e9ances du soir sont adress\u00e9es aux tireurs confirm\u00e9s, toute l&#8217;ann\u00e9e.<\/span><\/p>\n\n\n\n<p>Les AEIM (Handicap\u00e9s) l&#8217;entra\u00eenement a lieu le lundi de 17H15 \u00e0 18H20 car ensuite il y a le volley.<\/p>\n\n\n\n<p><span style=\"font-family: Times New Roman,Times; font-size: 12pt;\">Inscriptions\/renseignements sur place aux heures d&#8217;entra\u00eenement ou secretaire@archers-haucourt.fr<\/span><\/p>\n\n\n\n<p><strong><span style=\"color: #ff0000;\">Entra\u00eenements libres les lundis ( 15h30 \u00e0 16h45 ) mercredis ( 20H30 \u00e0 22h ) et vendredis (16h \u00e0 18h30)<\/span><\/strong> sauf Moulaine qui reste accessible aux archers confirm\u00e9s, avec pr\u00e9sence d&#8217;un adulte, toute la journ\u00e9e ( quand il fait sec !)<\/p>\n\n\n\n<p>Je n&#8217;arrive pas \u00e0 m&#8217;inscrire \u00e0 une s\u00e9ance = je contacte <span style=\"text-decoration: underline;\"><strong>avant le mardi soir pr\u00e9c\u00e9dant,<\/strong><\/span> Jos\u00e9 (&nbsp; joseph.myrteza@free.fr) ou Fran\u00e7ois ( secretaire@archers-haucourt.fr)<\/p>\n\n\n\n<h2 class=\"wp-block-heading\">La salle est 34, rue de la Garonne \u00e0 Haucourt St Charles 54860 c&#8217;est indiqu\u00e9 : panneaux salle des sports <span style=\"font-size: 10pt;\">( ou cliquez )<\/span>: <a href=\"http:\/\/archers-longwy.fr\/wordpress\/wp-content\/uploads\/2021\/05\/plan-de-situation-map.jpg\" target=\"_blank\" rel=\"noopener\">http:\/\/archers-longwy.fr\/wordpress\/wp-content\/uploads\/2021\/05\/plan-de-situation-map.jpg<\/a><\/h2>\n\n\n\n<p><a href=\"http:\/\/archers-longwy.fr\/wordpress\/le-club\/accueil\/\">Accueil<\/a><\/p>\n","protected":false},"excerpt":{"rendered":"<p>Horaires des cours Les entra\u00eenements et apprentissages ont lieu&nbsp;du mercredi 03 Septembre au mercredi 24 Juin ces 2 dates incluses les Mercredis apr\u00e8s midi avec Jos\u00e9 ou Fran\u00e7ois, entra\u00eeneurs FFTA. Accueil des archers : venir 10 \u00e0 15 min. avant le d\u00e9but de la s\u00e9ance pour choisir le mat\u00e9riel et remplir les papiers avec Fran\u00e7ois [&hellip;]<\/p>\n","protected":false},"author":2,"featured_media":0,"parent":194,"menu_order":2,"comment_status":"closed","ping_status":"closed","template":"","meta":{"_bbp_topic_count":0,"_bbp_reply_count":0,"_bbp_total_topic_count":0,"_bbp_total_reply_count":0,"_bbp_voice_count":0,"_bbp_anonymous_reply_count":0,"_bbp_topic_count_hidden":0,"_bbp_reply_count_hidden":0,"_bbp_forum_subforum_count":0,"footnotes":""},"class_list":["post-189","page","type-page","status-publish","hentry"],"jetpack_sharing_enabled":true,"_links":{"self":[{"href":"https:\/\/archers-haucourt.fr\/wordpress\/wp-json\/wp\/v2\/pages\/189","targetHints":{"allow":["GET"]}}],"collection":[{"href":"https:\/\/archers-haucourt.fr\/wordpress\/wp-json\/wp\/v2\/pages"}],"about":[{"href":"https:\/\/archers-haucourt.fr\/wordpress\/wp-json\/wp\/v2\/types\/page"}],"author":[{"embeddable":true,"href":"https:\/\/archers-haucourt.fr\/wordpress\/wp-json\/wp\/v2\/users\/2"}],"replies":[{"embeddable":true,"href":"https:\/\/archers-haucourt.fr\/wordpress\/wp-json\/wp\/v2\/comments?post=189"}],"version-history":[{"count":70,"href":"https:\/\/archers-haucourt.fr\/wordpress\/wp-json\/wp\/v2\/pages\/189\/revisions"}],"predecessor-version":[{"id":6870,"href":"https:\/\/archers-haucourt.fr\/wordpress\/wp-json\/wp\/v2\/pages\/189\/revisions\/6870"}],"up":[{"embeddable":true,"href":"https:\/\/archers-haucourt.fr\/wordpress\/wp-json\/wp\/v2\/pages\/194"}],"wp:attachment":[{"href":"https:\/\/archers-haucourt.fr\/wordpress\/wp-json\/wp\/v2\/media?parent=189"}],"curies":[{"name":"wp","href":"https:\/\/api.w.org\/{rel}","templated":true}]}}