{"id":194,"date":"2014-10-29T09:53:43","date_gmt":"2014-10-29T08:53:43","guid":{"rendered":"http:\/\/archers-longwy.fr\/wordpress\/?page_id=194"},"modified":"2025-09-05T23:26:24","modified_gmt":"2025-09-05T21:26:24","slug":"lecole-de-tir","status":"publish","type":"page","link":"https:\/\/archers-haucourt.fr\/wordpress\/lecole-de-tir\/","title":{"rendered":"L&#8217;\u00e9cole de tir"},"content":{"rendered":"\n<h1 class=\"wp-block-heading\">L&#8217;\u00e9cole de tir, de septembre 2024 \u00e0 juin 2025<\/h1>\n\n\n\n<h1 class=\"wp-block-heading\">salle de sports rue de la Garonne St Charles<\/h1>\n\n\n\n<h1 class=\"wp-block-heading\"><span style=\"font-size: 18pt;\">54860 HAUCOURT-MOULAINE<\/span><\/h1>\n\n\n\n<p><strong>Apprentissage du tir les mercredis apr\u00e8s midi :<\/strong><\/p>\n\n\n\n<ul class=\"wp-block-list\">\n<li><strong>avec Jos\u00e9 : 16H \u00e0 17H d\u00e9butants, ensuite les confirm\u00e9s<\/strong><\/li>\n\n\n\n<li><strong>ou avec Fran\u00e7ois 18H \u00e0 19H d\u00e9butants ensuite les confirm\u00e9s<\/strong><\/li>\n\n\n\n<li>entra\u00eeneurs dipl\u00f4m\u00e9s FFTA<\/li>\n<\/ul>\n\n\n\n<p><strong>( venir 10 min. avant la s\u00e9ance pour s&#8217;\u00e9quiper )<\/strong><\/p>\n\n\n\n<p><span style=\"text-decoration: underline;\"><strong>Les mercredis soirs : entra\u00eenements en s\u00e9ance libre de 20H30 \u00e0 22H<\/strong><\/span><\/p>\n\n\n\n<p>Les lundis de 15h30 \u00e0 16h30 entra\u00eenement en s\u00e9ance libre, ensuite personnes en situation de handicap de17h00 et jusqu&#8217;\u00e0 18h10<\/p>\n\n\n\n<p>Les vendredis : entra\u00eenement en s\u00e9ance libre de 17H \u00e0 18H<\/p>\n\n\n\n<p><\/p>\n\n\n\n<p>A partir de 10 ans ou 1.30m, droitier ou gaucher nous avons tout le mat\u00e9riel n\u00e9cessaire pour l&#8217;apprentissage.<\/p>\n\n\n\n<p>Pour pratiquer il est conseill\u00e9 de porter des v\u00eatements ajust\u00e9s rien de &#8220;flottant qui pourrait g\u00eaner le tir, la salle est chauff\u00e9e. Teeshirt, jean, baskets c&#8217;est OK.<\/p>\n\n\n\n<p><strong>&nbsp;<\/strong><\/p>\n","protected":false},"excerpt":{"rendered":"<p>L&#8217;\u00e9cole de tir, de septembre 2024 \u00e0 juin 2025 salle de sports rue de la Garonne St Charles 54860 HAUCOURT-MOULAINE Apprentissage du tir les mercredis apr\u00e8s midi : ( venir 10 min. avant la s\u00e9ance pour s&#8217;\u00e9quiper ) Les mercredis soirs : entra\u00eenements en s\u00e9ance libre de 20H30 \u00e0 22H Les lundis de 15h30 \u00e0 [&hellip;]<\/p>\n","protected":false},"author":2,"featured_media":0,"parent":0,"menu_order":2,"comment_status":"closed","ping_status":"closed","template":"","meta":{"_bbp_topic_count":0,"_bbp_reply_count":0,"_bbp_total_topic_count":0,"_bbp_total_reply_count":0,"_bbp_voice_count":0,"_bbp_anonymous_reply_count":0,"_bbp_topic_count_hidden":0,"_bbp_reply_count_hidden":0,"_bbp_forum_subforum_count":0,"footnotes":""},"class_list":["post-194","page","type-page","status-publish","hentry"],"jetpack_sharing_enabled":true,"_links":{"self":[{"href":"https:\/\/archers-haucourt.fr\/wordpress\/wp-json\/wp\/v2\/pages\/194","targetHints":{"allow":["GET"]}}],"collection":[{"href":"https:\/\/archers-haucourt.fr\/wordpress\/wp-json\/wp\/v2\/pages"}],"about":[{"href":"https:\/\/archers-haucourt.fr\/wordpress\/wp-json\/wp\/v2\/types\/page"}],"author":[{"embeddable":true,"href":"https:\/\/archers-haucourt.fr\/wordpress\/wp-json\/wp\/v2\/users\/2"}],"replies":[{"embeddable":true,"href":"https:\/\/archers-haucourt.fr\/wordpress\/wp-json\/wp\/v2\/comments?post=194"}],"version-history":[{"count":31,"href":"https:\/\/archers-haucourt.fr\/wordpress\/wp-json\/wp\/v2\/pages\/194\/revisions"}],"predecessor-version":[{"id":6842,"href":"https:\/\/archers-haucourt.fr\/wordpress\/wp-json\/wp\/v2\/pages\/194\/revisions\/6842"}],"wp:attachment":[{"href":"https:\/\/archers-haucourt.fr\/wordpress\/wp-json\/wp\/v2\/media?parent=194"}],"curies":[{"name":"wp","href":"https:\/\/api.w.org\/{rel}","templated":true}]}}