{"id":201,"date":"2014-10-29T10:06:38","date_gmt":"2014-10-29T09:06:38","guid":{"rendered":"http:\/\/archers-longwy.fr\/wordpress\/?page_id=201"},"modified":"2025-08-23T10:13:27","modified_gmt":"2025-08-23T08:13:27","slug":"tarifs","status":"publish","type":"page","link":"https:\/\/archers-haucourt.fr\/wordpress\/le-club\/tarifs\/","title":{"rendered":"Tarifs club"},"content":{"rendered":"\n<p><strong>Le montant de la cotisation est d\u00e9termin\u00e9 verbalement par le comit\u00e9.<\/strong><\/p>\n\n\n\n<p>Le pr\u00eat de mat\u00e9riel est inclus et gratuit tout comme les cours de l&#8217;\u00e9cole de tir<\/p>\n\n\n\n<p>L&#8217;\u00e9cole  de tir qui est active du mercredi 3 septembre 2025 au mercredi 24 juin 2026 <\/p>\n\n\n\n<p>La prise de licence entra\u00eene l&#8217;acceptation du r\u00e8glement en vigueur.<\/p>\n\n\n\n<p><a href=\"https:\/\/archers-haucourt.fr\/wordpress\/wp-content\/uploads\/2025\/06\/formulaire-notice-assurance-QS-3.pdf\"><span style=\"text-decoration: underline;\"><strong>Fiche d&#8217;inscription 2025-202<\/strong><\/span>6<\/a><\/p>\n\n\n\n<p><a href=\"http:\/\/archers-longwy.fr\/wordpress\/wp-content\/uploads\/2018\/08\/autorisations-parentales-SAISON-201-1.pdf\" target=\"_blank\" rel=\"noopener noreferrer\"><span style=\"text-decoration: underline; color: #0000ff;\"><strong>-Autorisations parentales<\/strong> <\/span><\/a>(pour mineurs et\/ou accompagnants)<\/p>\n\n\n\n<h2 class=\"wp-block-heading\">Licence<\/h2>\n\n\n\n<p>La licence annuelle est valable du 1er septembre au 31 ao\u00fbt de l&#8217;ann\u00e9e suivante. <\/p>\n\n\n\n<p>Son montant est fonction de votre \u00e2ge et des tarifs \u00e9tablis par la FFTA c&#8217;est l&#8217;anniversaire de l&#8217;archer(e) <span style=\"text-decoration: underline;\">pendant la licence de l&#8217;ann\u00e9e \u00e0 venir<\/span> qui est \u00e0 prendre en compte.<\/p>\n\n\n\n<p>la cotisation club varie suivant la cat\u00e9gorie, 1\/2 cotisation \u00e0 partir du 2\u00e8me lien de parent\u00e9 directe ( enfant, \u00e9pouse, concubinage, pacs etc..).<\/p>\n\n\n\n<p><br \/><strong><em>La r\u00e9duction s&#8217;applique sur la moins ch\u00e8re des cotisations et une seule fois.<\/em><\/strong><\/p>\n\n\n\n<h2 id=\"tablepress-1-name\" class=\"tablepress-table-name tablepress-table-name-id-1\">Bar\u00e8me Licences FFTA et Cotisations au club 2025-2026<\/h2>\n\n<table id=\"tablepress-1\" class=\"tablepress tablepress-id-1\" aria-labelledby=\"tablepress-1-name\" aria-describedby=\"tablepress-1-description\">\n<thead>\n<tr class=\"row-1 odd\">\n\t<th class=\"column-1\">tarifs tout compris<\/th><th class=\"column-2\"><strong>Poussin<\/strong><\/th><th class=\"column-3\"><strong>Jeune<\/strong><\/th><th class=\"column-4\"><strong>Senior 1, <br \/>\nSenior 2 et 3<br \/>\n<\/strong><\/th><th class=\"column-5\"><em>poussin et 1\/2 cotisation<\/em><\/th><th class=\"column-6\">Jeune et 1\/2 cotisation <\/th><th class=\"column-7\">adulte et cotisation r\u00e9duite<\/th>\n<\/tr>\n<\/thead>\n<tbody class=\"row-hover\">\n<tr class=\"row-2 even\">\n\t<td class=\"column-1\"><strong>Total FFTA<\/strong><\/td><td class=\"column-2\"><strong>40 \u20ac<\/strong><\/td><td class=\"column-3\"><strong>49 \u20ac<\/strong><\/td><td class=\"column-4\"><strong> 77 \u20ac<\/strong><\/td><td class=\"column-5\"><em>40\u20ac<\/em><\/td><td class=\"column-6\"><em>49\u20ac<\/em><\/td><td class=\"column-7\"><em>77\u20ac<\/em><\/td>\n<\/tr>\n<tr class=\"row-3 odd\">\n\t<td class=\"column-1\">Montant  des cotisations club<\/td><td class=\"column-2\"><strong>30 \u20ac<\/strong><\/td><td class=\"column-3\"><strong>41 \u20ac<\/strong><\/td><td class=\"column-4\"><strong> 43 \u20ac<\/strong><\/td><td class=\"column-5\"><em>15\u20ac<\/em><\/td><td class=\"column-6\"><em>21\u20ac<\/em><\/td><td class=\"column-7\"><em>23\u20ac<\/em><\/td>\n<\/tr>\n<tr class=\"row-4 even\">\n\t<td class=\"column-1\">Montant total du<\/td><td class=\"column-2\"><strong>70 \u20ac<\/strong><\/td><td class=\"column-3\"><strong>90 \u20ac<\/strong><\/td><td class=\"column-4\"><strong>120 \u20ac<\/strong><\/td><td class=\"column-5\"><em>55\u20ac<\/em><\/td><td class=\"column-6\"><em>70\u20ac<\/em><\/td><td class=\"column-7\"><em>100\u20ac<\/em><\/td>\n<\/tr>\n<\/tbody>\n<tfoot>\n<tr class=\"row-5 odd\">\n\t<th class=\"column-1\">Pratique en club<\/th><th class=\"column-2\"><\/th><th class=\"column-3\"><\/th><th class=\"column-4\"><strong>100 \u20ac<\/strong><\/th><th class=\"column-5\"><\/th><th class=\"column-6\"><\/th><th class=\"column-7\"><\/th>\n<\/tr>\n<\/tfoot>\n<\/table>\n<span id=\"tablepress-1-description\" class=\"tablepress-table-description tablepress-table-description-id-1\"><\/span>\n<!-- #tablepress-1 from cache -->\n\n\n\n<p><strong><span style=\"color: #ff0000;\"><br \/><\/span>NOUVEAU tarifs 2025-2026<\/strong><\/p>\n\n\n\n<p>soit <strong>70\u20ac<\/strong> <strong>tarif poussin, 90\u20ac<\/strong> <strong>tarif jeune, 120\u20ac<\/strong><strong> tarif adulte<\/strong><\/p>\n\n\n\n<div class=\"wp-block-columns is-layout-flex wp-container-core-columns-is-layout-9d6595d7 wp-block-columns-is-layout-flex\">\n<div class=\"wp-block-column is-layout-flow wp-block-column-is-layout-flow\" style=\"flex-basis:100%\"><h2 id=\"tablepress-3-name\" class=\"tablepress-table-name tablepress-table-name-id-3\">Cat\u00e9gories d&#8217;\u00e2ges saison 01\/09\/2025au 31\/08\/2026<\/h2>\n\n<table id=\"tablepress-3\" class=\"tablepress tablepress-id-3\" aria-labelledby=\"tablepress-3-name\">\n<thead>\n<tr class=\"row-1 odd\">\n\t<th colspan=\"2\" class=\"column-1\"><strong>Ann\u00e9es de naissance <\/strong><\/th><th class=\"column-3\"><strong>Cat\u00e9gories<\/strong><\/th>\n<\/tr>\n<\/thead>\n<tbody class=\"row-hover\">\n<tr class=\"row-2 even\">\n\t<td colspan=\"3\" class=\"column-1\"><strong>Adultes<\/strong><\/td>\n<\/tr>\n<tr class=\"row-3 odd\">\n\t<td colspan=\"2\" class=\"column-1\">n\u00e9(e) avant le 01\/01\/1967<\/td><td class=\"column-3\">ADULTES (SV) SENIOR 3 c&#8217;est 60 ans et plus<br \/>\n<\/td>\n<\/tr>\n<tr class=\"row-4 even\">\n\t<td colspan=\"2\" class=\"column-1\">n\u00e9(e) entre le 01\/01\/1967 et le 31\/12\/1986<\/td><td class=\"column-3\">ADULTES (V) SENIOR 2 de 40 \u00e0 59 ans<\/td>\n<\/tr>\n<tr class=\"row-5 odd\">\n\t<td colspan=\"2\" class=\"column-1\">n\u00e9(e) entre le 01\/01\/1987 et le 31\/12\/2005<\/td><td class=\"column-3\">ADULTES (S) SENIOR 1 de 21 \u00e0 39 ans<\/td>\n<\/tr>\n<tr class=\"row-6 even\">\n\t<td colspan=\"3\" class=\"column-1\"><strong>Jeunes <\/strong><\/td>\n<\/tr>\n<tr class=\"row-7 odd\">\n\t<td colspan=\"2\" class=\"column-1\">n\u00e9(e) entre le 01\/01\/2006 et le 31\/12\/2009<\/td><td class=\"column-3\">JEUNES (J) &#8220;JUNIOR&#8221; de 18 \u00e0 20 ans<\/td>\n<\/tr>\n<tr class=\"row-8 even\">\n\t<td colspan=\"2\" class=\"column-1\">n\u00e9(e) entre le 01\/01\/2009 et le 31\/12\/2011<\/td><td class=\"column-3\">JEUNES (C) &#8220;CADET&#8221; de 15 \u00e0 17 ans<\/td>\n<\/tr>\n<tr class=\"row-9 odd\">\n\t<td colspan=\"2\" class=\"column-1\">n\u00e9(e) entre le 01\/01\/2012 et le 31\/12\/2013<\/td><td class=\"column-3\">JEUNES (M) &#8220;MINIME&#8221; de 13 \u00e0 14 ans<br \/>\n<\/td>\n<\/tr>\n<tr class=\"row-10 even\">\n\t<td colspan=\"2\" class=\"column-1\">n\u00e9(e) entre le 01\/01\/2014 et 31\/12\/2015<\/td><td class=\"column-3\">JEUNES (B) &#8220;BENJAMIN&#8221; de 11 \u00e0 12 ans<\/td>\n<\/tr>\n<tr class=\"row-11 odd\">\n\t<td colspan=\"3\" class=\"column-1\"><strong>Poussin<\/strong><\/td>\n<\/tr>\n<tr class=\"row-12 even\">\n\t<td colspan=\"2\" class=\"column-1\">n\u00e9(e) apr\u00e8s le 01\/01\/2016<\/td><td class=\"column-3\">POUSSINS (P) &#8220;POUSSIN&#8221; <br \/>\n10 ans<\/td>\n<\/tr>\n<\/tbody>\n<\/table>\n<!-- #tablepress-3 from cache --><\/div>\n<\/div>\n\n\n\n<p><a title=\"Accueil\" href=\"http:\/\/archers-longwy.fr\/wordpress\/\"><span style=\"text-decoration: underline;\"><strong>retour vers l&#8217;accueil<\/strong><\/span><\/a><\/p>\n\n\n\n<p>Le tarif pour<strong> une pratique en club uniquement <\/strong>est de 100\u20ac\/an ( licence + cotisation + assurance + mat\u00e9riel + cours ) pour un adulte.<\/p>\n","protected":false},"excerpt":{"rendered":"<p>Le montant de la cotisation est d\u00e9termin\u00e9 verbalement par le comit\u00e9. Le pr\u00eat de mat\u00e9riel est inclus et gratuit tout comme les cours de l&#8217;\u00e9cole de tir L&#8217;\u00e9cole de tir qui est active du mercredi 3 septembre 2025 au mercredi 24 juin 2026 La prise de licence entra\u00eene l&#8217;acceptation du r\u00e8glement en vigueur. Fiche d&#8217;inscription [&hellip;]<\/p>\n","protected":false},"author":2,"featured_media":0,"parent":180,"menu_order":0,"comment_status":"closed","ping_status":"closed","template":"","meta":{"_bbp_topic_count":0,"_bbp_reply_count":0,"_bbp_total_topic_count":0,"_bbp_total_reply_count":0,"_bbp_voice_count":0,"_bbp_anonymous_reply_count":0,"_bbp_topic_count_hidden":0,"_bbp_reply_count_hidden":0,"_bbp_forum_subforum_count":0,"footnotes":""},"class_list":["post-201","page","type-page","status-publish","hentry"],"jetpack_sharing_enabled":true,"_links":{"self":[{"href":"https:\/\/archers-haucourt.fr\/wordpress\/wp-json\/wp\/v2\/pages\/201","targetHints":{"allow":["GET"]}}],"collection":[{"href":"https:\/\/archers-haucourt.fr\/wordpress\/wp-json\/wp\/v2\/pages"}],"about":[{"href":"https:\/\/archers-haucourt.fr\/wordpress\/wp-json\/wp\/v2\/types\/page"}],"author":[{"embeddable":true,"href":"https:\/\/archers-haucourt.fr\/wordpress\/wp-json\/wp\/v2\/users\/2"}],"replies":[{"embeddable":true,"href":"https:\/\/archers-haucourt.fr\/wordpress\/wp-json\/wp\/v2\/comments?post=201"}],"version-history":[{"count":50,"href":"https:\/\/archers-haucourt.fr\/wordpress\/wp-json\/wp\/v2\/pages\/201\/revisions"}],"predecessor-version":[{"id":6830,"href":"https:\/\/archers-haucourt.fr\/wordpress\/wp-json\/wp\/v2\/pages\/201\/revisions\/6830"}],"up":[{"embeddable":true,"href":"https:\/\/archers-haucourt.fr\/wordpress\/wp-json\/wp\/v2\/pages\/180"}],"wp:attachment":[{"href":"https:\/\/archers-haucourt.fr\/wordpress\/wp-json\/wp\/v2\/media?parent=201"}],"curies":[{"name":"wp","href":"https:\/\/api.w.org\/{rel}","templated":true}]}}