{"id":223,"date":"2014-10-29T10:55:42","date_gmt":"2014-10-29T09:55:42","guid":{"rendered":"http:\/\/archers-longwy.fr\/wordpress\/?page_id=223"},"modified":"2022-08-18T15:40:48","modified_gmt":"2022-08-18T13:40:48","slug":"sinscrire","status":"publish","type":"page","link":"https:\/\/archers-haucourt.fr\/wordpress\/lecole-de-tir\/sinscrire\/","title":{"rendered":"S&#8217;inscrire"},"content":{"rendered":"\n<p><span style=\"font-family: Times New Roman,Times; font-size: 12pt;\">Pour s&#8217;inscrire, il faut t\u00e9l\u00e9charger, imprimer et remplir les documents suivants :<\/span><\/p>\n\n\n\n<ul class=\"wp-block-list\"><li><del><a rel=\"noopener noreferrer\" href=\"http:\/\/archers-longwy.fr\/wordpress\/wp-content\/uploads\/2019\/08\/Inscription-FFTA-2020.pdf\" target=\"_blank\"><strong>la demande FFTA 1\u00e8re demande<\/strong><\/a> <\/del>( formulaire annul\u00e9 en 2020) <strong><a href=\"https:\/\/archers-haucourt.fr\/wordpress\/wp-content\/uploads\/2022\/08\/Fiche-dinscription-2022-2023.pdf\" data-type=\"URL\" data-id=\"https:\/\/archers-haucourt.fr\/wordpress\/wp-content\/uploads\/2022\/08\/Fiche-dinscription-2022-2023.pdf\">s&#8217;inscrire formulaire club 2022-2023<\/a><\/strong><\/li><\/ul>\n\n\n\n<ul class=\"wp-block-list\"><li>avec autorisations parentales le cas \u00e9ch\u00e9ant et r\u00e8glement int\u00e9rieur.<\/li><li><strong><a href=\"http:\/\/archers-longwy.fr\/wordpress\/wp-content\/uploads\/2018\/07\/3617_Adhesion-licence-renouvellement.pdf\" target=\"_blank\" rel=\"noopener noreferrer\">la demande FFTA de renouvellement <\/a>2022-2023( s&#8217;adresser \u00e0 Fran\u00e7ois, \u00e0 faire sur le site FFTA)<\/strong><\/li><\/ul>\n\n\n\n<p><strong>La prise de licence entra\u00eene l\u2019acceptation du <a title=\"R\u00e8glement de l\u2019\u00e9cole de tir\" href=\"http:\/\/archers-longwy.fr\/wordpress\/lecole-de-tir\/reglement-de-lecole-de-tir\/\">r\u00e8glement en vigueur<\/a> du club ainsi que<a href=\"http:\/\/archers-longwy.fr\/wordpress\/lecole-de-tir\/tarifs\/\" target=\"_blank\" rel=\"noopener noreferrer\"> le paiement de la licence\/cotisation annuelle<\/a><br \/><\/strong><\/p>\n\n\n\n<p>A fournir :<\/p>\n\n\n\n<ul class=\"wp-block-list\"><li>un certificat m\u00e9dical datant de moins d&#8217;un an ou remplir et signer le <a rel=\"noopener noreferrer\" href=\"http:\/\/archers-longwy.fr\/wordpress\/wp-content\/uploads\/2014\/10\/questionnaire-sant\u00e9.pdf\" target=\"_blank\"><span style=\"text-decoration: underline;\"><strong>questionnaire de sant\u00e9<\/strong><\/span><\/a> qui remplace pendant 3 ans le certificat d&#8217;origine, indiquer simplement la date de celui ci.<\/li><li><span style=\"font-family: Times New Roman,Times; font-size: 12pt;\">Pour les enfants mineurs <a href=\"https:\/\/archers-haucourt.fr\/wordpress\/wp-content\/uploads\/2022\/08\/questionnaire_de_sante_mineur-2021-2022.pdf\">l<strong>e questionnaire sant\u00e9<\/strong>,<\/a> sp\u00e9cial mineurs, une autorisation parentale suppl\u00e9mentaire est n\u00e9cessaire :<a rel=\"noopener noreferrer\" href=\"http:\/\/archers-longwy.fr\/wordpress\/wp-content\/uploads\/2020\/09\/autorisation-parentale-SAISON-20.pdf\" target=\"_blank\"> <span style=\"text-decoration: underline;\"><strong>autorisations parentales <\/strong><\/span><\/a><\/span><\/li><\/ul>\n\n\n\n<p><span style=\"font-family: Times New Roman,Times; font-size: 12pt;\">Il faut amener lors des s\u00e9ances les documents d\u00fbment compl\u00e9t\u00e9s ou les envoyer \u00e0 l&#8217;adresse suivante.<\/span><\/p>\n\n\n\n<p><span style=\"font-family: Times New Roman,Times; font-size: 12pt;\">Archer club Longwy<\/span><\/p>\n\n\n\n<p><span style=\"font-family: Times New Roman,Times; font-size: 12pt;\">M. Fran\u00e7ois Gu\u00e9bert<\/span><br \/><span style=\"font-family: Times New Roman,Times; font-size: 12pt;\"> 31 rue des forges<\/span><br \/><span style=\"font-family: Times New Roman,Times; font-size: 12pt;\"> 54870 Cons la Grandville<\/span><\/p>\n\n\n\n<p><span style=\"font-size: 12pt;\">ou \u00e0 : \u00a0 \u00a0\u00a0 secretaire@archers-haucourt.fr<\/span><\/p>\n\n\n\n<h2 class=\"wp-block-heading\">Remarque importante :<\/h2>\n\n\n\n<p><span style=\"font-family: Times New Roman,Times; font-size: 12pt;\">La prise de licence entra\u00eene l&#8217;acceptation du <strong><span style=\"text-decoration: underline;\"><a title=\"R\u00e8glement de l\u2019\u00e9cole de tir\" href=\"http:\/\/archers-longwy.fr\/wordpress\/lecole-de-tir\/reglement-de-lecole-de-tir\/\">r\u00e8glement en vigueur.<\/a><\/span><\/strong><\/span><\/p>\n\n\n\n<p><a href=\"http:\/\/archers-longwy.fr\/wordpress\/\" target=\"_blank\" rel=\"noopener noreferrer\">Accueil<\/a><\/p>\n","protected":false},"excerpt":{"rendered":"<p>Pour s&#8217;inscrire, il faut t\u00e9l\u00e9charger, imprimer et remplir les documents suivants : la demande FFTA 1\u00e8re demande ( formulaire annul\u00e9 en 2020) s&#8217;inscrire formulaire club 2022-2023 avec autorisations parentales le cas \u00e9ch\u00e9ant et r\u00e8glement int\u00e9rieur. la demande FFTA de renouvellement 2022-2023( s&#8217;adresser \u00e0 Fran\u00e7ois, \u00e0 faire sur le site FFTA) La prise de licence entra\u00eene [&hellip;]<\/p>\n","protected":false},"author":2,"featured_media":0,"parent":194,"menu_order":4,"comment_status":"closed","ping_status":"closed","template":"","meta":{"_bbp_topic_count":0,"_bbp_reply_count":0,"_bbp_total_topic_count":0,"_bbp_total_reply_count":0,"_bbp_voice_count":0,"_bbp_anonymous_reply_count":0,"_bbp_topic_count_hidden":0,"_bbp_reply_count_hidden":0,"_bbp_forum_subforum_count":0,"footnotes":""},"class_list":["post-223","page","type-page","status-publish","hentry"],"jetpack_sharing_enabled":true,"_links":{"self":[{"href":"https:\/\/archers-haucourt.fr\/wordpress\/wp-json\/wp\/v2\/pages\/223","targetHints":{"allow":["GET"]}}],"collection":[{"href":"https:\/\/archers-haucourt.fr\/wordpress\/wp-json\/wp\/v2\/pages"}],"about":[{"href":"https:\/\/archers-haucourt.fr\/wordpress\/wp-json\/wp\/v2\/types\/page"}],"author":[{"embeddable":true,"href":"https:\/\/archers-haucourt.fr\/wordpress\/wp-json\/wp\/v2\/users\/2"}],"replies":[{"embeddable":true,"href":"https:\/\/archers-haucourt.fr\/wordpress\/wp-json\/wp\/v2\/comments?post=223"}],"version-history":[{"count":46,"href":"https:\/\/archers-haucourt.fr\/wordpress\/wp-json\/wp\/v2\/pages\/223\/revisions"}],"predecessor-version":[{"id":5123,"href":"https:\/\/archers-haucourt.fr\/wordpress\/wp-json\/wp\/v2\/pages\/223\/revisions\/5123"}],"up":[{"embeddable":true,"href":"https:\/\/archers-haucourt.fr\/wordpress\/wp-json\/wp\/v2\/pages\/194"}],"wp:attachment":[{"href":"https:\/\/archers-haucourt.fr\/wordpress\/wp-json\/wp\/v2\/media?parent=223"}],"curies":[{"name":"wp","href":"https:\/\/api.w.org\/{rel}","templated":true}]}}