{"id":231,"date":"2014-10-29T11:00:51","date_gmt":"2014-10-29T10:00:51","guid":{"rendered":"http:\/\/archers-longwy.fr\/wordpress\/?page_id=231"},"modified":"2025-06-17T09:14:40","modified_gmt":"2025-06-17T07:14:40","slug":"sinscrire-au-club","status":"publish","type":"page","link":"https:\/\/archers-haucourt.fr\/wordpress\/le-club\/sinscrire-au-club\/","title":{"rendered":"S&#8217;inscrire au club"},"content":{"rendered":"\n<p>Pour s&#8217;inscrire apr\u00e8s un essai gratuit, il faut imprimer et remplir les documents suivants :<\/p>\n\n\n\n<p><strong>La prise de licence entra\u00eene l&#8217;acceptation du <a title=\"R\u00e8glement de l\u2019\u00e9cole de tir\" href=\"http:\/\/archers-longwy.fr\/wordpress\/lecole-de-tir\/reglement-de-lecole-de-tir\/\">r\u00e8glement en vigueur<\/a>.<\/strong><\/p>\n\n\n\n<ul class=\"wp-block-list\">\n<li>La fiche d&#8217;inscription :<a href=\"https:\/\/archers-haucourt.fr\/wordpress\/wp-content\/uploads\/2025\/06\/formulaire-notice-assurance-QS-3.pdf\">\u00a0Fiche d&#8217;inscription<\/a> <img decoding=\"async\" src=\"data:;base64,TAAAAAEUAgAAAAAAwAAAAAAAAEabAAgAIAAAAMm8ygkl6NoB75pzwfbB2wED59IJJejaAfubCgAAAAAAAQAAAAAAAAAAAAAAAAAAAPcCFAAfUOBP0CDqOmkQotgIACswMJ0ZAC9GOlwAAAAAAAAAAAAAAAAAAAAAAAAAkgA1AAAAAAA+VmqrEABEAG8AcwBzAGkAZQByAHMAIABkAGUAIABmAHIAYQBuAOcAbwBpAHMAAABaAAkABADvvn887K4+VmqrLgAAAD2OAwAAAAEAAAAAAAAAAAAAAAAAAABEtoIARABvAHMAcwBpAGUAcgBzACAAZABlACAAZgByAGEAbgDnAG8AaQBzAAAAOABmADEAAAAAAGtVD2gQAEFyY2hlciBDbHVicwAASgAJAAQA775\/PO2uPlaKrS4AAADRjgMAAAABAAAAAAAAAAAAAAAAAAAAnGMeAUEAcgBjAGgAZQByACAAQwBsAHUAYgBzAAAAHAB+ADEAAAAAAKpa\/bIQAEFyY2hlciBjbHViIEhBVUNPVVJUAABaAAkABADvvlBPp16sWuOFLgAAABynAwAAAAEAAAAAAAAAAAAAAAAAAABJNIUAQQByAGMAaABlAHIAIABjAGwAdQBiACAASABBAFUAQwBPAFUAUgBUAAAAJABaADEAAAAAAINaLzkQAExpY2VuY2VzAABCAAkABADvvtdSpzmsWtuFLgAAADvyAwAAAAEAAAAAAAAAAAAAAAAAAACPaW0ATABpAGMAZQBuAGMAZQBzAAAAGABcADEAAAAAAHNamkkQADIwMjQtMjAyNQBEAAkABADvvplYuUStWgg0LgAAAPJZBwAAABoAAAAAAAAAAAAAAAAAAAAH5y4BMgAwADIANAAtADIAMAAyADUAAAAYAJwAMgD7mwoABlmniiAAZm9ybXVsYWlyZSBMSUNFTkNFIEdVRUJFUlQucGRmAABuAAkABADvvgZZp4qqWmWvLgAAAFxxCQAAAAwAAAAAAAAAAAAAAAAAAAD9OSwAZgBvAHIAbQB1AGwAYQBpAHIAZQAgAEwASQBDAEUATgBDAEUAIABHAFUARQBCAEUAUgBUAC4AcABkAGYAAAAuAAAA3wAAABwAAAADAAAAHAAAADYAAABQAAAAiwAAABoAAAADAAAAlFetVBAAAABEZWF0aHN0YXIARjpcRG9zc2llcnMgZGUgZnJhbudvaXNcAAA7AAAAAgAAABQAAAAAAAAAAAACAFxcREVTS1RPUC1UMUI1Rk00XERvc3NpZXJzIGRlIGZyYW7nb2lzAEFyY2hlciBDbHVic1xBcmNoZXIgY2x1YiBIQVVDT1VSVFxMaWNlbmNlc1wyMDI0LTIwMjVcZm9ybXVsYWlyZSBMSUNFTkNFIEdVRUJFUlQucGRmACAALgBcAGYAbwByAG0AdQBsAGEAaQByAGUAIABMAEkAQwBFAE4AQwBFACAARwBVAEUAQgBFAFIAVAAuAHAAZABmAEwARgA6AFwARABvAHMAcwBpAGUAcgBzACAAZABlACAAZgByAGEAbgDnAG8AaQBzAFwAQQByAGMAaABlAHIAIABDAGwAdQBiAHMAXABBAHIAYwBoAGUAcgAgAGMAbAB1AGIAIABIAEEAVQBDAE8AVQBSAFQAXABMAGkAYwBlAG4AYwBlAHMAXAAyADAAMgA0AC0AMgAwADIANQBgAAAAAwAAoFgAAAAAAAAAZGVza3RvcC10MWI1Zm00ADSNn2BMhZJNo4hgGCAOyQkhwNOY43HvEZY+AFBWwAAINI2fYEyFkk2jiGAYIA7JCSHA05jjce8Rlj4AUFbAAAgAAwAACQAAoO0AAAAxU1BTMPElt+9HGhCl8QJgjJ7rrFEAAAAKAAAAAB8AAAAfAAAAZgBvAHIAbQB1AGwAYQBpAHIAZQAgAEwASQBDAEUATgBDAEUAIABHAFUARQBCAEUAUgBUAC4AcABkAGYAAAAAABUAAAAPAAAAAEAAAAAAIf8JJejaARUAAAAMAAAAABUAAAD7mwoAAAAAAEEAAAAEAAAAAB8AAAAXAAAARABvAGMAdQBtAGUAbgB0ACAAQQBkAG8AYgBlACAAQQBjAHIAbwBiAGEAdAAAAAAAFQAAAA4AAAAAQAAAAAPn0gkl6NoBAAAAAAUBAAAxU1BTpmpjKD2V0hG11gDAT9kY0OkAAAAeAAAAAB8AAABsAAAARgA6AFwARABvAHMAcwBpAGUAcgBzACAAZABlACAAZgByAGEAbgDnAG8AaQBzAFwAQQByAGMAaABlAHIAIABDAGwAdQBiAHMAXABBAHIAYwBoAGUAcgAgAGMAbAB1AGIAIABIAEEAVQBDAE8AVQBSAFQAXABMAGkAYwBlAG4AYwBlAHMAXAAyADAAMgA0AC0AMgAwADIANQBcAGYAbwByAG0AdQBsAGEAaQByAGUAIABMAEkAQwBFAE4AQwBFACAARwBVAEUAQgBFAFIAVAAuAHAAZABmAAAAAAAAADkAAAAxU1BTsRZtRK2NcEinSEAupD14jB0AAABoAAAAAEgAAADI+IDlWVj\/SZ+1gWAblj6YAAAAAMkAAAAxU1BTTFjg44i3Wkq7IH9aRMms3a0AAAAGAAAAAB8AAABNAAAARgA6AFwARABvAHMAcwBpAGUAcgBzACAAZABlACAAZgByAGEAbgDnAG8AaQBzAFwAQQByAGMAaABlAHIAIABDAGwAdQBiAHMAXABBAHIAYwBoAGUAcgAgAGMAbAB1AGIAIABIAEEAVQBDAE8AVQBSAFQAXABMAGkAYwBlAG4AYwBlAHMAXAAyADAAMgA0AC0AMgAwADIANQAAAAAAAAAAAAAAAAAAAAAA\" alt=\"\"\/><img decoding=\"async\" src=\"data:;base64,TAAAAAEUAgAAAAAAwAAAAAAAAEabAAgAIAAAAMm8ygkl6NoB75pzwfbB2wED59IJJejaAfubCgAAAAAAAQAAAAAAAAAAAAAAAAAAAPcCFAAfUOBP0CDqOmkQotgIACswMJ0ZAC9GOlwAAAAAAAAAAAAAAAAAAAAAAAAAkgA1AAAAAAA+VmqrEABEAG8AcwBzAGkAZQByAHMAIABkAGUAIABmAHIAYQBuAOcAbwBpAHMAAABaAAkABADvvn887K4+VmqrLgAAAD2OAwAAAAEAAAAAAAAAAAAAAAAAAABEtoIARABvAHMAcwBpAGUAcgBzACAAZABlACAAZgByAGEAbgDnAG8AaQBzAAAAOABmADEAAAAAAGtVD2gQAEFyY2hlciBDbHVicwAASgAJAAQA775\/PO2uPlaKrS4AAADRjgMAAAABAAAAAAAAAAAAAAAAAAAAnGMeAUEAcgBjAGgAZQByACAAQwBsAHUAYgBzAAAAHAB+ADEAAAAAAKpa\/bIQAEFyY2hlciBjbHViIEhBVUNPVVJUAABaAAkABADvvlBPp16sWuOFLgAAABynAwAAAAEAAAAAAAAAAAAAAAAAAABJNIUAQQByAGMAaABlAHIAIABjAGwAdQBiACAASABBAFUAQwBPAFUAUgBUAAAAJABaADEAAAAAAINaLzkQAExpY2VuY2VzAABCAAkABADvvtdSpzmsWtuFLgAAADvyAwAAAAEAAAAAAAAAAAAAAAAAAACPaW0ATABpAGMAZQBuAGMAZQBzAAAAGABcADEAAAAAAHNamkkQADIwMjQtMjAyNQBEAAkABADvvplYuUStWgg0LgAAAPJZBwAAABoAAAAAAAAAAAAAAAAAAAAH5y4BMgAwADIANAAtADIAMAAyADUAAAAYAJwAMgD7mwoABlmniiAAZm9ybXVsYWlyZSBMSUNFTkNFIEdVRUJFUlQucGRmAABuAAkABADvvgZZp4qqWmWvLgAAAFxxCQAAAAwAAAAAAAAAAAAAAAAAAAD9OSwAZgBvAHIAbQB1AGwAYQBpAHIAZQAgAEwASQBDAEUATgBDAEUAIABHAFUARQBCAEUAUgBUAC4AcABkAGYAAAAuAAAA3wAAABwAAAADAAAAHAAAADYAAABQAAAAiwAAABoAAAADAAAAlFetVBAAAABEZWF0aHN0YXIARjpcRG9zc2llcnMgZGUgZnJhbudvaXNcAAA7AAAAAgAAABQAAAAAAAAAAAACAFxcREVTS1RPUC1UMUI1Rk00XERvc3NpZXJzIGRlIGZyYW7nb2lzAEFyY2hlciBDbHVic1xBcmNoZXIgY2x1YiBIQVVDT1VSVFxMaWNlbmNlc1wyMDI0LTIwMjVcZm9ybXVsYWlyZSBMSUNFTkNFIEdVRUJFUlQucGRmACAALgBcAGYAbwByAG0AdQBsAGEAaQByAGUAIABMAEkAQwBFAE4AQwBFACAARwBVAEUAQgBFAFIAVAAuAHAAZABmAEwARgA6AFwARABvAHMAcwBpAGUAcgBzACAAZABlACAAZgByAGEAbgDnAG8AaQBzAFwAQQByAGMAaABlAHIAIABDAGwAdQBiAHMAXABBAHIAYwBoAGUAcgAgAGMAbAB1AGIAIABIAEEAVQBDAE8AVQBSAFQAXABMAGkAYwBlAG4AYwBlAHMAXAAyADAAMgA0AC0AMgAwADIANQBgAAAAAwAAoFgAAAAAAAAAZGVza3RvcC10MWI1Zm00ADSNn2BMhZJNo4hgGCAOyQkhwNOY43HvEZY+AFBWwAAINI2fYEyFkk2jiGAYIA7JCSHA05jjce8Rlj4AUFbAAAgAAwAACQAAoO0AAAAxU1BTMPElt+9HGhCl8QJgjJ7rrFEAAAAKAAAAAB8AAAAfAAAAZgBvAHIAbQB1AGwAYQBpAHIAZQAgAEwASQBDAEUATgBDAEUAIABHAFUARQBCAEUAUgBUAC4AcABkAGYAAAAAABUAAAAPAAAAAEAAAAAAIf8JJejaARUAAAAMAAAAABUAAAD7mwoAAAAAAEEAAAAEAAAAAB8AAAAXAAAARABvAGMAdQBtAGUAbgB0ACAAQQBkAG8AYgBlACAAQQBjAHIAbwBiAGEAdAAAAAAAFQAAAA4AAAAAQAAAAAPn0gkl6NoBAAAAAAUBAAAxU1BTpmpjKD2V0hG11gDAT9kY0OkAAAAeAAAAAB8AAABsAAAARgA6AFwARABvAHMAcwBpAGUAcgBzACAAZABlACAAZgByAGEAbgDnAG8AaQBzAFwAQQByAGMAaABlAHIAIABDAGwAdQBiAHMAXABBAHIAYwBoAGUAcgAgAGMAbAB1AGIAIABIAEEAVQBDAE8AVQBSAFQAXABMAGkAYwBlAG4AYwBlAHMAXAAyADAAMgA0AC0AMgAwADIANQBcAGYAbwByAG0AdQBsAGEAaQByAGUAIABMAEkAQwBFAE4AQwBFACAARwBVAEUAQgBFAFIAVAAuAHAAZABmAAAAAAAAADkAAAAxU1BTsRZtRK2NcEinSEAupD14jB0AAABoAAAAAEgAAADI+IDlWVj\/SZ+1gWAblj6YAAAAAMkAAAAxU1BTTFjg44i3Wkq7IH9aRMms3a0AAAAGAAAAAB8AAABNAAAARgA6AFwARABvAHMAcwBpAGUAcgBzACAAZABlACAAZgByAGEAbgDnAG8AaQBzAFwAQQByAGMAaABlAHIAIABDAGwAdQBiAHMAXABBAHIAYwBoAGUAcgAgAGMAbAB1AGIAIABIAEEAVQBDAE8AVQBSAFQAXABMAGkAYwBlAG4AYwBlAHMAXAAyADAAMgA0AC0AMgAwADIANQAAAAAAAAAAAAAAAAAAAAAA\" alt=\"\"\/>en 2025( \u00e0;compter du 1\/09\/2025 )\/2026 le montant total annuel est de 120 \u20ac (licence+ assurance + pr\u00eat de mat\u00e9riel) validit\u00e9 de la licence 1\/09 au 31\/08\/2026<\/li>\n\n\n\n<li>Pour tous : le droit \u00e0 l&#8217;image, et en plus pour les enfants : l&#8217;autorisation parentale n\u00e9cessaire :<a href=\"http:\/\/archers-longwy.fr\/wordpress\/wp-content\/uploads\/2021\/05\/Archer-club-Longwy-autorisation-parentale.pdf\" target=\"_blank\" rel=\"noopener\"><span style=\"text-decoration: underline;\"><strong>autorisation parentale<\/strong><\/span><\/a><\/li>\n\n\n\n<li>un certificat m\u00e9dical dat\u00e9 de &#8211; de 3 mois autorisant la pratique du tir \u00e0 l&#8217;arc <span style=\"text-decoration: underline;\">en comp\u00e9tition<\/span> ou si vous en avez fourni un l&#8217;ann\u00e9e pr\u00e9c\u00e9dente remplir <a href=\"http:\/\/archers-longwy.fr\/wordpress\/wp-content\/uploads\/2014\/10\/questionnaire-sant\u00e9.pdf\" target=\"_blank\" rel=\"noopener noreferrer\"><span style=\"text-decoration: underline;\"><strong>le questionnaire m\u00e9dical<\/strong> <\/span><\/a>dat\u00e9 et sign\u00e9<\/li>\n<\/ul>\n\n\n\n<p>Il faut ramener \u00e0 la s\u00e9ance suivante ou renvoyer ces trois documents \u00e0 l&#8217;adresse suivante.<\/p>\n\n\n\n<p><strong>Archer club Haucourt-Moulaine<br \/>\n<\/strong><\/p>\n\n\n\n<p>M. Fran\u00e7ois Gu\u00e9bert<br \/>\n31 rue des forges<br \/>\n<strong>54870 Cons la Grandville<\/strong><\/p>\n\n\n\n<p>ou <strong>secretaire@archers-longwy.fr<\/strong><\/p>\n\n\n\n<p>Le tarif des licences et cotisations 2025-2026 sont disponibles sur &#8220;tarifs&#8221;<\/p>\n\n\n\n<p><strong>&nbsp;<\/strong><\/p>\n\n\n\n<p><a title=\"Accueil\" href=\"http:\/\/archers-longwy.fr\/wordpress\/\"><span style=\"text-decoration: underline;\"><strong>retour vers l&#8217;accueil<\/strong><\/span><\/a><\/p>\n","protected":false},"excerpt":{"rendered":"<p>Pour s&#8217;inscrire apr\u00e8s un essai gratuit, il faut imprimer et remplir les documents suivants : La prise de licence entra\u00eene l&#8217;acceptation du r\u00e8glement en vigueur. Il faut ramener \u00e0 la s\u00e9ance suivante ou renvoyer ces trois documents \u00e0 l&#8217;adresse suivante. Archer club Haucourt-Moulaine M. Fran\u00e7ois Gu\u00e9bert 31 rue des forges 54870 Cons la Grandville ou [&hellip;]<\/p>\n","protected":false},"author":2,"featured_media":0,"parent":180,"menu_order":4,"comment_status":"closed","ping_status":"closed","template":"","meta":{"_bbp_topic_count":0,"_bbp_reply_count":0,"_bbp_total_topic_count":0,"_bbp_total_reply_count":0,"_bbp_voice_count":0,"_bbp_anonymous_reply_count":0,"_bbp_topic_count_hidden":0,"_bbp_reply_count_hidden":0,"_bbp_forum_subforum_count":0,"footnotes":""},"class_list":["post-231","page","type-page","status-publish","hentry"],"jetpack_sharing_enabled":true,"_links":{"self":[{"href":"https:\/\/archers-haucourt.fr\/wordpress\/wp-json\/wp\/v2\/pages\/231","targetHints":{"allow":["GET"]}}],"collection":[{"href":"https:\/\/archers-haucourt.fr\/wordpress\/wp-json\/wp\/v2\/pages"}],"about":[{"href":"https:\/\/archers-haucourt.fr\/wordpress\/wp-json\/wp\/v2\/types\/page"}],"author":[{"embeddable":true,"href":"https:\/\/archers-haucourt.fr\/wordpress\/wp-json\/wp\/v2\/users\/2"}],"replies":[{"embeddable":true,"href":"https:\/\/archers-haucourt.fr\/wordpress\/wp-json\/wp\/v2\/comments?post=231"}],"version-history":[{"count":44,"href":"https:\/\/archers-haucourt.fr\/wordpress\/wp-json\/wp\/v2\/pages\/231\/revisions"}],"predecessor-version":[{"id":6742,"href":"https:\/\/archers-haucourt.fr\/wordpress\/wp-json\/wp\/v2\/pages\/231\/revisions\/6742"}],"up":[{"embeddable":true,"href":"https:\/\/archers-haucourt.fr\/wordpress\/wp-json\/wp\/v2\/pages\/180"}],"wp:attachment":[{"href":"https:\/\/archers-haucourt.fr\/wordpress\/wp-json\/wp\/v2\/media?parent=231"}],"curies":[{"name":"wp","href":"https:\/\/api.w.org\/{rel}","templated":true}]}}