{"id":246,"date":"2014-10-29T11:21:54","date_gmt":"2014-10-29T10:21:54","guid":{"rendered":"http:\/\/archers-longwy.fr\/wordpress\/?page_id=246"},"modified":"2024-10-03T01:02:46","modified_gmt":"2024-10-02T23:02:46","slug":"histoire-de-lecole-de-tir","status":"publish","type":"page","link":"https:\/\/archers-haucourt.fr\/wordpress\/lecole-de-tir\/histoire-de-lecole-de-tir\/","title":{"rendered":"Histoire de l&#8217;\u00e9cole de tir"},"content":{"rendered":"\n<figure class=\"wp-block-image\"><img decoding=\"async\" src=\"http:\/\/archers-longwy.fr\/wordpress\/wp-content\/uploads\/2014\/10\/logoclub.jpg\" alt=\"logoclub\" class=\"wp-image-98\"\/><\/figure>\n\n\n\n<figure class=\"wp-block-image\"><img decoding=\"async\" src=\"http:\/\/archers-longwy.fr\/wordpress\/wp-content\/uploads\/2021\/05\/Nouveau-logo-bleu-pour-courrier-sans-cercle.jpg\" alt=\"\"\/><\/figure>\n\n\n\n<p><a href=\"http:\/\/archers-longwy.fr\/wordpress\/wp-content\/uploads\/2014\/10\/logoclub.jpg\" rel=\"attachment wp-att-98\">&nbsp;&nbsp;<\/a><\/p>\n\n\n\n<p><span style=\"font-family: Times New Roman,Times; font-size: 12pt;\">De 1900 \u00e0 1920 le tir \u00e0 l&#8217;arc figure aux Jeux Olympiques.<\/span><br \/>\n<span style=\"font-family: Times New Roman,Times; font-size: 12pt;\"> 1928 voit la naissance de la F.F.T.A. : F\u00e9d\u00e9ration Fran\u00e7aise de Tir \u00e0 l&#8217;Arc.<\/span><br \/>\n<span style=\"font-family: Times New Roman,Times; font-size: 12pt;\"> Le 4 Septembre 1931 une assembl\u00e9e de sept pays fonde la F.I.T.A. :<\/span><br \/>\n<span style=\"font-family: Times New Roman,Times; font-size: 12pt;\"> F\u00e9d\u00e9ration Internationale de Tir \u00e0 l&#8217;Arc.<\/span><br \/>\n<span style=\"font-family: Times New Roman,Times; font-size: 12pt;\"><strong> Le tir \u00e0 l&#8217;arc r\u00e9int\u00e8gre les Jeux Olympiques en 1972<\/strong>, durant les jeux de Munich<\/span><\/p>\n\n\n\n<p>&#8212;&#8212;&#8212;&#8212;&#8212;&#8212;&#8212;&#8212;&#8212;&#8212;&#8212;&#8212;&#8212;&#8212;&#8212;&#8212;&#8212;&#8212;&#8212;&#8212;&#8212;&#8212;&#8212;&#8212;&#8212;&#8212;&#8212;&#8212;&#8212;&#8212;&#8212;&#8212;&#8212;&#8211;<\/p>\n\n\n\n<p><span style=\"font-size: 12pt; font-family: Times New Roman,Times;\"><strong>&#8220;L&#8217;Archer Club Longwy&#8221; a \u00e9t\u00e9 cr\u00e9\u00e9 par une poign\u00e9e de passionn\u00e9s en 1973, la formation se faisait par le bouche \u00e0 oreille et quelques stages.<br \/>\n<\/strong><\/span><\/p>\n\n\n\n<p><span style=\"font-size: 12pt; font-family: Times New Roman,Times;\">A l&#8217;\u00e9poque les entra\u00eenements avaient lieu dans une casemate de la citadelle de Longwy-haut (rue Mercy &#8220;la poudri\u00e8re Saint Martin&#8221;) puis \u00e0 la salle Voltaire gymnase multi-sports, <\/span><span style=\"font-size: 12pt; font-family: Times New Roman,Times;\">c&#8217;\u00e9tait compliqu\u00e9 de s&#8217;entra\u00eener lors des matchs qui se prolongeaient \u00e0 la place de nos horaires. Un formateur M. Jadot s&#8217;occupait alors des d\u00e9butants.<br \/>\n<\/span><\/p>\n\n\n\n<p><span style=\"font-size: 12pt; font-family: Times New Roman,Times;\">Depuis septembre 1994, et afin de d\u00e9velopper l&#8217;\u00e9cole de tir destin\u00e9 aux jeunes de plus de 12 ans et d\u00e9butants adultes, le club changeant en m\u00eame temps d\u2019adresse&nbsp; il <\/span><span style=\"font-size: 12pt; font-family: Times New Roman,Times;\">se situait alors \u00e0 <em><span style=\"text-decoration: underline;\"><strong>l\u2019<a title=\"Salle du Pulventeux\" href=\"http:\/\/archers-longwy.fr\/wordpress\/salles-et-terrains\/salle-du-pulventeux\/\" target=\"_blank\" rel=\"noopener noreferrer\">\u00e9cole Pulventeux<\/a><\/strong><\/span> <\/em>\u00e0 Longwy haut 40 rue de Boismont. Elle a \u00e9t\u00e9 rejointe en 2012 par les licenci\u00e9s de l&#8217;ex club de Cutry qui a ferm\u00e9 ses portes.<br \/>\n<\/span><\/p>\n\n\n\n<p><span style=\"font-size: 12pt; font-family: Times New Roman,Times;\">L\u2019Archer club Haucourt-Moulaine compte actuellement en 2021 : \u00a0 49 licenci\u00e9s inscrits \u00e0 la F\u00e9d\u00e9ration Fran\u00e7aise de Tir \u00e0 l\u2019Arc. <\/span><\/p>\n\n\n\n<p>Depuis le 24 avril 2021 le club a d\u00e9m\u00e9nag\u00e9 \u00e0<strong> Haucourt-Moulaine<\/strong> quartier de St Charles rue de la Garonne dans la salle des sports, la ville de Longwy nous ayant expuls\u00e9 de nos locaux. Du coup<strong> on change de nom<\/strong> qui devient depuis le 8 mai 2021 &#8220;<strong>archer club Haucourt-Moulaine<\/strong>&#8220;<\/p>\n\n\n\n<p>L\u2019Archer club Haucourt-Moulaine compte en 2024 :   <strong>59 licenci\u00e9s <\/strong> inscrits \u00e0 la <strong>F\u00e9d\u00e9ration Fran\u00e7aise de Tir \u00e0 l\u2019Arc. <\/strong><\/p>\n\n\n\n<p><span style=\"font-size: 12pt; font-family: Times New Roman,Times;\">2 entra\u00eeneurs dipl\u00f4m\u00e9s assurent les cours du mercredi, ils vont r\u00e9guli\u00e8rement en formation continue.<br \/>\n<\/span><\/p>\n\n\n\n<p>Aux r\u00e9sultats du club : Plusieurs champions r\u00e9gionaux et participations aux championnats de France..<\/p>\n\n\n\n<p><span style=\"font-size: 12pt; font-family: Times New Roman,Times;\">&nbsp;<\/span><\/p>\n\n\n\n<figure class=\"wp-block-image\"><a href=\"http:\/\/archers-longwy.fr\/wordpress\/wp-content\/uploads\/2014\/10\/img00432.jpg\" rel=\"attachment wp-att-87\"><img loading=\"lazy\" decoding=\"async\" width=\"300\" height=\"240\" src=\"http:\/\/archers-longwy.fr\/wordpress\/wp-content\/uploads\/2014\/10\/img00432-300x240.jpg\" alt=\"img00432\" class=\"wp-image-87\" srcset=\"https:\/\/archers-haucourt.fr\/wordpress\/wp-content\/uploads\/2014\/10\/img00432-300x240.jpg 300w, https:\/\/archers-haucourt.fr\/wordpress\/wp-content\/uploads\/2014\/10\/img00432-1024x819.jpg 1024w, https:\/\/archers-haucourt.fr\/wordpress\/wp-content\/uploads\/2014\/10\/img00432.jpg 1280w\" sizes=\"auto, (max-width: 300px) 100vw, 300px\" \/><\/a><\/figure>\n\n\n\n<figure class=\"wp-block-image\"><a href=\"http:\/\/archers-longwy.fr\/wordpress\/wp-content\/uploads\/2014\/10\/img00423.jpg\" rel=\"attachment wp-att-85\"><img loading=\"lazy\" decoding=\"async\" width=\"300\" height=\"240\" src=\"http:\/\/archers-longwy.fr\/wordpress\/wp-content\/uploads\/2014\/10\/img00423-300x240.jpg\" alt=\"Aux r\u00e9ultats\" class=\"wp-image-85\" srcset=\"https:\/\/archers-haucourt.fr\/wordpress\/wp-content\/uploads\/2014\/10\/img00423-300x240.jpg 300w, https:\/\/archers-haucourt.fr\/wordpress\/wp-content\/uploads\/2014\/10\/img00423-1024x819.jpg 1024w, https:\/\/archers-haucourt.fr\/wordpress\/wp-content\/uploads\/2014\/10\/img00423.jpg 1280w\" sizes=\"auto, (max-width: 300px) 100vw, 300px\" \/><\/a><\/figure>\n\n\n\n<figure class=\"wp-block-image\"><a href=\"http:\/\/archers-longwy.fr\/wordpress\/wp-content\/uploads\/2014\/10\/edition-equipe-jeunes-longwy.jpg\" rel=\"attachment wp-att-313\"><img loading=\"lazy\" decoding=\"async\" width=\"300\" height=\"196\" src=\"http:\/\/archers-longwy.fr\/wordpress\/wp-content\/uploads\/2014\/10\/edition-equipe-jeunes-longwy-300x196.jpg\" alt=\"edition equipe jeunes longwy\" class=\"wp-image-313\" srcset=\"https:\/\/archers-haucourt.fr\/wordpress\/wp-content\/uploads\/2014\/10\/edition-equipe-jeunes-longwy-300x196.jpg 300w, https:\/\/archers-haucourt.fr\/wordpress\/wp-content\/uploads\/2014\/10\/edition-equipe-jeunes-longwy-1024x672.jpg 1024w, https:\/\/archers-haucourt.fr\/wordpress\/wp-content\/uploads\/2014\/10\/edition-equipe-jeunes-longwy.jpg 1280w\" sizes=\"auto, (max-width: 300px) 100vw, 300px\" \/><\/a><\/figure>\n\n\n\n<p>&nbsp; &nbsp;&nbsp; <span style=\"font-family: Times New Roman,Times; font-size: 12pt;\"><\/span><\/p>\n\n\n\n<p><span style=\"font-size: small;\"><span style=\"font-size: 12pt; font-family: Times New Roman,Times;\">Le 02 Juin 2011 le club a re\u00e7u <strong>le label de Bronze<\/strong> de la F\u00e9d\u00e9ration Fran\u00e7aise de tir \u00e0 l&#8217;arc, ce label est renouvel\u00e9 en 2013,201,2017 jusqu&#8217;\u00e0 ao\u00fbt 2020 !<\/span><\/span><\/p>\n\n\n\n<p><span style=\"font-size: small;\"><span style=\"font-size: 12pt; font-family: Times New Roman,Times;\">Les labels sont attribu\u00e9s sur dossier et not\u00e9s suivant l&#8217;accueil, l&#8217;encadrement, les activit\u00e9s sportives, le mat\u00e9riel et les horaires.<\/span><br \/>\n<\/span><\/p>\n\n\n\n<figure class=\"wp-block-image\"><a href=\"http:\/\/archers-longwy.fr\/wordpress\/wp-content\/uploads\/2014\/11\/LABEL-Bronze-2011.jpg\" rel=\"attachment wp-att-768\"><img loading=\"lazy\" decoding=\"async\" width=\"300\" height=\"200\" src=\"http:\/\/archers-longwy.fr\/wordpress\/wp-content\/uploads\/2014\/11\/LABEL-Bronze-2011-300x200.jpg\" alt=\"LABEL Bronze 2011\" class=\"wp-image-768\" srcset=\"https:\/\/archers-haucourt.fr\/wordpress\/wp-content\/uploads\/2014\/11\/LABEL-Bronze-2011-300x200.jpg 300w, https:\/\/archers-haucourt.fr\/wordpress\/wp-content\/uploads\/2014\/11\/LABEL-Bronze-2011.jpg 448w\" sizes=\"auto, (max-width: 300px) 100vw, 300px\" \/><\/a><\/figure>\n\n\n\n<figure class=\"wp-block-image\"><a href=\"http:\/\/archers-longwy.fr\/wordpress\/wp-content\/uploads\/2014\/10\/label-2017-2019.jpg\" rel=\"attachment wp-att-3017\"><img decoding=\"async\" src=\"http:\/\/archers-longwy.fr\/wordpress\/wp-content\/uploads\/2019\/08\/Label-2020-1.jpg\" alt=\"\"\/><\/a><\/figure>\n\n\n\n<p class=\"has-text-align-center\">&nbsp; <\/p>\n\n\n\n<p>&#8212;&#8212;&#8212;&#8212;&#8212;&#8212;&#8212;&#8212;&#8212;&#8212;&#8212;&#8212;&#8212;&#8212;&#8212;&#8212;&#8212;&#8212;&#8212;&#8212;&#8212;&#8212;&#8212;&#8212;&#8212;&#8212;&#8212;&#8212;&#8212;&#8212;&#8212;&#8212;&#8212;&#8212;&#8212;&#8212;&#8212;&#8212;&#8212;&#8212;&#8212;&#8212;&#8212;&#8212;-<\/p>\n\n\n\n<p><span style=\"font-family: Times New Roman,Times; font-size: 12pt;\">L&#8217;\u00e9cole de tir pratique aussi en ext\u00e9rieur lorsque les archers sont au point et que le temps le permet&nbsp; :<\/span><br \/>\n<span style=\"font-size: 12pt; font-family: Times New Roman,Times;\"> Un <strong><span style=\"text-decoration: underline;\"><em><a title=\"Le terrain d'Haucourt-Moulaine\" href=\"index.php?perma=1261344266\" target=\"_blank\" rel=\"noopener noreferrer\">terrain dans le bois<\/a><\/em><\/span><\/strong> sur la commune de Moulaine a \u00e9t\u00e9 am\u00e9nag\u00e9 pour le tir en campagne et depuis 2013 des pas de tir en 3D, compl\u00e9t\u00e9 chaque ann\u00e9e.<\/span><\/p>\n\n\n\n<p><span style=\"font-family: Times New Roman,Times; font-size: 12pt;\">Un <em><span style=\"text-decoration: underline;\"><strong><a title=\"Salles et terrains\" href=\"http:\/\/archers-longwy.fr\/wordpress\/salles-et-terrains\/\">terrain rue de la Fronti\u00e8re <\/a><\/strong><\/span><\/em>5 buttes de tir am\u00e9nag\u00e9es de 10 m \u00e0 70 m<\/span><\/p>\n\n\n\n<p><a href=\"http:\/\/archers-longwy.fr\/wordpress\/\"><strong><span style=\"text-decoration: underline;\"><span style=\"color: #ff0000; text-decoration: underline;\">Accueil<\/span><\/span><\/strong><\/a><\/p>\n\n\n\n<hr class=\"wp-block-separator has-alpha-channel-opacity\"\/>\n","protected":false},"excerpt":{"rendered":"<p>&nbsp;&nbsp; De 1900 \u00e0 1920 le tir \u00e0 l&#8217;arc figure aux Jeux Olympiques. 1928 voit la naissance de la F.F.T.A. : F\u00e9d\u00e9ration Fran\u00e7aise de Tir \u00e0 l&#8217;Arc. Le 4 Septembre 1931 une assembl\u00e9e de sept pays fonde la F.I.T.A. : F\u00e9d\u00e9ration Internationale de Tir \u00e0 l&#8217;Arc. Le tir \u00e0 l&#8217;arc r\u00e9int\u00e8gre les Jeux Olympiques en [&hellip;]<\/p>\n","protected":false},"author":2,"featured_media":0,"parent":194,"menu_order":6,"comment_status":"closed","ping_status":"closed","template":"","meta":{"_bbp_topic_count":0,"_bbp_reply_count":0,"_bbp_total_topic_count":0,"_bbp_total_reply_count":0,"_bbp_voice_count":0,"_bbp_anonymous_reply_count":0,"_bbp_topic_count_hidden":0,"_bbp_reply_count_hidden":0,"_bbp_forum_subforum_count":0,"footnotes":""},"class_list":["post-246","page","type-page","status-publish","hentry"],"jetpack_sharing_enabled":true,"_links":{"self":[{"href":"https:\/\/archers-haucourt.fr\/wordpress\/wp-json\/wp\/v2\/pages\/246","targetHints":{"allow":["GET"]}}],"collection":[{"href":"https:\/\/archers-haucourt.fr\/wordpress\/wp-json\/wp\/v2\/pages"}],"about":[{"href":"https:\/\/archers-haucourt.fr\/wordpress\/wp-json\/wp\/v2\/types\/page"}],"author":[{"embeddable":true,"href":"https:\/\/archers-haucourt.fr\/wordpress\/wp-json\/wp\/v2\/users\/2"}],"replies":[{"embeddable":true,"href":"https:\/\/archers-haucourt.fr\/wordpress\/wp-json\/wp\/v2\/comments?post=246"}],"version-history":[{"count":43,"href":"https:\/\/archers-haucourt.fr\/wordpress\/wp-json\/wp\/v2\/pages\/246\/revisions"}],"predecessor-version":[{"id":6465,"href":"https:\/\/archers-haucourt.fr\/wordpress\/wp-json\/wp\/v2\/pages\/246\/revisions\/6465"}],"up":[{"embeddable":true,"href":"https:\/\/archers-haucourt.fr\/wordpress\/wp-json\/wp\/v2\/pages\/194"}],"wp:attachment":[{"href":"https:\/\/archers-haucourt.fr\/wordpress\/wp-json\/wp\/v2\/media?parent=246"}],"curies":[{"name":"wp","href":"https:\/\/api.w.org\/{rel}","templated":true}]}}