{"id":258,"date":"2014-10-29T11:44:10","date_gmt":"2014-10-29T10:44:10","guid":{"rendered":"http:\/\/archers-longwy.fr\/wordpress\/?page_id=258"},"modified":"2014-11-14T15:29:30","modified_gmt":"2014-11-14T14:29:30","slug":"haucourt-moulaine","status":"publish","type":"page","link":"https:\/\/archers-haucourt.fr\/wordpress\/salles-et-terrains\/haucourt-moulaine\/","title":{"rendered":"Haucourt-Moulaine"},"content":{"rendered":"<p>Situ\u00e9 \u00e0 proximit\u00e9 de la voie et dans le bois de Moulaine, un parcours comprenant une butte de tir \u00e0 plat jusqu&#8217;\u00e0 70 m, des cibles de parcours en campagne et des cibles 3D.<br \/>\nGPS =N 49.50222097607989, E 5.8162736892700195<\/p>\n<h3>\u00a0 <a href=\"http:\/\/archers-longwy.fr\/wordpress\/wp-content\/uploads\/2014\/10\/terrain_haucourt.png\"><img loading=\"lazy\" decoding=\"async\" class=\"wp-image-136 \" src=\"http:\/\/archers-longwy.fr\/wordpress\/wp-content\/uploads\/2014\/10\/terrain_haucourt.png\" alt=\"For\u00eat\" width=\"459\" height=\"446\" srcset=\"https:\/\/archers-haucourt.fr\/wordpress\/wp-content\/uploads\/2014\/10\/terrain_haucourt.png 500w, https:\/\/archers-haucourt.fr\/wordpress\/wp-content\/uploads\/2014\/10\/terrain_haucourt-300x291.png 300w\" sizes=\"auto, (max-width: 459px) 100vw, 459px\" \/><\/a>\u00a0 <a href=\"http:\/\/archers-longwy.fr\/wordpress\/wp-content\/uploads\/2014\/10\/Plan-vers-Moulaine.jpg\" target=\"_blank\" rel=\"http:\/\/archers-longwy.fr\/wordpress\/wp-content\/uploads\/2014\/10\/Plan-vers-Moulaine.jpg\"><img loading=\"lazy\" decoding=\"async\" class=\"alignnone wp-image-956\" src=\"http:\/\/archers-longwy.fr\/wordpress\/wp-content\/uploads\/2014\/10\/Plan-vers-Moulaine.jpg\" alt=\"Plan vers Moulaine\" width=\"654\" height=\"445\" srcset=\"https:\/\/archers-haucourt.fr\/wordpress\/wp-content\/uploads\/2014\/10\/Plan-vers-Moulaine.jpg 1258w, https:\/\/archers-haucourt.fr\/wordpress\/wp-content\/uploads\/2014\/10\/Plan-vers-Moulaine-300x204.jpg 300w, https:\/\/archers-haucourt.fr\/wordpress\/wp-content\/uploads\/2014\/10\/Plan-vers-Moulaine-1024x696.jpg 1024w, https:\/\/archers-haucourt.fr\/wordpress\/wp-content\/uploads\/2014\/10\/Plan-vers-Moulaine-900x612.jpg 900w\" sizes=\"auto, (max-width: 654px) 100vw, 654px\" \/><\/a> clic pour agrandir<\/h3>\n<h3>Comment s&#8217;y rendre :<\/h3>\n<ul>\n<li>Sortir de la voie rapide N52 : &#8220;Herserange-Haucourt Moulaine&#8221;<\/li>\n<li>puis descendre vers le bois de MOULAINE<\/li>\n<li>passer devant le restaurant &#8220;l&#8217;Or\u00e9e du bois&#8221;<\/li>\n<li>le terrain est \u00e0 50m dans le bois sur votre gauche&#8230; en face de la marbrerie &#8220;Pagny&#8221;.<\/li>\n<\/ul>\n<p><strong>Lien Openstreet :<\/strong> <a href=\"https:\/\/www.openstreetmap.org\/node\/3165800038#map=14\/49.5092\/5.8058\" target=\"_blank\">https:\/\/www.openstreetmap.org\/node\/3165800038#map=14\/49.5092\/5.8058<\/a><\/p>\n","protected":false},"excerpt":{"rendered":"<p>Situ\u00e9 \u00e0 proximit\u00e9 de la voie et dans le bois de Moulaine, un parcours comprenant une butte de tir \u00e0 plat jusqu&#8217;\u00e0 70 m, des cibles de parcours en campagne et des cibles 3D. GPS =N 49.50222097607989, E 5.8162736892700195 \u00a0 \u00a0 clic pour agrandir Comment s&#8217;y rendre : Sortir de la voie rapide N52 : [&hellip;]<\/p>\n","protected":false},"author":2,"featured_media":0,"parent":253,"menu_order":3,"comment_status":"closed","ping_status":"closed","template":"","meta":{"_bbp_topic_count":0,"_bbp_reply_count":0,"_bbp_total_topic_count":0,"_bbp_total_reply_count":0,"_bbp_voice_count":0,"_bbp_anonymous_reply_count":0,"_bbp_topic_count_hidden":0,"_bbp_reply_count_hidden":0,"_bbp_forum_subforum_count":0,"footnotes":""},"class_list":["post-258","page","type-page","status-publish","hentry"],"jetpack_sharing_enabled":true,"_links":{"self":[{"href":"https:\/\/archers-haucourt.fr\/wordpress\/wp-json\/wp\/v2\/pages\/258","targetHints":{"allow":["GET"]}}],"collection":[{"href":"https:\/\/archers-haucourt.fr\/wordpress\/wp-json\/wp\/v2\/pages"}],"about":[{"href":"https:\/\/archers-haucourt.fr\/wordpress\/wp-json\/wp\/v2\/types\/page"}],"author":[{"embeddable":true,"href":"https:\/\/archers-haucourt.fr\/wordpress\/wp-json\/wp\/v2\/users\/2"}],"replies":[{"embeddable":true,"href":"https:\/\/archers-haucourt.fr\/wordpress\/wp-json\/wp\/v2\/comments?post=258"}],"version-history":[{"count":5,"href":"https:\/\/archers-haucourt.fr\/wordpress\/wp-json\/wp\/v2\/pages\/258\/revisions"}],"predecessor-version":[{"id":958,"href":"https:\/\/archers-haucourt.fr\/wordpress\/wp-json\/wp\/v2\/pages\/258\/revisions\/958"}],"up":[{"embeddable":true,"href":"https:\/\/archers-haucourt.fr\/wordpress\/wp-json\/wp\/v2\/pages\/253"}],"wp:attachment":[{"href":"https:\/\/archers-haucourt.fr\/wordpress\/wp-json\/wp\/v2\/media?parent=258"}],"curies":[{"name":"wp","href":"https:\/\/api.w.org\/{rel}","templated":true}]}}