{"id":263,"date":"2014-10-29T11:52:56","date_gmt":"2014-10-29T10:52:56","guid":{"rendered":"http:\/\/archers-longwy.fr\/wordpress\/?page_id=263"},"modified":"2021-05-11T18:36:23","modified_gmt":"2021-05-11T16:36:23","slug":"concours","status":"publish","type":"page","link":"https:\/\/archers-haucourt.fr\/wordpress\/concours\/","title":{"rendered":"Concours"},"content":{"rendered":"<ul>\n<li><a title=\"Organis\u00e9s par Longwy\" href=\"http:\/\/archers-longwy.fr\/wordpress\/concours\/organises-par-longwy\/\">Concours organis\u00e9s par le club<\/a><\/li>\n<li><a title=\"Autres concours\" href=\"http:\/\/archers-longwy.fr\/wordpress\/concours\/autres-concours\/\">Autres concours et comp\u00e9titions<\/a><\/li>\n<\/ul>\n<p>Les inscriptions aux championnats de France re\u00e7oivent une participation de la Ligue adress\u00e9e aux clubs.<\/p>\n<p>L&#8217;Archer Club verse cette participation \u00e0 l&#8217;archer concern\u00e9 d\u00e8s le r\u00e8glement par la Ligue.<\/p>\n<p><a href=\"http:\/\/archers-longwy.fr\/wordpress\/\"><span style=\"text-decoration: underline; color: #ff0000;\"><strong>Accueil<\/strong><\/span><\/a><\/p>\n","protected":false},"excerpt":{"rendered":"<p>Concours organis\u00e9s par le club Autres concours et comp\u00e9titions Les inscriptions aux championnats de France re\u00e7oivent une participation de la Ligue adress\u00e9e aux clubs. L&#8217;Archer Club verse cette participation \u00e0 l&#8217;archer concern\u00e9 d\u00e8s le r\u00e8glement par la Ligue. Accueil<\/p>\n","protected":false},"author":2,"featured_media":0,"parent":0,"menu_order":4,"comment_status":"closed","ping_status":"closed","template":"","meta":{"_bbp_topic_count":0,"_bbp_reply_count":0,"_bbp_total_topic_count":0,"_bbp_total_reply_count":0,"_bbp_voice_count":0,"_bbp_anonymous_reply_count":0,"_bbp_topic_count_hidden":0,"_bbp_reply_count_hidden":0,"_bbp_forum_subforum_count":0,"footnotes":""},"class_list":["post-263","page","type-page","status-publish","hentry"],"jetpack_sharing_enabled":true,"_links":{"self":[{"href":"https:\/\/archers-haucourt.fr\/wordpress\/wp-json\/wp\/v2\/pages\/263","targetHints":{"allow":["GET"]}}],"collection":[{"href":"https:\/\/archers-haucourt.fr\/wordpress\/wp-json\/wp\/v2\/pages"}],"about":[{"href":"https:\/\/archers-haucourt.fr\/wordpress\/wp-json\/wp\/v2\/types\/page"}],"author":[{"embeddable":true,"href":"https:\/\/archers-haucourt.fr\/wordpress\/wp-json\/wp\/v2\/users\/2"}],"replies":[{"embeddable":true,"href":"https:\/\/archers-haucourt.fr\/wordpress\/wp-json\/wp\/v2\/comments?post=263"}],"version-history":[{"count":9,"href":"https:\/\/archers-haucourt.fr\/wordpress\/wp-json\/wp\/v2\/pages\/263\/revisions"}],"predecessor-version":[{"id":4526,"href":"https:\/\/archers-haucourt.fr\/wordpress\/wp-json\/wp\/v2\/pages\/263\/revisions\/4526"}],"wp:attachment":[{"href":"https:\/\/archers-haucourt.fr\/wordpress\/wp-json\/wp\/v2\/media?parent=263"}],"curies":[{"name":"wp","href":"https:\/\/api.w.org\/{rel}","templated":true}]}}