{"id":3261,"date":"2018-03-17T13:29:53","date_gmt":"2018-03-17T11:29:53","guid":{"rendered":"http:\/\/archers-longwy.fr\/wordpress\/?page_id=3261"},"modified":"2024-11-27T16:34:27","modified_gmt":"2024-11-27T14:34:27","slug":"records-et-performances-du-club-de-longwy","status":"publish","type":"page","link":"https:\/\/archers-haucourt.fr\/wordpress\/le-club\/records-et-performances-du-club-de-longwy\/","title":{"rendered":"Records et performances du Club"},"content":{"rendered":"\n<p><span style=\"font-size: 12pt; font-family: Comic\\ Sans\\ MS, sans-serif;\">Le club d\u00e9tient quelques records de Lorraine et de France :<\/span><\/p>\n\n\n\n<p><span style=\"text-decoration: underline;\"><span style=\"font-size: 12pt; font-family: Comic\\ Sans\\ MS, sans-serif;\">Records :<\/span><\/span><\/p>\n\n\n\n<ul class=\"wp-block-list\">\n<li><span style=\"font-size: 12pt; font-family: Comic\\ Sans\\ MS, sans-serif;\">Tir bare bow \u00e0 25 m record de Lorraine d\u00e9tenu par M.Didier Grandfils en &#8230;<br \/><br \/><\/span><\/li>\n<\/ul>\n\n\n\n<p><span style=\"text-decoration: underline;\"><span style=\"font-size: 12pt; font-family: Comic\\ Sans\\ MS, sans-serif;\">Performances : <\/span><\/span><\/p>\n\n\n\n<ul class=\"wp-block-list\">\n<li><br \/><div><span style=\"font-family: Comic\\ Sans\\ MS, sans-serif; font-size: 12pt;\">Pendant son stage de mars 2018 au Creps de Nancy, Nathan Cadronet a battu avec 699 points le record de France junior FITA (2X50m) d\u00e9tenu par Adrien Gontier depuis le 15\/09\/2012 avec 698 points.<\/span><\/div><br \/><div><span style=\"font-family: Comic\\ Sans\\ MS, sans-serif; font-size: 12pt;\">\u00a0Bien entendu, ce score et ce record\u00a0ne peuvent \u00eatre pris en compte car r\u00e9alis\u00e9s \u00e0 l&#8217;entrainement (m\u00eame si c&#8217;\u00e9tait\u00a0dans des conditions identiques\u00a0\u00e0 une comp\u00e9tition).<\/span><\/div><br \/><\/li>\n\n\n\n<li><span style=\"font-family: Comic Sans MS, sans-serif; font-size: 12pt;\">Championne de France en tir campagne 2018 : Candice Cadronet <\/span><\/li>\n\n\n\n<li><span style=\"font-family: Comic Sans MS, sans-serif; font-size: 12pt;\">Champion de France en tir campagne 2018 : Nathan Cadronet <\/span><\/li>\n\n\n\n<li><strong>Candice championne de France TAE 2021<\/strong><\/li>\n\n\n\n<li>Championnat Europe 3\u00e8me en 2024 <\/li>\n<\/ul>\n\n\n\n<figure class=\"wp-block-image\"><img decoding=\"async\" src=\"http:\/\/archers-longwy.fr\/wordpress\/wp-content\/uploads\/2021\/07\/226178757_1233732287047153_4120649917293939050_n.jpg\" alt=\"Candice championne de France TAE 2021\"\/><\/figure>\n\n\n\n<p><a href=\"http:\/\/archers-longwy.fr\/wordpress\/le-club\/accueil\/\"><span style=\"text-decoration: underline;\"><strong>Accueil<\/strong><\/span><\/a><\/p>\n","protected":false},"excerpt":{"rendered":"<p>Le club d\u00e9tient quelques records de Lorraine et de France : Records : Performances : Accueil<\/p>\n","protected":false},"author":2,"featured_media":0,"parent":180,"menu_order":0,"comment_status":"closed","ping_status":"closed","template":"","meta":{"_bbp_topic_count":0,"_bbp_reply_count":0,"_bbp_total_topic_count":0,"_bbp_total_reply_count":0,"_bbp_voice_count":0,"_bbp_anonymous_reply_count":0,"_bbp_topic_count_hidden":0,"_bbp_reply_count_hidden":0,"_bbp_forum_subforum_count":0,"footnotes":""},"class_list":["post-3261","page","type-page","status-publish","hentry"],"jetpack_sharing_enabled":true,"_links":{"self":[{"href":"https:\/\/archers-haucourt.fr\/wordpress\/wp-json\/wp\/v2\/pages\/3261","targetHints":{"allow":["GET"]}}],"collection":[{"href":"https:\/\/archers-haucourt.fr\/wordpress\/wp-json\/wp\/v2\/pages"}],"about":[{"href":"https:\/\/archers-haucourt.fr\/wordpress\/wp-json\/wp\/v2\/types\/page"}],"author":[{"embeddable":true,"href":"https:\/\/archers-haucourt.fr\/wordpress\/wp-json\/wp\/v2\/users\/2"}],"replies":[{"embeddable":true,"href":"https:\/\/archers-haucourt.fr\/wordpress\/wp-json\/wp\/v2\/comments?post=3261"}],"version-history":[{"count":12,"href":"https:\/\/archers-haucourt.fr\/wordpress\/wp-json\/wp\/v2\/pages\/3261\/revisions"}],"predecessor-version":[{"id":6573,"href":"https:\/\/archers-haucourt.fr\/wordpress\/wp-json\/wp\/v2\/pages\/3261\/revisions\/6573"}],"up":[{"embeddable":true,"href":"https:\/\/archers-haucourt.fr\/wordpress\/wp-json\/wp\/v2\/pages\/180"}],"wp:attachment":[{"href":"https:\/\/archers-haucourt.fr\/wordpress\/wp-json\/wp\/v2\/media?parent=3261"}],"curies":[{"name":"wp","href":"https:\/\/api.w.org\/{rel}","templated":true}]}}