{"id":344,"date":"2014-10-30T09:52:35","date_gmt":"2014-10-30T08:52:35","guid":{"rendered":"http:\/\/archers-longwy.fr\/wordpress\/?page_id=344"},"modified":"2025-06-17T09:26:17","modified_gmt":"2025-06-17T07:26:17","slug":"roles-informatiques","status":"publish","type":"page","link":"https:\/\/archers-haucourt.fr\/wordpress\/a-propos\/roles-informatiques\/","title":{"rendered":"R\u00f4les informatiques"},"content":{"rendered":"\n<p>Tous les sites permettant d&#8217;ins\u00e9rer du contenu doivent donner des r\u00f4les aux utilisateurs, allant du simple lecteur \u00e0 l&#8217;administrateur du site.<\/p>\n\n\n\n<p>WordPress les d\u00e9finit ainsi.<\/p>\n\n\n\n<h3 class=\"wp-block-heading\">Administrateur<\/h3>\n\n\n\n<p>Personne qui a acc\u00e8s \u00e0 toutes les foncions d&#8217;administration. :<span style=\"font-size: 12pt;\"><strong>  F. Gu\u00e9bert<\/strong><\/span><\/p>\n\n\n\n<h3 class=\"wp-block-heading\">\u00c9diteur<\/h3>\n\n\n\n<p>Personne qui peut r\u00e9diger et publier des billets mais aussi g\u00e9rer les billets d&#8217;autres personnes.<\/p>\n\n\n\n<h3 class=\"wp-block-heading\">Auteur<\/h3>\n\n\n\n<p>Personne qui peut r\u00e9diger et publier ses propres billets.<\/p>\n\n\n\n<h3 class=\"wp-block-heading\">Contributeur<\/h3>\n\n\n\n<p>Personne qui peut r\u00e9diger et g\u00e9rer ses propres billets mais qui ne peut pas les publier.<\/p>\n\n\n\n<h3 class=\"wp-block-heading\">Abonn\u00e9<\/h3>\n\n\n\n<p>Personne qui peut lire et envoyer des commentaires mais qui peut \u00e9galement recevoir les newsletters. <span style=\"font-size: 12pt;\"><strong>Tous les membres de l&#8217;archer Club Longwy ou archers du club d&#8217;Haucourt<br \/>\n<\/strong><\/span><\/p>\n\n\n\n<p><a title=\"Accueil\" href=\"http:\/\/archers-longwy.fr\/wordpress\/\"><span style=\"text-decoration: underline;\"><strong>Retour \u00e0 l&#8217;accueil<\/strong><\/span><\/a><\/p>\n","protected":false},"excerpt":{"rendered":"<p>Tous les sites permettant d&#8217;ins\u00e9rer du contenu doivent donner des r\u00f4les aux utilisateurs, allant du simple lecteur \u00e0 l&#8217;administrateur du site. WordPress les d\u00e9finit ainsi. Administrateur Personne qui a acc\u00e8s \u00e0 toutes les foncions d&#8217;administration. : F. Gu\u00e9bert \u00c9diteur Personne qui peut r\u00e9diger et publier des billets mais aussi g\u00e9rer les billets d&#8217;autres personnes. Auteur [&hellip;]<\/p>\n","protected":false},"author":2,"featured_media":0,"parent":341,"menu_order":0,"comment_status":"closed","ping_status":"closed","template":"","meta":{"_bbp_topic_count":0,"_bbp_reply_count":0,"_bbp_total_topic_count":0,"_bbp_total_reply_count":0,"_bbp_voice_count":0,"_bbp_anonymous_reply_count":0,"_bbp_topic_count_hidden":0,"_bbp_reply_count_hidden":0,"_bbp_forum_subforum_count":0,"footnotes":""},"class_list":["post-344","page","type-page","status-publish","hentry"],"jetpack_sharing_enabled":true,"_links":{"self":[{"href":"https:\/\/archers-haucourt.fr\/wordpress\/wp-json\/wp\/v2\/pages\/344","targetHints":{"allow":["GET"]}}],"collection":[{"href":"https:\/\/archers-haucourt.fr\/wordpress\/wp-json\/wp\/v2\/pages"}],"about":[{"href":"https:\/\/archers-haucourt.fr\/wordpress\/wp-json\/wp\/v2\/types\/page"}],"author":[{"embeddable":true,"href":"https:\/\/archers-haucourt.fr\/wordpress\/wp-json\/wp\/v2\/users\/2"}],"replies":[{"embeddable":true,"href":"https:\/\/archers-haucourt.fr\/wordpress\/wp-json\/wp\/v2\/comments?post=344"}],"version-history":[{"count":5,"href":"https:\/\/archers-haucourt.fr\/wordpress\/wp-json\/wp\/v2\/pages\/344\/revisions"}],"predecessor-version":[{"id":6745,"href":"https:\/\/archers-haucourt.fr\/wordpress\/wp-json\/wp\/v2\/pages\/344\/revisions\/6745"}],"up":[{"embeddable":true,"href":"https:\/\/archers-haucourt.fr\/wordpress\/wp-json\/wp\/v2\/pages\/341"}],"wp:attachment":[{"href":"https:\/\/archers-haucourt.fr\/wordpress\/wp-json\/wp\/v2\/media?parent=344"}],"curies":[{"name":"wp","href":"https:\/\/api.w.org\/{rel}","templated":true}]}}