{"id":416,"date":"2014-10-31T11:09:38","date_gmt":"2014-10-31T10:09:38","guid":{"rendered":"http:\/\/archers-longwy.fr\/wordpress\/?page_id=416"},"modified":"2025-06-17T09:36:36","modified_gmt":"2025-06-17T07:36:36","slug":"budget-dun-archer","status":"publish","type":"page","link":"https:\/\/archers-haucourt.fr\/wordpress\/e-propos-du-tir-a-larc\/budget-dun-archer\/","title":{"rendered":"Budget d&#8217;un archer"},"content":{"rendered":"\n<p>Pour d\u00e9buter en tir \u00e0 l&#8217;arc il suffit de faire l&#8217;\u00e9cole de tir et donc pr\u00e9voir la licence annuelle f\u00e9d\u00e9rale et le co\u00fbt des cours : <a title=\"Tarifs \u00e9cole de tir\" href=\"http:\/\/archers-longwy.fr\/wordpress\/lecole-de-tir\/tarifs\/\">Tarifs \u00e9cole de tir<\/a>.<\/p>\n\n\n\n<p>Je conseille un \u00e9quipement perso pour le carquois (droitier ou gaucher !) le prot\u00e8ge bras et la palette le tout pour environ 30\/40 \u20ac suivant les mod\u00e8les de base.<\/p>\n\n\n\n<p>Un enfant grandit rapidement et l&#8217;arc doit correspondre \u00e0 sa taille ! Le club a toute sorte de taille d&#8217;arc et branches ne pas se pr\u00e9cipiter&#8230; et chercher des conseils aupr\u00e8s d&#8217;archers confirm\u00e9s.<\/p>\n\n\n\n<ol class=\"wp-block-list\">\n<li>Pour avoir son propre mat\u00e9riel permettant des d\u00e9buts de comp\u00e9tition, il faut compter pour un mat\u00e9riel personnel complet avec sac, fl\u00e8ches, cl\u00e9s, mat. de rechange etc.. :<\/li>\n\n\n\n<li>D\u00e9butant en&nbsp; comp\u00e9tition en arc classique pr\u00e9voir un budget de\n<ul class=\"wp-block-list\">\n<li>Enfant : 350 \u00e0 400 \u20ac*<\/li>\n\n\n\n<li>Adulte : 650 \u00e0 800 \u20ac*<\/li>\n<\/ul>\n<\/li>\n\n\n\n<li>Comp\u00e9tition de tr\u00e8s haut niveau comptez de 1 500 \u00e0 2000 \u20ac.<br \/><br \/>(*<em>Il existe d&#8217;excellents \u00e9quipements de seconde main comptez d\u00e9duire de 30 \u00e0 50% de ce montant.<\/em>)<\/li>\n<\/ol>\n\n\n\n<p>Pour le milieu et haut de gamme, \u00e0 voir sur les catalogues marchands des <a href=\"https:\/\/archers-haucourt.fr\/wordpress\/le-tir-a-larc-et-internet\/liens-internet\/\" data-type=\"page\" data-id=\"936\">sites fournisseurs<\/a><\/p>\n\n\n\n<p><a href=\"http:\/\/archers-longwy.fr\/wordpress\/\"><span style=\"text-decoration: underline;\"><strong>Accueil<\/strong><\/span><\/a><\/p>\n","protected":false},"excerpt":{"rendered":"<p>Pour d\u00e9buter en tir \u00e0 l&#8217;arc il suffit de faire l&#8217;\u00e9cole de tir et donc pr\u00e9voir la licence annuelle f\u00e9d\u00e9rale et le co\u00fbt des cours : Tarifs \u00e9cole de tir. Je conseille un \u00e9quipement perso pour le carquois (droitier ou gaucher !) le prot\u00e8ge bras et la palette le tout pour environ 30\/40 \u20ac suivant [&hellip;]<\/p>\n","protected":false},"author":2,"featured_media":0,"parent":477,"menu_order":1,"comment_status":"closed","ping_status":"closed","template":"","meta":{"_bbp_topic_count":0,"_bbp_reply_count":0,"_bbp_total_topic_count":0,"_bbp_total_reply_count":0,"_bbp_voice_count":0,"_bbp_anonymous_reply_count":0,"_bbp_topic_count_hidden":0,"_bbp_reply_count_hidden":0,"_bbp_forum_subforum_count":0,"footnotes":""},"class_list":["post-416","page","type-page","status-publish","hentry"],"jetpack_sharing_enabled":true,"_links":{"self":[{"href":"https:\/\/archers-haucourt.fr\/wordpress\/wp-json\/wp\/v2\/pages\/416","targetHints":{"allow":["GET"]}}],"collection":[{"href":"https:\/\/archers-haucourt.fr\/wordpress\/wp-json\/wp\/v2\/pages"}],"about":[{"href":"https:\/\/archers-haucourt.fr\/wordpress\/wp-json\/wp\/v2\/types\/page"}],"author":[{"embeddable":true,"href":"https:\/\/archers-haucourt.fr\/wordpress\/wp-json\/wp\/v2\/users\/2"}],"replies":[{"embeddable":true,"href":"https:\/\/archers-haucourt.fr\/wordpress\/wp-json\/wp\/v2\/comments?post=416"}],"version-history":[{"count":6,"href":"https:\/\/archers-haucourt.fr\/wordpress\/wp-json\/wp\/v2\/pages\/416\/revisions"}],"predecessor-version":[{"id":6748,"href":"https:\/\/archers-haucourt.fr\/wordpress\/wp-json\/wp\/v2\/pages\/416\/revisions\/6748"}],"up":[{"embeddable":true,"href":"https:\/\/archers-haucourt.fr\/wordpress\/wp-json\/wp\/v2\/pages\/477"}],"wp:attachment":[{"href":"https:\/\/archers-haucourt.fr\/wordpress\/wp-json\/wp\/v2\/media?parent=416"}],"curies":[{"name":"wp","href":"https:\/\/api.w.org\/{rel}","templated":true}]}}