{"id":421,"date":"2014-10-31T11:30:50","date_gmt":"2014-10-31T10:30:50","guid":{"rendered":"http:\/\/archers-longwy.fr\/wordpress\/?page_id=421"},"modified":"2014-11-25T10:25:34","modified_gmt":"2014-11-25T09:25:34","slug":"disciplines","status":"publish","type":"page","link":"https:\/\/archers-haucourt.fr\/wordpress\/e-propos-du-tir-a-larc\/disciplines\/","title":{"rendered":"Les Disciplines"},"content":{"rendered":"<p><span style=\"font-family: times new roman,times; font-size: large;\">Les disciplines en tir \u00e0 l&#8217;arc sont nombreuses et permettent \u00e0 l&#8217;archer de trouver ou varier les tirs qui lui plaisent. <\/span><\/p>\n<p><span style=\"font-family: times new roman,times; font-size: large;\">Voir page Wikip\u00e9dia sur les disciplines <\/span><span style=\"font-family: times new roman,times; font-size: large;\"><span style=\"text-decoration: underline;\"><a title=\"Tir \u00e0 l'arc\" href=\"http:\/\/fr.wikipedia.org\/wiki\/Tir_%C3%A0_l%27arc\" target=\"_blank\">http:\/\/fr.wikipedia.org\/wiki\/Tir_%C3%A0_l%27arc<\/a> <\/span> <\/span><\/p>\n<p>&nbsp;<\/p>\n<ul>\n<li><a title=\"Tir en salle\" href=\"http:\/\/archers-longwy.fr\/wordpress\/disciplines\/tir-en-salle\/\">Tir en salle<\/a><\/li>\n<li><a title=\"FITA\" href=\"http:\/\/archers-longwy.fr\/wordpress\/disciplines\/fita\/\">FITA<\/a><\/li>\n<li><a title=\"FFTA\" href=\"http:\/\/archers-longwy.fr\/wordpress\/disciplines\/ffta\/\">FFTA<\/a><\/li>\n<li><a title=\"Campagne\" href=\"http:\/\/archers-longwy.fr\/wordpress\/disciplines\/campagne\/\">Campagne<\/a><\/li>\n<li><a title=\"Beursault\" href=\"http:\/\/archers-longwy.fr\/wordpress\/disciplines\/beursault\/\">Beursault<\/a><\/li>\n<li><a title=\"Nature\" href=\"http:\/\/archers-longwy.fr\/wordpress\/disciplines\/nature\/\">Nature<\/a><\/li>\n<li><a title=\"3D\" href=\"http:\/\/archers-longwy.fr\/wordpress\/disciplines\/3d\/\">3D<\/a><\/li>\n<li><a title=\"Le Ky\u00fbd\u00f4\" href=\"http:\/\/archers-longwy.fr\/wordpress\/e-propos-du-tir-a-larc\/disciplines\/le-kyudo\/\">Le Ky\u00fbd\u00f4<\/a><\/li>\n<\/ul>\n<p>&nbsp;<\/p>\n","protected":false},"excerpt":{"rendered":"<p>Les disciplines en tir \u00e0 l&#8217;arc sont nombreuses et permettent \u00e0 l&#8217;archer de trouver ou varier les tirs qui lui plaisent. Voir page Wikip\u00e9dia sur les disciplines http:\/\/fr.wikipedia.org\/wiki\/Tir_%C3%A0_l%27arc &nbsp; Tir en salle FITA FFTA Campagne Beursault Nature 3D Le Ky\u00fbd\u00f4 &nbsp;<\/p>\n","protected":false},"author":2,"featured_media":0,"parent":477,"menu_order":3,"comment_status":"closed","ping_status":"closed","template":"","meta":{"_bbp_topic_count":0,"_bbp_reply_count":0,"_bbp_total_topic_count":0,"_bbp_total_reply_count":0,"_bbp_voice_count":0,"_bbp_anonymous_reply_count":0,"_bbp_topic_count_hidden":0,"_bbp_reply_count_hidden":0,"_bbp_forum_subforum_count":0,"footnotes":""},"class_list":["post-421","page","type-page","status-publish","hentry"],"jetpack_sharing_enabled":true,"_links":{"self":[{"href":"https:\/\/archers-haucourt.fr\/wordpress\/wp-json\/wp\/v2\/pages\/421","targetHints":{"allow":["GET"]}}],"collection":[{"href":"https:\/\/archers-haucourt.fr\/wordpress\/wp-json\/wp\/v2\/pages"}],"about":[{"href":"https:\/\/archers-haucourt.fr\/wordpress\/wp-json\/wp\/v2\/types\/page"}],"author":[{"embeddable":true,"href":"https:\/\/archers-haucourt.fr\/wordpress\/wp-json\/wp\/v2\/users\/2"}],"replies":[{"embeddable":true,"href":"https:\/\/archers-haucourt.fr\/wordpress\/wp-json\/wp\/v2\/comments?post=421"}],"version-history":[{"count":3,"href":"https:\/\/archers-haucourt.fr\/wordpress\/wp-json\/wp\/v2\/pages\/421\/revisions"}],"predecessor-version":[{"id":1168,"href":"https:\/\/archers-haucourt.fr\/wordpress\/wp-json\/wp\/v2\/pages\/421\/revisions\/1168"}],"up":[{"embeddable":true,"href":"https:\/\/archers-haucourt.fr\/wordpress\/wp-json\/wp\/v2\/pages\/477"}],"wp:attachment":[{"href":"https:\/\/archers-haucourt.fr\/wordpress\/wp-json\/wp\/v2\/media?parent=421"}],"curies":[{"name":"wp","href":"https:\/\/api.w.org\/{rel}","templated":true}]}}