{"id":430,"date":"2014-10-31T12:01:01","date_gmt":"2014-10-31T11:01:01","guid":{"rendered":"http:\/\/archers-longwy.fr\/wordpress\/?page_id=430"},"modified":"2017-10-24T11:07:33","modified_gmt":"2017-10-24T09:07:33","slug":"campagne","status":"publish","type":"page","link":"https:\/\/archers-haucourt.fr\/wordpress\/e-propos-du-tir-a-larc\/disciplines\/campagne\/","title":{"rendered":"Campagne"},"content":{"rendered":"<h1>Tir Campagne (r\u00e8glement FITA)<\/h1>\n<ul>\n<li><a href=\"http:\/\/archers-longwy.fr\/wordpress\/wp-content\/uploads\/2014\/10\/je_fais_du_tir_en_campagne.pdf\" target=\"_blank\" rel=\"noopener\"><span style=\"text-decoration: underline;\"><strong>Manuel \u00e9dit\u00e9 par la FFTA<\/strong><\/span><\/a><\/li>\n<\/ul>\n<p><strong>Documents :<\/strong><\/p>\n<ul>\n<li><a href=\"http:\/\/archers-longwy.fr\/wordpress\/wp-content\/uploads\/2014\/10\/Campagne_Field_Manual_FRA.pdf\">Campagne_Field_Manual_FRA<\/a><\/li>\n<li><a href=\"http:\/\/archers-longwy.fr\/wordpress\/wp-content\/uploads\/2014\/10\/Campagne_LeTirEnCampagne.doc\">Campagne_LeTirEnCampagne<\/a><\/li>\n<\/ul>\n<p>&nbsp;<\/p>\n<p><span style=\"font-family: times new roman,times; font-size: medium;\">Il s&#8217;agit d&#8217;une discipline dite de parcours c&#8217;est \u00e0 dire que l&#8217;archer tire dans un environnement naturel, a des distances et d\u00e9nivel\u00e9s inconnus et doit tenir compte des conditions climatiques (vent qui d\u00e9vie la fl\u00e8che, pluie&#8230;).<\/span><\/p>\n<p><span style=\"font-family: times new roman,times; font-size: medium;\">Discipline internationale, qui se pratique en terrain accident\u00e9 \u00e0 d\u00e9couvert ou en sous-bois, sur un parcours de 24 cibles dont les distances sont soit :<\/span><\/p>\n<dl>\n<dd><span style=\"font-family: times new roman,times; font-size: medium;\">&#8211; 24 inconnues ;<\/span><\/dd>\n<dd><span style=\"font-family: times new roman,times; font-size: medium;\">&#8211; 12 connues et 12 inconnues (panachage au choix de l&#8217;organisateur) ; c&#8217;est ce qui est pratiqu\u00e9 au Championnat de France ;<\/span><\/dd>\n<dd><span style=\"font-family: times new roman,times; font-size: medium;\">&#8211; 12 connues.<\/span><\/dd>\n<\/dl>\n<p><span style=\"font-family: times new roman,times; font-size: medium;\">Les distances connues vont de 5 \u00e0 60 m, les distances inconnues de 5 \u00e0 55 m pour les classiques et arc \u00e0 poulie. Pour les arcs nus (sans viseur), les distances vont de 5 \u00e0 45 m en inconnues et de 5 \u00e0 50 m en connues. L&#8217;archer tire une vol\u00e9e de trois fl\u00e8ches par cible, soit un total de 72 fl\u00e8ches. Il dispose de 3 minutes pour tirer ses trois fl\u00e8ches ( avant le 1er janvier 2008, il tirait en 4 minutes).<\/span><\/p>\n<p><span style=\"font-family: times new roman,times; font-size: medium;\">Il existe 3 cat\u00e9gories dans le r\u00e8glement international :<\/span><\/p>\n<ul>\n<li><span style=\"font-family: times new roman,times; font-size: medium;\">Arc classique ;<\/span><\/li>\n<li><span style=\"font-family: times new roman,times; font-size: medium;\">Arc \u00e0 poulie (compound)<\/span><\/li>\n<li><span style=\"font-family: times new roman,times; font-size: medium;\">Arc nu (bare-bow). L&#8217;arc n&#8217;a aucun accessoire (ni viseur, ni stabilisateur&#8230;).<\/span><\/li>\n<\/ul>\n<p><span style=\"font-family: times new roman,times; font-size: medium;\">Le \u00ab <em>Longbow<\/em> \u00bb n&#8217;est pas une cat\u00e9gorie reconnue par la FITA (r\u00e8glement international) ni par la FFTA (\u00a7 <span class=\"romain\" style=\"text-transform: uppercase;\">II<\/span>-3A6 du r\u00e8glement de d\u00e9cembre 2005).<\/span><\/p>\n<p><span style=\"font-family: times new roman,times; font-size: medium;\">En tir par \u00e9quipe, une \u00e9quipe est compos\u00e9e d&#8217;un archer de chacune des trois armes (r\u00e8glement international).<\/span><\/p>\n<hr \/>\n<p align=\"left\">La ligne de tir est mat\u00e9rialis\u00e9e par trois piquets de couleur diff\u00e9rente en fonction de la cat\u00e9gorie d&#8217;\u00e2ge du tireur et de son type d&#8217;arc.<\/p>\n<h2>Distances inconnues<\/h2>\n<div align=\"left\"><\/div>\n<div align=\"left\">\n<table border=\"2\">\n<tbody>\n<tr>\n<td align=\"center\">\n<p align=\"left\"><span style=\"font-family: times new roman,times; font-size: medium;\">Diam\u00e8tre<\/span><\/p>\n<\/td>\n<td align=\"center\">\n<p align=\"center\"><span style=\"font-family: times new roman,times; font-size: medium;\">Piquet <span style=\"color: #0000ff;\">Bleu<\/span> (arcs nus)<\/span><\/p>\n<\/td>\n<td align=\"center\">\n<p align=\"center\"><span style=\"font-family: times new roman,times; font-size: medium;\">Piquet Blanc<br \/>\nBenjamins, Minimes<\/span><\/p>\n<\/td>\n<td align=\"center\">\n<p align=\"center\"><span style=\"font-family: times new roman,times; font-size: medium;\">Piquet <span style=\"color: #ff0000;\">Rouge<\/span> (autres arcs)<\/span><\/p>\n<\/td>\n<\/tr>\n<tr>\n<td align=\"center\">\n<p align=\"center\"><span style=\"font-family: times new roman,times; font-size: medium;\">20cm<\/span><\/p>\n<\/td>\n<td align=\"center\">\n<p align=\"center\"><span style=\"font-family: times new roman,times; font-size: medium;\">5 m -10 m<\/span><\/p>\n<\/td>\n<td align=\"center\">\n<p align=\"center\"><span style=\"font-family: times new roman,times; font-size: medium;\">5m -10m<\/span><\/p>\n<\/td>\n<td align=\"center\">\n<p align=\"center\"><span style=\"font-family: times new roman,times; font-size: medium;\">10 m &#8211; 15 m<\/span><\/p>\n<\/td>\n<\/tr>\n<tr>\n<td align=\"center\">\n<p align=\"center\"><span style=\"font-family: times new roman,times; font-size: medium;\">40cm<\/span><\/p>\n<\/td>\n<td align=\"center\">\n<p align=\"center\"><span style=\"font-family: times new roman,times; font-size: medium;\">10 m -20 m<\/span><\/p>\n<\/td>\n<td align=\"center\">\n<p align=\"center\"><span style=\"font-family: times new roman,times; font-size: medium;\">0m &#8211; 15m<\/span><\/p>\n<\/td>\n<td align=\"center\">\n<p align=\"center\"><span style=\"font-family: times new roman,times; font-size: medium;\">15 m &#8211; 25 m<\/span><\/p>\n<\/td>\n<\/tr>\n<tr>\n<td align=\"center\">\n<p align=\"center\"><span style=\"font-family: times new roman,times; font-size: medium;\">60cm<\/span><\/p>\n<\/td>\n<td align=\"center\">\n<p align=\"center\"><span style=\"font-family: times new roman,times; font-size: medium;\">15 m &#8211; 30 m<\/span><\/p>\n<\/td>\n<td align=\"center\">\n<p align=\"center\"><span style=\"font-family: times new roman,times; font-size: medium;\">15m &#8211; 25m<\/span><\/p>\n<\/td>\n<td align=\"center\">\n<p align=\"center\"><span style=\"font-family: times new roman,times; font-size: medium;\">20 m- 35 m<\/span><\/p>\n<\/td>\n<\/tr>\n<tr>\n<td align=\"center\">\n<p align=\"center\"><span style=\"font-family: times new roman,times; font-size: medium;\">80cm<\/span><\/p>\n<\/td>\n<td align=\"center\">\n<p align=\"center\"><span style=\"font-family: times new roman,times; font-size: medium;\">30 m &#8211; 45 m<\/span><\/p>\n<\/td>\n<td align=\"center\">\n<p align=\"center\"><span style=\"font-family: times new roman,times; font-size: medium;\">20m &#8211; 35m<\/span><\/p>\n<\/td>\n<td align=\"center\">\n<p align=\"center\"><span style=\"font-family: times new roman,times; font-size: medium;\">35 m &#8211; 55 m<\/span><\/p>\n<\/td>\n<\/tr>\n<\/tbody>\n<\/table>\n<\/div>\n<div align=\"left\"><\/div>\n<h2>Distances connues<\/h2>\n<table border=\"2\">\n<tbody>\n<tr>\n<td align=\"center\">\n<p align=\"center\"><span style=\"font-family: times new roman,times; font-size: medium;\">Diam\u00e8tre<\/span><\/p>\n<\/td>\n<td align=\"center\">\n<p align=\"center\"><span style=\"font-family: times new roman,times; font-size: medium;\">Piquet <span style=\"color: #0000ff;\">Bleu <\/span>(arcs nus)<\/span><\/p>\n<\/td>\n<td align=\"center\">\n<p align=\"center\"><span style=\"font-family: times new roman,times; font-size: medium;\">Piquet Blanc<br \/>\nBenjamins, Minimes<\/span><\/p>\n<\/td>\n<td align=\"center\">\n<p align=\"center\"><span style=\"font-family: times new roman,times; font-size: medium;\">Piquet <span style=\"color: #ff0000;\">Rouge<\/span> (autres arcs)<\/span><\/p>\n<\/td>\n<\/tr>\n<tr>\n<td align=\"center\">\n<p align=\"center\"><span style=\"font-family: times new roman,times; font-size: medium;\">20cm<\/span><\/p>\n<\/td>\n<td align=\"center\">\n<p align=\"center\"><span style=\"font-family: times new roman,times; font-size: medium;\">5m \u00e0 15m<\/span><\/p>\n<\/td>\n<td align=\"center\">\n<p align=\"center\"><span style=\"font-family: times new roman,times; font-size: medium;\">5m \u00e0 15m<\/span><\/p>\n<\/td>\n<td align=\"center\">\n<p align=\"center\"><span style=\"font-family: times new roman,times; font-size: medium;\">10m \u00e0 20m<\/span><\/p>\n<\/td>\n<\/tr>\n<tr>\n<td align=\"center\">\n<p align=\"center\"><span style=\"font-family: times new roman,times; font-size: medium;\">40cm<\/span><\/p>\n<\/td>\n<td align=\"center\">\n<p align=\"center\"><span style=\"font-family: times new roman,times; font-size: medium;\">15m \u00e0 25m<\/span><\/p>\n<\/td>\n<td align=\"center\">\n<p align=\"center\"><span style=\"font-family: times new roman,times; font-size: medium;\">10m \u00e0 20m<\/span><\/p>\n<\/td>\n<td align=\"center\">\n<p align=\"center\"><span style=\"font-family: times new roman,times; font-size: medium;\">20m \u00e0 30m<\/span><\/p>\n<\/td>\n<\/tr>\n<tr>\n<td align=\"center\">\n<p align=\"center\"><span style=\"font-family: times new roman,times; font-size: medium;\">60cm<\/span><\/p>\n<\/td>\n<td align=\"center\">\n<p align=\"center\"><span style=\"font-family: times new roman,times; font-size: medium;\">30m \u00e0 40m<\/span><\/p>\n<\/td>\n<td align=\"center\">\n<p align=\"center\"><span style=\"font-family: times new roman,times; font-size: medium;\">20m \u00e0 30m<\/span><\/p>\n<\/td>\n<td align=\"center\">\n<p align=\"center\"><span style=\"font-family: times new roman,times; font-size: medium;\">35m \u00e0 45m<\/span><\/p>\n<\/td>\n<\/tr>\n<tr>\n<td align=\"center\">\n<p align=\"center\"><span style=\"font-family: times new roman,times; font-size: medium;\">80cm<\/span><\/p>\n<\/td>\n<td align=\"center\">\n<p align=\"center\"><span style=\"font-family: times new roman,times; font-size: medium;\">40m \u00e0 50m<\/span><\/p>\n<\/td>\n<td align=\"center\">\n<p align=\"center\"><span style=\"font-family: times new roman,times; font-size: medium;\">30m \u00e0 40m<\/span><\/p>\n<\/td>\n<td align=\"center\">\n<p align=\"center\"><span style=\"font-family: times new roman,times; font-size: medium;\">50m \u00e0 60m<\/span><\/p>\n<\/td>\n<\/tr>\n<\/tbody>\n<\/table>\n<p>&nbsp;<\/p>\n<p><span style=\"font-family: times new roman,times; font-size: medium;\">Il associe d\u00e9couverte de la nature et pratique du Tir \u00e0 l&#8217;Arc. En plus du tir lui-m\u00eame, pour \u00eatre performant, il faut savoir \u00e9valuer les distances.<\/span><\/p>\n<table class=\"texte\" style=\"width: 550px;\" border=\"2\" cellspacing=\"0\" cellpadding=\"3\">\n<tbody>\n<tr>\n<td valign=\"middle\" bgcolor=\"#CCCCCC\" width=\"150\"><span style=\"font-family: times new roman,times; font-size: medium;\">Distances<\/span><\/td>\n<td class=\"texte-gras-vert\" valign=\"middle\" bgcolor=\"#EEEEEE\" width=\"250\"><span style=\"font-family: times new roman,times; font-size: medium;\">5 \u00e0 60m <\/span><\/td>\n<td rowspan=\"6\" align=\"center\" valign=\"middle\" bgcolor=\"#EEEEEE\" width=\"150\"><span style=\"font-family: times new roman,times; font-size: medium;\"><img loading=\"lazy\" decoding=\"async\" src=\"http:\/\/archers.usmt.free.fr\/images\/tir_arc\/field60-80.gif\" alt=\"\" width=\"100\" height=\"100\" \/><\/span><\/td>\n<\/tr>\n<tr>\n<td valign=\"middle\" bgcolor=\"#CCCCCC\"><span style=\"font-family: times new roman,times; font-size: medium;\">D\u00e9roulement<\/span><\/td>\n<td class=\"texte-gras-vert\" valign=\"middle\" bgcolor=\"#EEEEEE\"><span style=\"font-family: times new roman,times; font-size: medium;\">24 cibles &#8211; 3 fl\u00e8ches <\/span><\/td>\n<\/tr>\n<tr>\n<td valign=\"middle\" bgcolor=\"#CCCCCC\"><span style=\"font-family: times new roman,times; font-size: medium;\">Blasons<\/span><\/td>\n<td class=\"texte-gras-vert\" valign=\"middle\" bgcolor=\"#EEEEEE\"><span style=\"font-family: times new roman,times; font-size: medium;\">Field<\/span><\/td>\n<\/tr>\n<tr>\n<td valign=\"middle\" bgcolor=\"#CCCCCC\"><span style=\"font-family: times new roman,times; font-size: medium;\">Zone de points <\/span><\/td>\n<td class=\"texte-gras-vert\" valign=\"middle\" bgcolor=\"#EEEEEE\"><span style=\"font-family: times new roman,times; font-size: medium;\">de 1 \u00e0 6 points <\/span><\/td>\n<\/tr>\n<tr>\n<td valign=\"middle\" bgcolor=\"#CCCCCC\"><span style=\"font-family: times new roman,times; font-size: medium;\">Total de points <\/span><\/td>\n<td class=\"texte-gras-rouge\" valign=\"middle\" bgcolor=\"#EEEEEE\"><span style=\"font-size: medium;\"><span style=\"font-family: times new roman,times;\">432<\/span><\/span> <span style=\"font-family: times new roman,times; font-size: medium;\">maxi<\/span><\/td>\n<\/tr>\n<tr>\n<td valign=\"middle\" bgcolor=\"#CCCCCC\"><span style=\"font-family: times new roman,times; font-size: medium;\">Dur\u00e9e<\/span><\/td>\n<td class=\"texte-gras-vert\" valign=\"middle\" bgcolor=\"#EEEEEE\"><span style=\"font-family: times new roman,times; font-size: medium;\">4 minutes par vol\u00e9e<\/span><\/td>\n<\/tr>\n<\/tbody>\n<\/table>\n<h2 class=\"titre-kaki\">Blasons utilis\u00e9s<span style=\"font-family: times new roman,times; font-size: medium;\"><br \/>\n<\/span><\/h2>\n<p><span style=\"font-family: times new roman,times; font-size: medium;\">Depuis la saison 2008, les blasons comportent 6 zones (de 1 \u00e0 6 points). Le centre, jaune, comporte 2 zones, plus 4 zones ext\u00e9rieures, gris anthracite. Les diam\u00e8tres utilis\u00e9s sont de 80 cm, 60 cm, 40 cm<\/span><span style=\"font-family: times new roman,times; font-size: medium;\"> et 20 cm.<\/span><\/p>\n<p>&nbsp;<\/p>\n<table class=\"texte\" style=\"width: 550px;\" border=\"0\">\n<tbody>\n<tr>\n<td align=\"center\" width=\"200\"><span style=\"font-family: times new roman,times; font-size: medium;\">Diam\u00e8tre 20cm<br \/>\n(Birdy)<br \/>\n<img loading=\"lazy\" decoding=\"async\" style=\"width: 200px; height: 200px;\" src=\"http:\/\/archers.usmt.free.fr\/images\/tir_arc\/birdy.gif\" alt=\" \" width=\"200\" height=\"200\" \/><\/span><\/td>\n<td align=\"center\" width=\"150\"><span style=\"font-family: times new roman,times; font-size: medium;\">Diam\u00e8tre 40cm<br \/>\n(Gazini\u00e8re)<img loading=\"lazy\" decoding=\"async\" style=\"width: 200px; height: 200px;\" src=\"http:\/\/archers.usmt.free.fr\/images\/tir_arc\/gaziniere.gif\" alt=\" \" width=\"200\" height=\"200\" \/><\/span><\/td>\n<td align=\"center\" width=\"200\"><span style=\"font-family: times new roman,times; font-size: medium;\">Diam\u00e8tres 60cm<br \/>\net 80cm<br \/>\n<img loading=\"lazy\" decoding=\"async\" style=\"width: 200px; height: 200px;\" src=\"http:\/\/archers.usmt.free.fr\/images\/tir_arc\/field60-80.gif\" alt=\" \" width=\"200\" height=\"200\" \/><\/span><\/td>\n<\/tr>\n<\/tbody>\n<\/table>\n<p><span style=\"font-family: times new roman,times; font-size: medium;\">Les archers tirent une vol\u00e9e de 3 fl\u00e8ches en 3 min. sur chaque cible du parcours.<\/span><\/p>\n<p><span style=\"font-family: times new roman,times; font-size: medium;\"><span class=\"texte-gras-rouge\">Nota :<\/span> le d\u00e9compte du temps commence d\u00e8s que le tireur \u00e0 la cible en vue. <\/span><\/p>\n<p>&nbsp;<\/p>\n<p><strong><a title=\"Disciplines\" href=\"http:\/\/archers-longwy.fr\/wordpress\/e-propos-du-tir-a-larc\/disciplines\/\"><span style=\"text-decoration: underline;\">Retour page pr\u00e9c\u00e9dente<\/span><\/a>\u00a0\u00a0\u00a0\u00a0 <span style=\"text-decoration: underline;\"><a title=\"Accueil\" href=\"http:\/\/archers-longwy.fr\/wordpress\/\">Retour vers accueil<\/a><\/span><\/strong><\/p>\n","protected":false},"excerpt":{"rendered":"<p>Tir Campagne (r\u00e8glement FITA) Manuel \u00e9dit\u00e9 par la FFTA Documents : Campagne_Field_Manual_FRA Campagne_LeTirEnCampagne &nbsp; Il s&#8217;agit d&#8217;une discipline dite de parcours c&#8217;est \u00e0 dire que l&#8217;archer tire dans un environnement naturel, a des distances et d\u00e9nivel\u00e9s inconnus et doit tenir compte des conditions climatiques (vent qui d\u00e9vie la fl\u00e8che, pluie&#8230;). Discipline internationale, qui se pratique [&hellip;]<\/p>\n","protected":false},"author":2,"featured_media":0,"parent":421,"menu_order":4,"comment_status":"closed","ping_status":"closed","template":"","meta":{"_bbp_topic_count":0,"_bbp_reply_count":0,"_bbp_total_topic_count":0,"_bbp_total_reply_count":0,"_bbp_voice_count":0,"_bbp_anonymous_reply_count":0,"_bbp_topic_count_hidden":0,"_bbp_reply_count_hidden":0,"_bbp_forum_subforum_count":0,"footnotes":""},"class_list":["post-430","page","type-page","status-publish","hentry"],"jetpack_sharing_enabled":true,"_links":{"self":[{"href":"https:\/\/archers-haucourt.fr\/wordpress\/wp-json\/wp\/v2\/pages\/430","targetHints":{"allow":["GET"]}}],"collection":[{"href":"https:\/\/archers-haucourt.fr\/wordpress\/wp-json\/wp\/v2\/pages"}],"about":[{"href":"https:\/\/archers-haucourt.fr\/wordpress\/wp-json\/wp\/v2\/types\/page"}],"author":[{"embeddable":true,"href":"https:\/\/archers-haucourt.fr\/wordpress\/wp-json\/wp\/v2\/users\/2"}],"replies":[{"embeddable":true,"href":"https:\/\/archers-haucourt.fr\/wordpress\/wp-json\/wp\/v2\/comments?post=430"}],"version-history":[{"count":5,"href":"https:\/\/archers-haucourt.fr\/wordpress\/wp-json\/wp\/v2\/pages\/430\/revisions"}],"predecessor-version":[{"id":3112,"href":"https:\/\/archers-haucourt.fr\/wordpress\/wp-json\/wp\/v2\/pages\/430\/revisions\/3112"}],"up":[{"embeddable":true,"href":"https:\/\/archers-haucourt.fr\/wordpress\/wp-json\/wp\/v2\/pages\/421"}],"wp:attachment":[{"href":"https:\/\/archers-haucourt.fr\/wordpress\/wp-json\/wp\/v2\/media?parent=430"}],"curies":[{"name":"wp","href":"https:\/\/api.w.org\/{rel}","templated":true}]}}