{"id":438,"date":"2014-10-31T12:07:36","date_gmt":"2014-10-31T11:07:36","guid":{"rendered":"http:\/\/archers-longwy.fr\/wordpress\/?page_id=438"},"modified":"2014-11-14T15:29:52","modified_gmt":"2014-11-14T14:29:52","slug":"3d","status":"publish","type":"page","link":"https:\/\/archers-haucourt.fr\/wordpress\/e-propos-du-tir-a-larc\/disciplines\/3d\/","title":{"rendered":"3D"},"content":{"rendered":"<h1>Le tir 3D<\/h1>\n<p><span style=\"font-family: times new roman,times; font-size: medium;\">Il tient son nom du fait que l&#8217;archer ne tire pas sur une repr\u00e9sentation en deux dimensions, mais sur la r\u00e9plique d&#8217;un animal. L&#8217;id\u00e9e \u00e9tant de se rapprocher d&#8217;une situation de chasse. Il existe de nombreuses r\u00e9glementations \u00e0 travers le monde, certaines avec des tirs sur des <em>3D<\/em> dispos\u00e9s par troupeaux, o\u00f9 il faut trouver la fen\u00eatre de tir optimale, des tirs \u00e0 partir d&#8217;un <a class=\"new\" title=\"Treestand (page inexistante)\" href=\"http:\/\/fr.wikipedia.org\/w\/index.php?title=Treestand&amp;action=edit&amp;redlink=1\">treestand<\/a> ou encore sur des cibles mouvantes.<\/span><\/p>\n<p><strong><span style=\"font-family: times new roman,times; font-size: large;\"><span class=\"mw-headline\">Tir 3D \u00ab\u00a0fran\u00e7ais\u00a0\u00bb, FFTA<\/span><\/span><\/strong><\/p>\n<p><span style=\"font-family: times new roman,times; font-size: medium;\">Se pratique dans la nature sur cible volum\u00e9triques animali\u00e8res (<strong>animaux factices en 3D<\/strong>) plac\u00e9s \u00e0 distance que l&#8217;archer doit \u00e9valuer (de 5 \u00e0 45\u00a0m suivant les cat\u00e9gories).<\/span><\/p>\n<p class=\"modifiedSectionTitle\" align=\"left\"><span style=\"font-family: times new roman,times; font-size: medium;\">5 cat\u00e9gories d&#8217;armes sont reconnues :<br \/>\nArcs Nus (Bare-Bow) &#8211; Arcs \u00e0 Poulies Nus (Compound) &#8211; Arcs Droits &#8211; Arcs de Chasse &#8211; Arcs Libres (Tir Libre)<\/span><\/p>\n<p><span style=\"font-family: times new roman,times; font-size: medium;\">6 cat\u00e9gories d&#8217;\u00e2ge et de sexe sont reconnues :<br \/>\nBenjamins &#8211; Minimes &#8211; Cadets &#8211; Juniors &#8211; Seniors &#8211; V\u00e9t\u00e9rans<\/span><\/p>\n<hr \/>\n<p><span style=\"font-family: times new roman,times; font-size: medium;\">Un parcours de tir sur cibles 3D se d\u00e9roule sur 40 cibles animali\u00e8res ou 2 fois 20 cibles, en distances inconnues.<\/span><\/p>\n<p><span style=\"font-family: times new roman,times; font-size: medium;\">Un temps de tir d&#8217;une minute est imparti quel que soit le type d&#8217;arc et la cat\u00e9gorie d&#8217;\u00e2ge.<\/span><\/p>\n<p><span style=\"font-family: times new roman,times; font-size: medium;\">Il y a 3 zones sur l&#8217;animal: Zone vitale (10 points), zone tu\u00e9e (8 points) et zone bless\u00e9e (5 points).<\/span><\/p>\n<p><span style=\"font-family: times new roman,times; font-size: medium;\">Afin de connaitre les zones, les photos des cibles sont en g\u00e9n\u00e9ral affich\u00e9es au greffe. Depuis 2007, l&#8217;usage des jumelles est autoris\u00e9.<\/span><\/p>\n<p><a href=\"http:\/\/archers-longwy.fr\/wordpress\/wp-content\/uploads\/2014\/10\/image-3d-serpent.jpg\" rel=\"attachment wp-att-80\"><img loading=\"lazy\" decoding=\"async\" class=\"alignnone wp-image-80 size-full\" src=\"http:\/\/archers-longwy.fr\/wordpress\/wp-content\/uploads\/2014\/10\/image-3d-serpent.jpg\" alt=\"image 3d serpent\" width=\"656\" height=\"558\" srcset=\"https:\/\/archers-haucourt.fr\/wordpress\/wp-content\/uploads\/2014\/10\/image-3d-serpent.jpg 656w, https:\/\/archers-haucourt.fr\/wordpress\/wp-content\/uploads\/2014\/10\/image-3d-serpent-300x255.jpg 300w\" sizes=\"auto, (max-width: 656px) 100vw, 656px\" \/><\/a><a href=\"http:\/\/archers-longwy.fr\/wordpress\/wp-content\/uploads\/2014\/10\/image-3d-antilope-2.jpg\" rel=\"attachment wp-att-78\"><img loading=\"lazy\" decoding=\"async\" class=\"alignnone wp-image-78 size-full\" src=\"http:\/\/archers-longwy.fr\/wordpress\/wp-content\/uploads\/2014\/10\/image-3d-antilope-2.jpg\" alt=\"image 3d antilope 2\" width=\"656\" height=\"547\" srcset=\"https:\/\/archers-haucourt.fr\/wordpress\/wp-content\/uploads\/2014\/10\/image-3d-antilope-2.jpg 656w, https:\/\/archers-haucourt.fr\/wordpress\/wp-content\/uploads\/2014\/10\/image-3d-antilope-2-300x250.jpg 300w\" sizes=\"auto, (max-width: 656px) 100vw, 656px\" \/><\/a><\/p>\n<p>&nbsp;<\/p>\n<div class=\"n j-text\">\n<div align=\"left\">\n<p>Le comptage des points s&#8217;effectue comme suit :<\/p>\n<p><span style=\"color: #0000ff;\"><span style=\"font-family: terminal,monaco; font-size: medium;\">P<\/span><\/span><span style=\"color: #0000ff;\"><span style=\"font-family: terminal,monaco; font-size: medium;\">etite Zone &#8220;vitale + &#8221; = 11 Points<\/span><\/span><span style=\"font-family: terminal,monaco; font-size: medium;\">\u00a0 ; <\/span><span style=\"font-family: terminal,monaco; font-size: medium;\">Petite Zone &#8220;vitale&#8221;\u00a0\u00a0= 10 points ; <span style=\"color: #0000ff;\">Reste Zone &#8220;vitale&#8221;\u00a0\u00a0=\u00a0\u00a0 8 points<\/span><span style=\"color: #0000ff;\"><span style=\"color: #0000ff;\"> ; <span style=\"color: #000000;\">Corps de l&#8217;animal\u00a0\u00a0=\u00a0\u00a0 5 points<\/span> ; <\/span><\/span><\/span><span style=\"color: #0000ff;\"><span style=\"font-family: terminal,monaco; font-size: medium;\"><span style=\"color: #0000ff;\"><span style=\"color: #0000ff;\">Cornes &#8211; Sabots etc..\u00a0=\u00a0\u00a0 0 points<\/span><\/span><\/span><\/span><\/p>\n<\/div>\n<div align=\"left\"><span style=\"font-family: times new roman,times; font-size: medium;\">Le choix des cibles et des distances est laiss\u00e9 \u00e0 l&#8217;initiative de l&#8217;organisateur :<\/span><\/div>\n<p align=\"left\"><span style=\"font-family: times new roman,times; font-size: medium;\"> \u2022 <strong>entre 5m et 45m pour le piquet rouge<\/strong> :\u00a0 <\/span><span style=\"font-family: times new roman,times; font-size: medium;\"><span style=\"font-family: times new roman,times; font-size: medium;\">Arcs Libres <\/span><\/span><\/p>\n<p align=\"left\"><span style=\"font-family: times new roman,times; font-size: medium;\"> \u2022 <strong>entre 5m et 30m pour le piquet bleu <\/strong>: <\/span><span style=\"font-family: times new roman,times; font-size: medium;\"><span style=\"font-family: times new roman,times; font-size: medium;\">pour toutes les autres cat\u00e9gories<\/span><\/span><\/p>\n<p align=\"left\"><span style=\"font-family: times new roman,times; font-size: medium;\"> \u2022 <strong>entre 5m et 25m pour le piquet blan<\/strong>c : <\/span><span style=\"font-family: times new roman,times; font-size: medium;\">pour les benjamins et minimes Arc nu , ainsi que pour la cat\u00e9gorie &#8220;D\u00e9couverte&#8221;<\/span><\/p>\n<div align=\"left\"><\/div>\n<div align=\"left\"><\/div>\n<div align=\"left\"><\/div>\n<p align=\"left\"><span style=\"font-family: times new roman,times; font-size: medium;\"><strong>Les archers tirent deux fl\u00e8ches \u00e0 partir d&#8217;un m\u00eame pas de tir<\/strong> quelle que soit leur cat\u00e9gorie d&#8217;\u00e2ge et leur type d&#8217;arc, l<\/span><span style=\"font-size: medium;\"><span style=\"font-family: times new roman,times;\">e tireur doit toucher le piquet et peut le devancer.<\/span><\/span><\/p>\n<p align=\"left\">\n<div align=\"left\"><\/div>\n<p align=\"left\">\n<div align=\"left\"><\/div>\n<hr \/>\n<\/div>\n<p>&nbsp;<\/p>\n","protected":false},"excerpt":{"rendered":"<p>Le tir 3D Il tient son nom du fait que l&#8217;archer ne tire pas sur une repr\u00e9sentation en deux dimensions, mais sur la r\u00e9plique d&#8217;un animal. L&#8217;id\u00e9e \u00e9tant de se rapprocher d&#8217;une situation de chasse. Il existe de nombreuses r\u00e9glementations \u00e0 travers le monde, certaines avec des tirs sur des 3D dispos\u00e9s par troupeaux, o\u00f9 [&hellip;]<\/p>\n","protected":false},"author":2,"featured_media":0,"parent":421,"menu_order":8,"comment_status":"closed","ping_status":"closed","template":"","meta":{"_bbp_topic_count":0,"_bbp_reply_count":0,"_bbp_total_topic_count":0,"_bbp_total_reply_count":0,"_bbp_voice_count":0,"_bbp_anonymous_reply_count":0,"_bbp_topic_count_hidden":0,"_bbp_reply_count_hidden":0,"_bbp_forum_subforum_count":0,"footnotes":""},"class_list":["post-438","page","type-page","status-publish","hentry"],"jetpack_sharing_enabled":true,"_links":{"self":[{"href":"https:\/\/archers-haucourt.fr\/wordpress\/wp-json\/wp\/v2\/pages\/438","targetHints":{"allow":["GET"]}}],"collection":[{"href":"https:\/\/archers-haucourt.fr\/wordpress\/wp-json\/wp\/v2\/pages"}],"about":[{"href":"https:\/\/archers-haucourt.fr\/wordpress\/wp-json\/wp\/v2\/types\/page"}],"author":[{"embeddable":true,"href":"https:\/\/archers-haucourt.fr\/wordpress\/wp-json\/wp\/v2\/users\/2"}],"replies":[{"embeddable":true,"href":"https:\/\/archers-haucourt.fr\/wordpress\/wp-json\/wp\/v2\/comments?post=438"}],"version-history":[{"count":1,"href":"https:\/\/archers-haucourt.fr\/wordpress\/wp-json\/wp\/v2\/pages\/438\/revisions"}],"predecessor-version":[{"id":1086,"href":"https:\/\/archers-haucourt.fr\/wordpress\/wp-json\/wp\/v2\/pages\/438\/revisions\/1086"}],"up":[{"embeddable":true,"href":"https:\/\/archers-haucourt.fr\/wordpress\/wp-json\/wp\/v2\/pages\/421"}],"wp:attachment":[{"href":"https:\/\/archers-haucourt.fr\/wordpress\/wp-json\/wp\/v2\/media?parent=438"}],"curies":[{"name":"wp","href":"https:\/\/api.w.org\/{rel}","templated":true}]}}