{"id":440,"date":"2014-10-31T12:09:18","date_gmt":"2014-10-31T11:09:18","guid":{"rendered":"http:\/\/archers-longwy.fr\/wordpress\/?page_id=440"},"modified":"2014-11-27T10:26:24","modified_gmt":"2014-11-27T09:26:24","slug":"types-darc","status":"publish","type":"page","link":"https:\/\/archers-haucourt.fr\/wordpress\/e-propos-du-tir-a-larc\/types-darc\/","title":{"rendered":"Types d&#8217;arc"},"content":{"rendered":"<h2><strong><span style=\"text-decoration: underline;\">Types d&#8217;arcs<\/span><\/strong><\/h2>\n<p><em>( source Wikip\u00e9dia en italique )<\/em><\/p>\n<p><em>O<span style=\"font-family: Book Antiqua,Palatino; font-size: 12pt;\">n peut diff\u00e9rencier les arcs d\u2019apr\u00e8s leurs formes, mais aussi d&#8217;apr\u00e8s leur apparition historique ou g\u00e9ographique.<\/span><\/em><\/p>\n<p><em><span style=\"font-family: Book Antiqua,Palatino; font-size: 12pt;\">On les tire en droitier ou en gaucher, c\u2019est-\u00e0-dire en tenant l&#8217;arc de la main gauche (droitier) ou de la main droite (gaucher), suivant que l\u2019\u0153il directeur est celui de droite ou de gauche. (bien que de nombreux archers ayant un \u0153il directeur gauche tirent en droitier, ce choix est avant tout une question de confort de l&#8217;archer)<\/span><\/em><\/p>\n<p><em><span style=\"font-family: Book Antiqua,Palatino; font-size: 12pt;\">Actuellement, les arcs les plus courants sont\u00a0:<\/span><\/em><\/p>\n<ul>\n<li><em><span style=\"font-family: Book Antiqua,Palatino; font-size: 12pt;\"><a href=\"http:\/\/archers-longwy.fr\/wordpress\/?p=444\">L&#8217;arc long ou longbow<\/a><\/span><\/em><\/li>\n<li><em><span style=\"font-family: Book Antiqua,Palatino; font-size: 12pt;\"><a href=\"http:\/\/archers-longwy.fr\/wordpress\/?p=442\">L\u2019arc classique ou <\/a>recurve (type retenu pour les jeux olympiques)<\/span><\/em><\/li>\n<li><em><span style=\"font-family: Book Antiqua,Palatino; font-size: 12pt;\"><a href=\"http:\/\/archers-longwy.fr\/wordpress\/?p=446\">L\u2019arc \u00e0 poulies ou arc compound.<\/a> L&#8217;avantage de ce dernier est de r\u00e9duire l&#8217;effort de maintien de l&#8217;arc band\u00e9 let-off, sans pour autant diminuer la puissance de l&#8217;arme.<\/span><\/em><\/li>\n<\/ul>\n<p><span style=\"font-family: Book Antiqua,Palatino; font-size: 12pt;\">( Pour l&#8217;arc traditionnel japonais c&#8217;est : Yumi )<\/span><\/p>\n<p style=\"text-align: center;\">&#8212;&#8212;&#8212;&#8212;&#8212;&#8212;&#8212;&#8212;&#8212;&#8212;&#8212;&#8212;&#8212;&#8212;&#8212;&#8212;&#8212;&#8212;&#8212;-<\/p>\n<p><span style=\"font-family: Book Antiqua,Palatino; font-size: 12pt;\">Le choix de la taille et puissance d&#8217;un arc est d\u00e9termin\u00e9 par votre propre taille et votre capacit\u00e9 d&#8217;allonge un peu comme une paire de chaussures \u00e0 votre pointure et que vous soyez en confort avec.<\/span><\/p>\n<p><span style=\"font-family: Book Antiqua,Palatino; font-size: 12pt;\">La discipline pratiqu\u00e9e influe \u00e9galement sur le choix ex: un chasseur ne choisira pas un arc classique aux coloris vifs !<\/span><\/p>\n<p><span style=\"font-family: Book Antiqua,Palatino; font-size: 12pt;\">&#8211; Sur un arc Longbow ou monobloc les inscriptions et chiffres indiqu\u00e9s sur la branche basse de l&#8217;arc exemple <strong>: 66&#8243; et 25#@28&#8243;<\/strong> signifient que la hauteur des branches sont de 66&#8243; et la puissance \u00e0 28&#8243; d&#8217;allonge est de 25#. Pas de modification possible.<br \/>\n<\/span><\/p>\n<p><span style=\"font-family: Book Antiqua,Palatino; font-size: 12pt;\">&#8211; Sur un arc d\u00e9montable ( branches et poign\u00e9e) on peut panacher un jeu de branches et poign\u00e9es \u00e0 condition d&#8217;\u00eatre compatibles.<\/span><\/p>\n<p><span style=\"font-family: Book Antiqua,Palatino; font-size: 12pt;\">Le syst\u00e8me d&#8217;accouplement standard Hoyt pr\u00e9sente de grands avantages puisqu&#8217;il est repris par de tr\u00e8s nombreuses marques et mod\u00e8les.<\/span><\/p>\n<p><span style=\"font-family: Book Antiqua,Palatino; font-size: 12pt;\">De nombreuses solutions de panachage entre poign\u00e9es et branches s&#8217;offrent \u00e0 vous, comment choisir ?<\/span><\/p>\n<p><span style=\"font-family: Book Antiqua,Palatino; font-size: 12pt;\">1) <span style=\"text-decoration: underline;\"><strong>choisir la poign\u00e9e<\/strong> <\/span>: La poign\u00e9e c&#8217;est le poste de pilotage ! Elle est fonction de la morphologie de l&#8217;archer : taille, longueur des bras, droitier ou gaucher.<br \/>\n<\/span><\/p>\n<p><span style=\"font-family: Book Antiqua,Palatino; font-size: 12pt;\">Un archer d&#8217;1,60m choisira une poign\u00e9e de 23&#8243; ; au del\u00e0 et jusqu&#8217;\u00e0 1.75\/1.80m une poign\u00e9e de 25&#8243; ; au del\u00e0 certains fabricants proposent des poign\u00e9es de 27&#8243;, attention au choix de la corde car toute les donn\u00e9es sont faites pour une poign\u00e9e standard de 25&#8243;. si vous avez un autre choix de poign\u00e9e vous devez tenir compte de cette diff\u00e9rence en + ou en -.<\/span><\/p>\n<p><a href=\"http:\/\/archers-longwy.fr\/wordpress\/wp-content\/uploads\/2014\/10\/etiquette-arc-taille-et-puissance.jpg\" rel=\"attachment wp-att-1193\"><img loading=\"lazy\" decoding=\"async\" class=\"alignnone  wp-image-1193\" src=\"http:\/\/archers-longwy.fr\/wordpress\/wp-content\/uploads\/2014\/10\/etiquette-arc-taille-et-puissance.jpg\" alt=\"etiquette arc taille et puissance\" width=\"199\" height=\"117\" srcset=\"https:\/\/archers-haucourt.fr\/wordpress\/wp-content\/uploads\/2014\/10\/etiquette-arc-taille-et-puissance.jpg 336w, https:\/\/archers-haucourt.fr\/wordpress\/wp-content\/uploads\/2014\/10\/etiquette-arc-taille-et-puissance-300x175.jpg 300w\" sizes=\"auto, (max-width: 199px) 100vw, 199px\" \/><\/a> sur cette \u00e9tiquette de branches, mont\u00e9es sur une poign\u00e9e de 25&#8243; (25H) la hauteur de l&#8217;arc sera de 66&#8243; et d\u00e9livrera une puissance de 32 # \u00e0 28&#8243; d&#8217;allonge, S\/N est le n\u00b0 de s\u00e9rie de ces branches en fibres.<\/p>\n<p><span style=\"font-family: Book Antiqua,Palatino; font-size: 12pt;\">2) <span style=\"text-decoration: underline;\"><strong>choisir un mod\u00e8le de branches<\/strong><\/span> : Les branches c&#8217;est le moteur de l&#8217;arc !<\/span><\/p>\n<p><span style=\"font-family: Book Antiqua,Palatino; font-size: 12pt;\">\u00e9videmment le choix d&#8217;une poign\u00e9e de 27&#8243; et branches de 66&#8243; ne peut convenir qu&#8217;\u00e0 un g\u00e9ant aux petits bras donc une faible allonge ce qui est rarement le cas !<\/span><\/p>\n<p><span style=\"font-family: Book Antiqua,Palatino; font-size: 12pt;\">Plus la poign\u00e9e est petite plus les branches sont tendues \u00e0 la m\u00eame allonge et puissantes<span style=\"font-size: 14pt;\"> <strong>mais l&#8217;angle int\u00e9rieur form\u00e9 avec la corde doit rester sup\u00e9rieur \u00e0 105\u00b0<\/strong><\/span> sinon il y aura trop de vibrations lors de la sortie de fl\u00e8che.<\/span><\/p>\n<p><span style=\"font-family: Book Antiqua,Palatino; font-size: 12pt;\">La \u00ab\u00a0puissance\u00a0\u00bb d\u2019un arc (en r\u00e9alit\u00e9 la force n\u00e9cessaire \u00e0 le maintenir arm\u00e9 ) est indiqu\u00e9e sur la branche du bas en livres-force, il y a deux cases dessin\u00e9es en standard sur la branche basse le premier calcul est fait avec une poign\u00e9e de 25&#8243;. C&#8217;est une convention internationale.<br \/>\n<\/span><\/p>\n<p><span style=\"font-family: Book Antiqua,Palatino; font-size: 12pt;\">exemple avec 1 jeu de branches de 66&#8243;, <\/span><\/p>\n<table>\n<tbody>\n<tr>\n<td style=\"text-align: center;\" width=\"259\"><span style=\"font-size: 14pt;\">Mont\u00e9es avec poign\u00e9e de 25&#8243;= Arc de 25&#8243;+66&#8243; <\/span><span style=\"font-size: 14pt;\">soit une hauteur d&#8217;arc +\/- de (66&#8243;*2.54) 1.68 m<br \/>\n<\/span><\/td>\n<td style=\"text-align: center;\" width=\"228\"><span style=\"font-size: 14pt;\">Mont\u00e9es avec poign\u00e9e de 23&#8243;= <\/span><span style=\"font-size: 14pt;\">Arc de *23&#8243;+66&#8243; <\/span><span style=\"font-size: 14pt;\">(d\u00e9duire donc 2&#8243;) = hauteur+\/- de 1.63m<br \/>\n<\/span><\/td>\n<\/tr>\n<tr>\n<td style=\"text-align: center;\" width=\"259\"><span style=\"font-size: 14pt;\">25#@28&#8243; d&#8217;allonge<\/span><\/td>\n<td style=\"text-align: center;\" width=\"228\"><span style=\"font-size: 14pt;\">28#@28&#8243; d&#8217;allonge<br \/>\n<\/span><\/td>\n<\/tr>\n<\/tbody>\n<\/table>\n<p><span style=\"font-family: Book Antiqua,Palatino; font-size: 12pt;\">\u00a0Un pouce &#8221; correspond \u00e0 2.54cm, une livre anglaise ou # = 454g. :<\/span><\/p>\n<p><span style=\"font-family: Book Antiqua,Palatino; font-size: 12pt;\"># 25@28, plus pr\u00e9cis\u00e9ment il s&#8217;agit d&#8217;une force nominale, qui correspond \u00e0 la r\u00e9action de l&#8217;arc pour un armement \u00e0 une allonge de 28 pouces (soit 71.12 cm).<\/span><\/p>\n<p><span style=\"font-family: Book Antiqua,Palatino; font-size: 12pt;\">Si l&#8217;allonge de l&#8217;archer est plus petite la force de r\u00e9action sera plus petite (comme un ressort mais non lin\u00e9aire).<\/span><\/p>\n<p><span style=\"font-family: Book Antiqua,Palatino; font-size: 12pt;\">Par exemple, un arc de 25 livres n&#8217;aura qu&#8217;une r\u00e9action r\u00e9elle de 18 livres si l&#8217;archer a une allonge de 22 pouces (ces chiffres variants d&#8217;un type de branches \u00e0 l&#8217;autre).<\/span><\/p>\n<p><span style=\"font-family: Book Antiqua,Palatino; font-size: 12pt;\">L&#8217;effort fourni subit encore un coefficient de rendement suivant la(es) mati\u00e8re(es), la qualit\u00e9 de fabrication. <\/span><\/p>\n<p><span style=\"font-family: Book Antiqua,Palatino; font-size: 12pt;\">Des branches basiques auront un rendement faible et une trajectoire de corde peu pr\u00e9cise ainsi que des variations en fonction de leur usure. En bois et fibres pour les basiques, avec une ou plusieurs lames de carbone et\/ou c\u00e9ramique pour les interm\u00e9diaires, en carbone tiss\u00e9 ou mousse alv\u00e9ol\u00e9e et carbone on arrive dans les haut de gamme et les prix s&#8217;envolent.<\/span><\/p>\n<p><span style=\"font-family: Book Antiqua,Palatino; font-size: 12pt;\">La mati\u00e8re des branches affecte directement leur rendement, le soin apport\u00e9 \u00e0 leur fabrication et pr\u00e9cision de leur action dans le temps en d\u00e9termine le prix \u00e0 payer&#8230;. <\/span><\/p>\n","protected":false},"excerpt":{"rendered":"<p>Types d&#8217;arcs ( source Wikip\u00e9dia en italique ) On peut diff\u00e9rencier les arcs d\u2019apr\u00e8s leurs formes, mais aussi d&#8217;apr\u00e8s leur apparition historique ou g\u00e9ographique. On les tire en droitier ou en gaucher, c\u2019est-\u00e0-dire en tenant l&#8217;arc de la main gauche (droitier) ou de la main droite (gaucher), suivant que l\u2019\u0153il directeur est celui de droite [&hellip;]<\/p>\n","protected":false},"author":2,"featured_media":0,"parent":477,"menu_order":3,"comment_status":"closed","ping_status":"closed","template":"","meta":{"_bbp_topic_count":0,"_bbp_reply_count":0,"_bbp_total_topic_count":0,"_bbp_total_reply_count":0,"_bbp_voice_count":0,"_bbp_anonymous_reply_count":0,"_bbp_topic_count_hidden":0,"_bbp_reply_count_hidden":0,"_bbp_forum_subforum_count":0,"footnotes":""},"class_list":["post-440","page","type-page","status-publish","hentry"],"jetpack_sharing_enabled":true,"_links":{"self":[{"href":"https:\/\/archers-haucourt.fr\/wordpress\/wp-json\/wp\/v2\/pages\/440","targetHints":{"allow":["GET"]}}],"collection":[{"href":"https:\/\/archers-haucourt.fr\/wordpress\/wp-json\/wp\/v2\/pages"}],"about":[{"href":"https:\/\/archers-haucourt.fr\/wordpress\/wp-json\/wp\/v2\/types\/page"}],"author":[{"embeddable":true,"href":"https:\/\/archers-haucourt.fr\/wordpress\/wp-json\/wp\/v2\/users\/2"}],"replies":[{"embeddable":true,"href":"https:\/\/archers-haucourt.fr\/wordpress\/wp-json\/wp\/v2\/comments?post=440"}],"version-history":[{"count":22,"href":"https:\/\/archers-haucourt.fr\/wordpress\/wp-json\/wp\/v2\/pages\/440\/revisions"}],"predecessor-version":[{"id":1198,"href":"https:\/\/archers-haucourt.fr\/wordpress\/wp-json\/wp\/v2\/pages\/440\/revisions\/1198"}],"up":[{"embeddable":true,"href":"https:\/\/archers-haucourt.fr\/wordpress\/wp-json\/wp\/v2\/pages\/477"}],"wp:attachment":[{"href":"https:\/\/archers-haucourt.fr\/wordpress\/wp-json\/wp\/v2\/media?parent=440"}],"curies":[{"name":"wp","href":"https:\/\/api.w.org\/{rel}","templated":true}]}}