{"id":442,"date":"2014-10-31T12:13:32","date_gmt":"2014-10-31T11:13:32","guid":{"rendered":"http:\/\/archers-longwy.fr\/wordpress\/?page_id=442"},"modified":"2014-11-14T15:29:52","modified_gmt":"2014-11-14T14:29:52","slug":"classique","status":"publish","type":"page","link":"https:\/\/archers-haucourt.fr\/wordpress\/e-propos-du-tir-a-larc\/types-darc\/classique\/","title":{"rendered":"Classique"},"content":{"rendered":"<h1>Arc classique ou recurve (\u00e0 double courbure)<\/h1>\n<p><em>source Wikip\u00e9dia<\/em><\/p>\n<p><a class=\"image\" href=\"http:\/\/archers-longwy.fr\/wordpress\/wp-content\/uploads\/2014\/10\/FichierArc_classique_avec_stabilisateur.jpg\"><img loading=\"lazy\" decoding=\"async\" class=\"thumbimage alignnone\" src=\"http:\/\/archers-longwy.fr\/wordpress\/wp-content\/uploads\/2014\/10\/250px-Arc_classique_avec_stabilisateur.jpg\" alt=\"\" width=\"250\" height=\"383\" \/><\/a><br \/>\nArc classique ou recurve avec viseur et stabilisateur.<\/p>\n<p><a class=\"image\" href=\"http:\/\/archers-longwy.fr\/wordpress\/wp-content\/uploads\/2014\/10\/FichierBow_recurve_quiver.jpg\"><img loading=\"lazy\" decoding=\"async\" class=\"thumbimage\" src=\"http:\/\/archers-longwy.fr\/wordpress\/wp-content\/uploads\/2014\/10\/250px-Bow_recurve_quiver.jpg\" alt=\"\" width=\"250\" height=\"484\" \/><\/a><br \/>\nArc de chasse recurve avec carquois.<\/p>\n<p>L\u2019arc \u00e0 double courbure, parfois appel\u00e9 <em>recurve<\/em> du mot anglais signifiant recourb\u00e9. En fran\u00e7ais, on l&#8217;appelle aussi arc classique, probablement parce que c&#8217;est le mod\u00e8le le plus utilis\u00e9 actuellement, bien qu&#8217;il n&#8217;existe que depuis les ann\u00e9es 1950 dans sa forme actuelle. Il existe des mod\u00e8les non-d\u00e9montables (monobloc), et des mod\u00e8les d\u00e9montables pour la chasse avec plancher de tir ou repose-fl\u00e8che, qu&#8217;on peut tirer avec ou sans viseur.<\/p>\n<p>Le mod\u00e8le le plus courant est celui utilis\u00e9 aux Jeux olympiques, qui comporte des \u00e9l\u00e9ments am\u00e9liorant la stabilit\u00e9 et la pr\u00e9cision du tir.<\/p>\n","protected":false},"excerpt":{"rendered":"<p>Arc classique ou recurve (\u00e0 double courbure) source Wikip\u00e9dia Arc classique ou recurve avec viseur et stabilisateur. Arc de chasse recurve avec carquois. L\u2019arc \u00e0 double courbure, parfois appel\u00e9 recurve du mot anglais signifiant recourb\u00e9. En fran\u00e7ais, on l&#8217;appelle aussi arc classique, probablement parce que c&#8217;est le mod\u00e8le le plus utilis\u00e9 actuellement, bien qu&#8217;il n&#8217;existe [&hellip;]<\/p>\n","protected":false},"author":2,"featured_media":0,"parent":440,"menu_order":1,"comment_status":"closed","ping_status":"closed","template":"","meta":{"_bbp_topic_count":0,"_bbp_reply_count":0,"_bbp_total_topic_count":0,"_bbp_total_reply_count":0,"_bbp_voice_count":0,"_bbp_anonymous_reply_count":0,"_bbp_topic_count_hidden":0,"_bbp_reply_count_hidden":0,"_bbp_forum_subforum_count":0,"footnotes":""},"class_list":["post-442","page","type-page","status-publish","hentry"],"jetpack_sharing_enabled":true,"_links":{"self":[{"href":"https:\/\/archers-haucourt.fr\/wordpress\/wp-json\/wp\/v2\/pages\/442","targetHints":{"allow":["GET"]}}],"collection":[{"href":"https:\/\/archers-haucourt.fr\/wordpress\/wp-json\/wp\/v2\/pages"}],"about":[{"href":"https:\/\/archers-haucourt.fr\/wordpress\/wp-json\/wp\/v2\/types\/page"}],"author":[{"embeddable":true,"href":"https:\/\/archers-haucourt.fr\/wordpress\/wp-json\/wp\/v2\/users\/2"}],"replies":[{"embeddable":true,"href":"https:\/\/archers-haucourt.fr\/wordpress\/wp-json\/wp\/v2\/comments?post=442"}],"version-history":[{"count":2,"href":"https:\/\/archers-haucourt.fr\/wordpress\/wp-json\/wp\/v2\/pages\/442\/revisions"}],"predecessor-version":[{"id":1002,"href":"https:\/\/archers-haucourt.fr\/wordpress\/wp-json\/wp\/v2\/pages\/442\/revisions\/1002"}],"up":[{"embeddable":true,"href":"https:\/\/archers-haucourt.fr\/wordpress\/wp-json\/wp\/v2\/pages\/440"}],"wp:attachment":[{"href":"https:\/\/archers-haucourt.fr\/wordpress\/wp-json\/wp\/v2\/media?parent=442"}],"curies":[{"name":"wp","href":"https:\/\/api.w.org\/{rel}","templated":true}]}}