{"id":444,"date":"2014-10-31T12:20:32","date_gmt":"2014-10-31T11:20:32","guid":{"rendered":"http:\/\/archers-longwy.fr\/wordpress\/?page_id=444"},"modified":"2014-11-14T15:29:52","modified_gmt":"2014-11-14T14:29:52","slug":"longbow","status":"publish","type":"page","link":"https:\/\/archers-haucourt.fr\/wordpress\/e-propos-du-tir-a-larc\/types-darc\/longbow\/","title":{"rendered":"Longbow"},"content":{"rendered":"<p>Source Wikip\u00e9dia<\/p>\n<h1>Longbow<\/h1>\n<p><a class=\"image\" href=\"http:\/\/commons.wikimedia.org\/wiki\/File:Longbow_arrow.jpg\"><img loading=\"lazy\" decoding=\"async\" class=\"thumbimage\" src=\"http:\/\/upload.wikimedia.org\/wikipedia\/commons\/thumb\/b\/b7\/Longbow_arrow.jpg\/250px-Longbow_arrow.jpg\" alt=\"\" width=\"250\" height=\"57\" \/><\/a><br \/>\nLongbow avec fl\u00e8che en bois.<\/p>\n<p>Le Longbow anglais, dit <em>le Grand Arc<\/em> en fran\u00e7ais, est en fait d&#8217;origine Galloise. Sa forme est droite et il mesurait plus de 2 m\u00e8tres au Moyen \u00c2ge lorsqu&#8217;il \u00e9tait destin\u00e9 \u00e0 un homme de taille moyenne (environ 1,65 m).<\/p>\n<p>Sa forme transversale en D est caract\u00e9ristique. La partie plate se positionne c\u00f4t\u00e9 cible (c&#8217;est le dos de l&#8217;arc), la partie arrondie face au tireur (c&#8217;est le ventre de l&#8217;arc).<\/p>\n<p>Comme la quasi totalit\u00e9 des arcs avant 1950, il ne poss\u00e8de pas de repose-fl\u00e8che. On pose la fl\u00e8che sur la main, d&#8217;o\u00f9 l&#8217;obligation de ne tirer que des fl\u00e8ches &#8220;ligatur\u00e9es&#8221; (on enroule un fil autour du f\u00fbt et de la base des plumes afin que leurs pennes ne risquent pas de p\u00e9n\u00e9trer sous la peau lors du tir).<\/p>\n<p>La notori\u00e9t\u00e9 du longbow vient du fait qu&#8217;il est directement responsable des victoires anglaises pendant la guerre de cent ans. En effet, les rois anglais engageaient les archers de fa\u00e7on massive (5\u00a0000 \u00e0 Azincourt, 12\u00a0000 \u00e0 Cr\u00e9cy) tandis que les rois fran\u00e7ais pr\u00e9f\u00e9raient engager un plus petit nombre d&#8217;arbal\u00e9triers mercenaires \u00e9trangers (500 \u00e0 Azincourt). Or un bon arbal\u00e9trier tire difficilement plus que 4 carreaux en une minute alors qu&#8217;un bon archer tire 12 \u00e0 15 fl\u00e8ches. A Azincourt, 2\u00a0000 carreaux \u00e0 la minute ne pouvaient rivaliser avec 75\u00a0000 fl\u00e8ches \u00e0 la minute!<\/p>\n<p>On peut noter par contre que l&#8217;arbal\u00e8te est plus appropri\u00e9e pour la d\u00e9fense des ch\u00e2teaux\u00a0: elle utilise moins d&#8217;espace, le tireur est \u00e0 l&#8217;abri des fl\u00e8ches ennemies peut prendre le temps de viser et la petite taille des carreaux permet d&#8217;en stocker 2 fois plus que de fl\u00e8ches dans un ch\u00e2teau. Le Longbow est plut\u00f4t une arme offensive, l&#8217;arbal\u00e8te plut\u00f4t une arme d\u00e9fensive.<\/p>\n<p>Avec un longbow puissant (plus de 100 livres), la port\u00e9e maximum avoisine 260 m\u00e8tres, \u00e0 200 m\u00e8tres une fl\u00e8che peut p\u00e9n\u00e9trer une cotte de maille, \u00e0 100 m\u00e8tres une armure.<\/p>\n<p>Les meilleurs Longbows sont en if (Taxus Baccata). La propri\u00e9t\u00e9 de cet arbre est d&#8217;avoir un c\u0153ur qui accepte la compression (donc on le positionne au ventre de l&#8217;arc), et un aubier qui accepte l&#8217;extension (donc on en laisse une partie au dos de l&#8217;arc). Ainsi l&#8217;arc est plus souple, casse moins et autorise une plus grande allonge, donc une plus grande puissance et une plus grande port\u00e9e.<\/p>\n<p>Comme tous les arcs en bois \u00e9pais, il n\u00e9cessite un rodage progressif avant de pouvoir supporter une grande allonge. On doit le cirer r\u00e9guli\u00e8rement pour le prot\u00e9ger du soleil, de la pluie et des insectes xylophages (aujourd&#8217;hui, on le vernit).<\/p>\n<p>La quantit\u00e9 d&#8217;if disponible en Angleterre devenant vite insuffisante pendant la guerre de cent ans, on le r\u00e9servait en priorit\u00e9 aux nobles anglais (certains appr\u00e9ciaient l&#8217;arc pour la chasse et les loisirs) et on en importait d&#8217;Espagne et d&#8217;Italie. Les hommes plus ordinaires utilisaient plut\u00f4t des Longbows en orme (meilleur second choix de bois) et les archers de guerre se contentaient souvent de fr\u00eane.<\/p>\n","protected":false},"excerpt":{"rendered":"<p>Source Wikip\u00e9dia Longbow Longbow avec fl\u00e8che en bois. Le Longbow anglais, dit le Grand Arc en fran\u00e7ais, est en fait d&#8217;origine Galloise. Sa forme est droite et il mesurait plus de 2 m\u00e8tres au Moyen \u00c2ge lorsqu&#8217;il \u00e9tait destin\u00e9 \u00e0 un homme de taille moyenne (environ 1,65 m). Sa forme transversale en D est caract\u00e9ristique. [&hellip;]<\/p>\n","protected":false},"author":2,"featured_media":0,"parent":440,"menu_order":2,"comment_status":"closed","ping_status":"closed","template":"","meta":{"_bbp_topic_count":0,"_bbp_reply_count":0,"_bbp_total_topic_count":0,"_bbp_total_reply_count":0,"_bbp_voice_count":0,"_bbp_anonymous_reply_count":0,"_bbp_topic_count_hidden":0,"_bbp_reply_count_hidden":0,"_bbp_forum_subforum_count":0,"footnotes":""},"class_list":["post-444","page","type-page","status-publish","hentry"],"jetpack_sharing_enabled":true,"_links":{"self":[{"href":"https:\/\/archers-haucourt.fr\/wordpress\/wp-json\/wp\/v2\/pages\/444","targetHints":{"allow":["GET"]}}],"collection":[{"href":"https:\/\/archers-haucourt.fr\/wordpress\/wp-json\/wp\/v2\/pages"}],"about":[{"href":"https:\/\/archers-haucourt.fr\/wordpress\/wp-json\/wp\/v2\/types\/page"}],"author":[{"embeddable":true,"href":"https:\/\/archers-haucourt.fr\/wordpress\/wp-json\/wp\/v2\/users\/2"}],"replies":[{"embeddable":true,"href":"https:\/\/archers-haucourt.fr\/wordpress\/wp-json\/wp\/v2\/comments?post=444"}],"version-history":[{"count":1,"href":"https:\/\/archers-haucourt.fr\/wordpress\/wp-json\/wp\/v2\/pages\/444\/revisions"}],"predecessor-version":[{"id":1087,"href":"https:\/\/archers-haucourt.fr\/wordpress\/wp-json\/wp\/v2\/pages\/444\/revisions\/1087"}],"up":[{"embeddable":true,"href":"https:\/\/archers-haucourt.fr\/wordpress\/wp-json\/wp\/v2\/pages\/440"}],"wp:attachment":[{"href":"https:\/\/archers-haucourt.fr\/wordpress\/wp-json\/wp\/v2\/media?parent=444"}],"curies":[{"name":"wp","href":"https:\/\/api.w.org\/{rel}","templated":true}]}}