{"id":446,"date":"2014-10-31T12:22:54","date_gmt":"2014-10-31T11:22:54","guid":{"rendered":"http:\/\/archers-longwy.fr\/wordpress\/?page_id=446"},"modified":"2014-11-14T15:29:52","modified_gmt":"2014-11-14T14:29:52","slug":"arc-a-poulies","status":"publish","type":"page","link":"https:\/\/archers-haucourt.fr\/wordpress\/e-propos-du-tir-a-larc\/types-darc\/arc-a-poulies\/","title":{"rendered":"Arc \u00e0 poulies"},"content":{"rendered":"<h1>Arc \u00e0 poulies ou compound<\/h1>\n<p><em>source Wikip\u00e9dia-<\/em><br \/>\n<a class=\"image\" href=\"http:\/\/archers-longwy.fr\/wordpress\/wp-content\/uploads\/2014\/10\/FichierBow_compound.jpg\"><img loading=\"lazy\" decoding=\"async\" class=\"thumbimage\" src=\"http:\/\/archers-longwy.fr\/wordpress\/wp-content\/uploads\/2014\/10\/250px-Bow_compound.jpg\" alt=\"\" width=\"250\" height=\"333\" \/><\/a><br \/>\ncompound \u00e9quip\u00e9 pour la chasse<\/p>\n<p><span style=\"font-size: 14pt; font-family: Times New Roman,Times;\">Le <em>compound<\/em> a \u00e9t\u00e9 d\u00e9velopp\u00e9 aux \u00c9tats-Unis pour la chasse au gros gibier. <\/span><\/p>\n<p><span style=\"font-size: 14pt; font-family: Times New Roman,Times;\">Le premier brevet fut d\u00e9pos\u00e9 en 1969 par <span class=\"new\">Holless Wilbur Allen<\/span>. Les <em>compounds<\/em> sont en aluminium ou en mat\u00e9riaux composites. <\/span><\/p>\n<p><span style=\"font-size: 14pt; font-family: Times New Roman,Times;\">Au bout de chaque branche se trouve une poulie o\u00f9 passent des c\u00e2bles. L\u2019avantage consiste dans le fait que, environ \u00e0 la moiti\u00e9 de l\u2019armement, la force n\u00e9cessaire diminue de 40\u00a0% \u00e0 60\u00a0%, voire plus, ce qui permet \u00e0 l\u2019archer de tenir longtemps \u00e0 plein armement sans fatigue, tandis qu\u2019un arc traditionnel, une fois band\u00e9, doit \u00eatre l\u00e2ch\u00e9 rapidement, sinon le bras de l\u2019archer fatigue, tremble et la pr\u00e9cision du tir diminue. La corde acc\u00e9l\u00e8re la fl\u00e8che apr\u00e8s le l\u00e2cher ce qui lui donne plus de force. <\/span><\/p>\n<p><span style=\"font-size: 14pt; font-family: Times New Roman,Times;\">La vitesse au l\u00e2cher peut atteindre 90 m\/s. Le vol a tr\u00e8s peu de parabole, ce qui accro\u00eet la pr\u00e9cision du tir.<\/span><\/p>\n<p>&nbsp;<\/p>\n<p><a title=\"Accueil\" href=\"http:\/\/archers-longwy.fr\/wordpress\/\"><span style=\"text-decoration: underline;\"><strong>Retour \u00e0 l&#8217;accueil<\/strong><\/span><\/a><\/p>\n","protected":false},"excerpt":{"rendered":"<p>Arc \u00e0 poulies ou compound source Wikip\u00e9dia- compound \u00e9quip\u00e9 pour la chasse Le compound a \u00e9t\u00e9 d\u00e9velopp\u00e9 aux \u00c9tats-Unis pour la chasse au gros gibier. Le premier brevet fut d\u00e9pos\u00e9 en 1969 par Holless Wilbur Allen. Les compounds sont en aluminium ou en mat\u00e9riaux composites. Au bout de chaque branche se trouve une poulie o\u00f9 [&hellip;]<\/p>\n","protected":false},"author":2,"featured_media":0,"parent":440,"menu_order":3,"comment_status":"closed","ping_status":"closed","template":"","meta":{"_bbp_topic_count":0,"_bbp_reply_count":0,"_bbp_total_topic_count":0,"_bbp_total_reply_count":0,"_bbp_voice_count":0,"_bbp_anonymous_reply_count":0,"_bbp_topic_count_hidden":0,"_bbp_reply_count_hidden":0,"_bbp_forum_subforum_count":0,"footnotes":""},"class_list":["post-446","page","type-page","status-publish","hentry"],"jetpack_sharing_enabled":true,"_links":{"self":[{"href":"https:\/\/archers-haucourt.fr\/wordpress\/wp-json\/wp\/v2\/pages\/446","targetHints":{"allow":["GET"]}}],"collection":[{"href":"https:\/\/archers-haucourt.fr\/wordpress\/wp-json\/wp\/v2\/pages"}],"about":[{"href":"https:\/\/archers-haucourt.fr\/wordpress\/wp-json\/wp\/v2\/types\/page"}],"author":[{"embeddable":true,"href":"https:\/\/archers-haucourt.fr\/wordpress\/wp-json\/wp\/v2\/users\/2"}],"replies":[{"embeddable":true,"href":"https:\/\/archers-haucourt.fr\/wordpress\/wp-json\/wp\/v2\/comments?post=446"}],"version-history":[{"count":4,"href":"https:\/\/archers-haucourt.fr\/wordpress\/wp-json\/wp\/v2\/pages\/446\/revisions"}],"predecessor-version":[{"id":1007,"href":"https:\/\/archers-haucourt.fr\/wordpress\/wp-json\/wp\/v2\/pages\/446\/revisions\/1007"}],"up":[{"embeddable":true,"href":"https:\/\/archers-haucourt.fr\/wordpress\/wp-json\/wp\/v2\/pages\/440"}],"wp:attachment":[{"href":"https:\/\/archers-haucourt.fr\/wordpress\/wp-json\/wp\/v2\/media?parent=446"}],"curies":[{"name":"wp","href":"https:\/\/api.w.org\/{rel}","templated":true}]}}