{"id":448,"date":"2014-10-31T12:24:13","date_gmt":"2014-10-31T11:24:13","guid":{"rendered":"http:\/\/archers-longwy.fr\/wordpress\/?page_id=448"},"modified":"2014-11-14T15:29:52","modified_gmt":"2014-11-14T14:29:52","slug":"accessoires","status":"publish","type":"page","link":"https:\/\/archers-haucourt.fr\/wordpress\/e-propos-du-tir-a-larc\/types-darc\/accessoires\/","title":{"rendered":"&#8230; Accessoires"},"content":{"rendered":"<h1>Quelques accessoires<\/h1>\n<p>(cf. wikip\u00e9dia)<\/p>\n<p>1. <strong>La dragonne<\/strong>\u00a0: cordelette \u00e0 deux anneaux fix\u00e9s au pouce et \u00e0 l&#8217;index ou cordelette faisant un tour de poignet (le puits) et passant entre le majeur et l&#8217;annulaire et fix\u00e9e au puits par un mousqueton, la dragonne permet de retenir l&#8217;arc \u00e0 la main de l&#8217;archer\u00a0; en effet, l&#8217;archer ne tient pas la poign\u00e9e de l&#8217;arc mais la repousse, et l&#8217;arc est propuls\u00e9 en avant par la force lib\u00e9r\u00e9e par les branches lors de la d\u00e9coche. Entra\u00een\u00e9 par cette force et le poids des stabilisateurs plac\u00e9s sur l&#8217;axe vertical de l&#8217;arc (central ou haut et bas), l&#8217;arc pivote autour de la dragonne, plus ou moins vite selon la dynamique de la d\u00e9coche.<\/p>\n<p>2. <strong>Le carquois<\/strong>\u00a0: rangement pour les fl\u00e8ches. Il est souvent repr\u00e9sent\u00e9 sous forme cylindrique et attach\u00e9 dans le dos de l&#8217;archer, mais cette position oblige l&#8217;archer \u00e0 une contorsion p\u00e9rilleuse pour saisir les fl\u00e8ches. On pr\u00e9f\u00e8re utiliser une sorte de poche aplatie fix\u00e9e \u00e0 la taille par une ceinture et dans laquelle les fl\u00e8ches sont align\u00e9es pointe au fond, et inclin\u00e9e vers l&#8217;arri\u00e8re de fa\u00e7on \u00e0 ne pas interf\u00e9rer avec le tir\u00a0; le carquois comporte g\u00e9n\u00e9ralement une poche pour les accessoires (pointes, encoches, plumes, colle, r\u00e9sine, petits outils, etc.) ainsi qu&#8217;un anneau \u00e0 l&#8217;arri\u00e8re destin\u00e9 \u00e0 s\u00e9parer les fl\u00e8ches abim\u00e9es des autres.<\/p>\n<p>3. <strong>Le prot\u00e8ge bras<\/strong>\u00a0: protection de cuir ou de plastique, port\u00e9e sur le bras d&#8217;arc (bras tenant l&#8217;arc), il prot\u00e8ge l&#8217;avant-bras lorsque, \u00e0 la d\u00e9coche, la corde reprend sa position initiale (et m\u00eame au-del\u00e0). Les archers apprennent tr\u00e8s rapidement et \u00e0 leurs d\u00e9pens \u00e0 pivoter le coude vers l&#8217;ext\u00e9rieur de fa\u00e7on \u00e0 limiter cet effet de corde qui peut provoquer tr\u00e8s rapidement des h\u00e9matomes.<\/p>\n<p>4. <strong>La palette<\/strong>\u00a0: morceau de cuir ou de mati\u00e8re synth\u00e9tique, prot\u00e9geant les doigts qui tiennent la corde de l&#8217;arc. La palette est retenue \u00e0 la main par un anneau autour du majeur. La palette comporte g\u00e9n\u00e9ralement une pi\u00e8ce allong\u00e9e plac\u00e9e entre l&#8217;index et le majeur afin d&#8217;\u00e9viter que l&#8217;archer ne <em>pince<\/em> la fl\u00e8che. De plus, la palette peut comporter une cale qui se place entre l&#8217;index et la m\u00e2choire pour relever la trajectoire de sortie de la fl\u00e8che.<\/p>\n<p>5. <strong>Le gant<\/strong>\u00a0: utilis\u00e9 \u00e0 la place d&#8217;une palette, g\u00e9n\u00e9ralement pr\u00e9f\u00e9r\u00e9 par des chasseurs et en tir nature (<em>field<\/em>) (sans viseur).<\/p>\n<p>6. <strong>Le plastron<\/strong>\u00a0: pour prot\u00e9ger la poitrine du frottement de la corde lors de la d\u00e9coche, mais aussi pour prot\u00e9ger la corde d&#8217;\u00e9ventuels frottements avec des v\u00eatements. La l\u00e9gende rapporte que les Amazones se faisaient \u00f4ter un sein pour \u00e9viter cet effet de frottement, ce qui justifie l&#8217;utilisation du plastron pour les femmes.<\/p>\n","protected":false},"excerpt":{"rendered":"<p>Quelques accessoires (cf. wikip\u00e9dia) 1. La dragonne\u00a0: cordelette \u00e0 deux anneaux fix\u00e9s au pouce et \u00e0 l&#8217;index ou cordelette faisant un tour de poignet (le puits) et passant entre le majeur et l&#8217;annulaire et fix\u00e9e au puits par un mousqueton, la dragonne permet de retenir l&#8217;arc \u00e0 la main de l&#8217;archer\u00a0; en effet, l&#8217;archer ne [&hellip;]<\/p>\n","protected":false},"author":2,"featured_media":0,"parent":440,"menu_order":5,"comment_status":"closed","ping_status":"closed","template":"","meta":{"_bbp_topic_count":0,"_bbp_reply_count":0,"_bbp_total_topic_count":0,"_bbp_total_reply_count":0,"_bbp_voice_count":0,"_bbp_anonymous_reply_count":0,"_bbp_topic_count_hidden":0,"_bbp_reply_count_hidden":0,"_bbp_forum_subforum_count":0,"footnotes":""},"class_list":["post-448","page","type-page","status-publish","hentry"],"jetpack_sharing_enabled":true,"_links":{"self":[{"href":"https:\/\/archers-haucourt.fr\/wordpress\/wp-json\/wp\/v2\/pages\/448","targetHints":{"allow":["GET"]}}],"collection":[{"href":"https:\/\/archers-haucourt.fr\/wordpress\/wp-json\/wp\/v2\/pages"}],"about":[{"href":"https:\/\/archers-haucourt.fr\/wordpress\/wp-json\/wp\/v2\/types\/page"}],"author":[{"embeddable":true,"href":"https:\/\/archers-haucourt.fr\/wordpress\/wp-json\/wp\/v2\/users\/2"}],"replies":[{"embeddable":true,"href":"https:\/\/archers-haucourt.fr\/wordpress\/wp-json\/wp\/v2\/comments?post=448"}],"version-history":[{"count":1,"href":"https:\/\/archers-haucourt.fr\/wordpress\/wp-json\/wp\/v2\/pages\/448\/revisions"}],"predecessor-version":[{"id":1088,"href":"https:\/\/archers-haucourt.fr\/wordpress\/wp-json\/wp\/v2\/pages\/448\/revisions\/1088"}],"up":[{"embeddable":true,"href":"https:\/\/archers-haucourt.fr\/wordpress\/wp-json\/wp\/v2\/pages\/440"}],"wp:attachment":[{"href":"https:\/\/archers-haucourt.fr\/wordpress\/wp-json\/wp\/v2\/media?parent=448"}],"curies":[{"name":"wp","href":"https:\/\/api.w.org\/{rel}","templated":true}]}}