{"id":457,"date":"2014-10-31T12:36:24","date_gmt":"2014-10-31T11:36:24","guid":{"rendered":"http:\/\/archers-longwy.fr\/wordpress\/?page_id=457"},"modified":"2015-05-28T15:22:57","modified_gmt":"2015-05-28T13:22:57","slug":"techniques","status":"publish","type":"page","link":"https:\/\/archers-haucourt.fr\/wordpress\/technique\/techniques\/","title":{"rendered":"Comment bien choisir son arc en taille et puissance"},"content":{"rendered":"<p><span style=\"text-decoration: underline;\"><strong>1)Apr\u00e8s quelques semaines de pratique en club<\/strong><\/span> o\u00f9 vous avez essay\u00e9 plusieurs puissances et taille d&#8217;arc voici venu le moment de choisir <span style=\"text-decoration: underline;\"><strong>VOTRE<\/strong><\/span> arc.<\/p>\n<p>Vous connaissez maintenant vos <strong>possibilit\u00e9s physiques<\/strong> ( puissance, taille de l&#8217;arc, allonge ) car il vaut mieux les conna\u00eetre avant de se choisir son propre mat\u00e9riel.<\/p>\n<p>&nbsp;<\/p>\n<p><span style=\"text-decoration: underline;\"><strong>2) D\u00e9finir votre budget<\/strong><\/span> en fonction :<\/p>\n<p>&#8211;<strong>de votre choix du type d&#8217;arc <\/strong>( il en existe de nombreux mod\u00e8les en fonction des pays et des cultures ) la qualit\u00e9 influe directement sur le prix :<\/p>\n<p><strong>\u00a0\u00a0\u00a0\u00a0\u00a0\u00a0\u00a0\u00a0\u00a0\u00a0 chasse\u00a0\u00a0\u00a0\u00a0\u00a0\u00a0\u00a0\u00a0\u00a0\u00a0\u00a0\u00a0\u00a0\u00a0\u00a0\u00a0\u00a0\u00a0\u00a0 \u00a0 \u00a0 \u00a0\u00a0\u00a0 recurve \u00a0 \u00a0 \u00a0 \u00a0 \u00a0 \u00a0 \u00a0 \u00a0 \u00a0 \u00a0 \u00a0 \u00a0 \u00a0 \u00a0 \u00a0 \u00a0 \u00a0\u00a0 \u00a0 \u00a0 \u00a0\u00a0<\/strong><strong> \u00e0 poulies \u00a0 \u00a0 \u00a0 \u00a0 \u00a0 \u00a0 \u00a0 \u00a0 \u00a0 \u00a0 \u00a0 \u00a0 \u00a0 \u00a0 \u00a0\u00a0 <\/strong><strong>longbow \u00a0\u00a0\u00a0\u00a0\u00a0\u00a0\u00a0\u00a0\u00a0\u00a0\u00a0\u00a0\u00a0\u00a0\u00a0\u00a0\u00a0\u00a0\u00a0\u00a0\u00a0\u00a0\u00a0\u00a0\u00a0\u00a0\u00a0\u00a0\u00a0\u00a0\u00a0\u00a0\u00a0\u00a0\u00a0\u00a0\u00a0\u00a0\u00a0\u00a0\u00a0\u00a0\u00a0\u00a0\u00a0\u00a0\u00a0\u00a0\u00a0\u00a0\u00a0\u00a0\u00a0\u00a0\u00a0\u00a0\u00a0\u00a0 kyudo<\/strong><strong><br \/>\n<\/strong><\/p>\n<p><a href=\"http:\/\/archers-longwy.fr\/wordpress\/wp-content\/uploads\/2014\/10\/250px-Bow_recurve_quiver.jpg\" rel=\"attachment wp-att-999\"><img loading=\"lazy\" decoding=\"async\" class=\"alignnone size-medium wp-image-999\" src=\"http:\/\/archers-longwy.fr\/wordpress\/wp-content\/uploads\/2014\/10\/250px-Bow_recurve_quiver-154x300.jpg\" alt=\"250px-Bow_recurve_quiver.jpg\" width=\"154\" height=\"300\" \/><strong>*<\/strong> <\/a><a href=\"http:\/\/archers-longwy.fr\/wordpress\/wp-content\/uploads\/2014\/10\/250px-Arc_classique_avec_stabilisateur.jpg\" rel=\"attachment wp-att-998\"><img loading=\"lazy\" decoding=\"async\" class=\"alignnone size-medium wp-image-998\" src=\"http:\/\/archers-longwy.fr\/wordpress\/wp-content\/uploads\/2014\/10\/250px-Arc_classique_avec_stabilisateur-195x300.jpg\" alt=\"250px-Arc_classique_avec_stabilisateur.jpg\" width=\"195\" height=\"300\" srcset=\"https:\/\/archers-haucourt.fr\/wordpress\/wp-content\/uploads\/2014\/10\/250px-Arc_classique_avec_stabilisateur-195x300.jpg 195w, https:\/\/archers-haucourt.fr\/wordpress\/wp-content\/uploads\/2014\/10\/250px-Arc_classique_avec_stabilisateur.jpg 250w\" sizes=\"auto, (max-width: 195px) 100vw, 195px\" \/><\/a> <strong>*<\/strong><a href=\"http:\/\/archers-longwy.fr\/wordpress\/wp-content\/uploads\/2014\/10\/arc-\u00e0-poulies.jpg\" rel=\"attachment wp-att-1571\"><img loading=\"lazy\" decoding=\"async\" class=\"alignnone  wp-image-1571\" src=\"http:\/\/archers-longwy.fr\/wordpress\/wp-content\/uploads\/2014\/10\/arc-\u00e0-poulies-225x300.jpg\" alt=\"arc \u00e0 poulies\" width=\"224\" height=\"299\" srcset=\"https:\/\/archers-haucourt.fr\/wordpress\/wp-content\/uploads\/2014\/10\/arc-\u00e0-poulies-225x300.jpg 225w, https:\/\/archers-haucourt.fr\/wordpress\/wp-content\/uploads\/2014\/10\/arc-\u00e0-poulies-768x1024.jpg 768w, https:\/\/archers-haucourt.fr\/wordpress\/wp-content\/uploads\/2014\/10\/arc-\u00e0-poulies-900x1200.jpg 900w, https:\/\/archers-haucourt.fr\/wordpress\/wp-content\/uploads\/2014\/10\/arc-\u00e0-poulies.jpg 1536w\" sizes=\"auto, (max-width: 224px) 100vw, 224px\" \/><\/a><a href=\"http:\/\/archers-longwy.fr\/wordpress\/wp-content\/uploads\/2014\/10\/MCI-2444-1.png\" rel=\"attachment wp-att-1572\"><strong>*<\/strong><img loading=\"lazy\" decoding=\"async\" class=\"alignnone size-medium wp-image-1572\" src=\"http:\/\/archers-longwy.fr\/wordpress\/wp-content\/uploads\/2014\/10\/MCI-2444-1-300x300.png\" alt=\"MCI-2444-1\" width=\"300\" height=\"300\" srcset=\"https:\/\/archers-haucourt.fr\/wordpress\/wp-content\/uploads\/2014\/10\/MCI-2444-1-300x300.png 300w, https:\/\/archers-haucourt.fr\/wordpress\/wp-content\/uploads\/2014\/10\/MCI-2444-1-150x150.png 150w, https:\/\/archers-haucourt.fr\/wordpress\/wp-content\/uploads\/2014\/10\/MCI-2444-1-144x144.png 144w, https:\/\/archers-haucourt.fr\/wordpress\/wp-content\/uploads\/2014\/10\/MCI-2444-1.png 768w\" sizes=\"auto, (max-width: 300px) 100vw, 300px\" \/><strong>*<\/strong><\/a>\u00a0 <a href=\"http:\/\/archers-longwy.fr\/wordpress\/wp-content\/uploads\/2014\/10\/arc-kyudo.jpg\" rel=\"attachment wp-att-1575\"><img loading=\"lazy\" decoding=\"async\" class=\"alignnone size-full wp-image-1575\" src=\"http:\/\/archers-longwy.fr\/wordpress\/wp-content\/uploads\/2014\/10\/arc-kyudo.jpg\" alt=\"arc kyudo\" width=\"177\" height=\"285\" \/><\/a><\/p>\n<p>&nbsp;<\/p>\n<p>&#8211; <strong>des \u00e9quipements compl\u00e9mentaires<\/strong> \u00e0 acqu\u00e9rir quelque soit le mod\u00e8le :<\/p>\n<p>Sac ou valise pour ranger il en existe beaucoup mais choisissez + grand ! on a toujours tendance \u00e0 en remettre dedans.<\/p>\n<p><a href=\"http:\/\/archers-longwy.fr\/wordpress\/wp-content\/uploads\/2014\/10\/sac-\u00e0-dos.jpg\" rel=\"attachment wp-att-1573\"><img loading=\"lazy\" decoding=\"async\" class=\"alignnone wp-image-1573 size-thumbnail\" src=\"http:\/\/archers-longwy.fr\/wordpress\/wp-content\/uploads\/2014\/10\/sac-\u00e0-dos-150x150.jpg\" alt=\"sac \u00e0 dos\" width=\"150\" height=\"150\" srcset=\"https:\/\/archers-haucourt.fr\/wordpress\/wp-content\/uploads\/2014\/10\/sac-\u00e0-dos-150x150.jpg 150w, https:\/\/archers-haucourt.fr\/wordpress\/wp-content\/uploads\/2014\/10\/sac-\u00e0-dos-300x300.jpg 300w, https:\/\/archers-haucourt.fr\/wordpress\/wp-content\/uploads\/2014\/10\/sac-\u00e0-dos-144x144.jpg 144w, https:\/\/archers-haucourt.fr\/wordpress\/wp-content\/uploads\/2014\/10\/sac-\u00e0-dos.jpg 800w\" sizes=\"auto, (max-width: 150px) 100vw, 150px\" \/><\/a><a href=\"http:\/\/archers-longwy.fr\/wordpress\/wp-content\/uploads\/2014\/10\/aco-decut-valise-arc-recurve.jpg\" rel=\"attachment wp-att-1574\"><strong>*<\/strong><img loading=\"lazy\" decoding=\"async\" class=\"alignnone wp-image-1574 size-thumbnail\" src=\"http:\/\/archers-longwy.fr\/wordpress\/wp-content\/uploads\/2014\/10\/aco-decut-valise-arc-recurve-150x150.jpg\" alt=\"aco-decut-valise-arc-recurve\" width=\"150\" height=\"150\" srcset=\"https:\/\/archers-haucourt.fr\/wordpress\/wp-content\/uploads\/2014\/10\/aco-decut-valise-arc-recurve-150x150.jpg 150w, https:\/\/archers-haucourt.fr\/wordpress\/wp-content\/uploads\/2014\/10\/aco-decut-valise-arc-recurve-300x300.jpg 300w, https:\/\/archers-haucourt.fr\/wordpress\/wp-content\/uploads\/2014\/10\/aco-decut-valise-arc-recurve-144x144.jpg 144w, https:\/\/archers-haucourt.fr\/wordpress\/wp-content\/uploads\/2014\/10\/aco-decut-valise-arc-recurve.jpg 458w\" sizes=\"auto, (max-width: 150px) 100vw, 150px\" \/><\/a><strong>*<\/strong> <a href=\"http:\/\/archers-longwy.fr\/wordpress\/wp-content\/uploads\/2014\/10\/valise-arcs-a-poulies.jpg\" rel=\"attachment wp-att-1578\"><img loading=\"lazy\" decoding=\"async\" class=\"alignnone wp-image-1578 size-medium\" src=\"http:\/\/archers-longwy.fr\/wordpress\/wp-content\/uploads\/2014\/10\/valise-arcs-a-poulies-300x216.jpg\" alt=\"valise arcs-a-poulies\" width=\"300\" height=\"216\" \/><\/a><strong>*<\/strong><\/p>\n<p>Sur l&#8217;arc : repose fl\u00e8che (poulies), stabilisation (recurve) et viseur<\/p>\n<p><a href=\"http:\/\/archers-longwy.fr\/wordpress\/wp-content\/uploads\/2014\/10\/rep-fl\u00e8che-poulies1.jpg\" rel=\"attachment wp-att-1582\"><img loading=\"lazy\" decoding=\"async\" class=\"alignnone wp-image-1582 size-thumbnail\" src=\"http:\/\/archers-longwy.fr\/wordpress\/wp-content\/uploads\/2014\/10\/rep-fl\u00e8che-poulies1-150x150.jpg\" alt=\"rep fl\u00e8che poulies\" width=\"150\" height=\"150\" srcset=\"https:\/\/archers-haucourt.fr\/wordpress\/wp-content\/uploads\/2014\/10\/rep-fl\u00e8che-poulies1-150x150.jpg 150w, https:\/\/archers-haucourt.fr\/wordpress\/wp-content\/uploads\/2014\/10\/rep-fl\u00e8che-poulies1-144x144.jpg 144w\" sizes=\"auto, (max-width: 150px) 100vw, 150px\" \/><\/a> \u00a0<strong>*<\/strong> \u00a0\u00a0 \u00a0 \u00a0<a href=\"http:\/\/archers-longwy.fr\/wordpress\/wp-content\/uploads\/2014\/10\/AS_StabVcline.gif\" rel=\"attachment wp-att-1583\"><img loading=\"lazy\" decoding=\"async\" class=\"alignnone wp-image-1583 size-medium\" src=\"http:\/\/archers-longwy.fr\/wordpress\/wp-content\/uploads\/2014\/10\/AS_StabVcline-300x151.gif\" alt=\"AS_StabVcline\" width=\"300\" height=\"151\" \/><\/a> \u00a0 \u00a0 \u00a0\u00a0 <a href=\"http:\/\/archers-longwy.fr\/wordpress\/wp-content\/uploads\/2014\/10\/viseur-as-sx10.png\" rel=\"attachment wp-att-1580\"><img loading=\"lazy\" decoding=\"async\" class=\"alignnone wp-image-1580 size-thumbnail\" src=\"http:\/\/archers-longwy.fr\/wordpress\/wp-content\/uploads\/2014\/10\/viseur-as-sx10-150x150.png\" alt=\"viseur as sx10\" width=\"150\" height=\"150\" srcset=\"https:\/\/archers-haucourt.fr\/wordpress\/wp-content\/uploads\/2014\/10\/viseur-as-sx10-150x150.png 150w, https:\/\/archers-haucourt.fr\/wordpress\/wp-content\/uploads\/2014\/10\/viseur-as-sx10-300x300.png 300w, https:\/\/archers-haucourt.fr\/wordpress\/wp-content\/uploads\/2014\/10\/viseur-as-sx10-144x144.png 144w, https:\/\/archers-haucourt.fr\/wordpress\/wp-content\/uploads\/2014\/10\/viseur-as-sx10.png 600w\" sizes=\"auto, (max-width: 150px) 100vw, 150px\" \/><\/a><strong>*<\/strong><\/p>\n<p>&nbsp;<\/p>\n<p>Les 6 fl\u00e8ches, encoches, palette ou d\u00e9cocheur, fausse corde etc..<\/p>\n<p>Les pi\u00e8ces de rechange et les outils de montage.<\/p>\n<p><strong>*<\/strong> Les photos de cette page sont uniquement des exemples car il en existe des centaines d&#8217;autres&#8230;.<\/p>\n<p>&nbsp;<\/p>\n<p>&nbsp;<\/p>\n<p><span style=\"text-decoration: underline;\"><strong>3) Se rendre dans une archerie<\/strong><\/span> de pr\u00e9f\u00e9rence avec un archer confirm\u00e9 et o\u00f9 il y a un pas de tir, un arc c&#8217;est un peu comme une paire de chaussures il vaut mieux essayer !<\/p>\n<p>&nbsp;<\/p>\n<p><span style=\"text-decoration: underline;\"><strong>4) Une aide : Article de M. Christian COUPE<\/strong><\/span> : <a href=\"http:\/\/archers-longwy.fr\/wordpress\/wp-content\/uploads\/2014\/10\/choix-de-larc.pdf\" target=\"_blank\">choix de l&#8217;arc<\/a> classique<\/p>\n<p>&nbsp;<\/p>\n<p><span style=\"text-decoration: underline;\"><strong><a title=\"Accueil\" href=\"http:\/\/archers-longwy.fr\/wordpress\/\">Retour \u00e0 l&#8217;accueil<\/a><\/strong><\/span><\/p>\n","protected":false},"excerpt":{"rendered":"<p>1)Apr\u00e8s quelques semaines de pratique en club o\u00f9 vous avez essay\u00e9 plusieurs puissances et taille d&#8217;arc voici venu le moment de choisir VOTRE arc. Vous connaissez maintenant vos possibilit\u00e9s physiques ( puissance, taille de l&#8217;arc, allonge ) car il vaut mieux les conna\u00eetre avant de se choisir son propre mat\u00e9riel. &nbsp; 2) D\u00e9finir votre budget [&hellip;]<\/p>\n","protected":false},"author":2,"featured_media":0,"parent":659,"menu_order":2,"comment_status":"closed","ping_status":"closed","template":"","meta":{"_bbp_topic_count":0,"_bbp_reply_count":0,"_bbp_total_topic_count":0,"_bbp_total_reply_count":0,"_bbp_voice_count":0,"_bbp_anonymous_reply_count":0,"_bbp_topic_count_hidden":0,"_bbp_reply_count_hidden":0,"_bbp_forum_subforum_count":0,"footnotes":""},"class_list":["post-457","page","type-page","status-publish","hentry"],"jetpack_sharing_enabled":true,"_links":{"self":[{"href":"https:\/\/archers-haucourt.fr\/wordpress\/wp-json\/wp\/v2\/pages\/457","targetHints":{"allow":["GET"]}}],"collection":[{"href":"https:\/\/archers-haucourt.fr\/wordpress\/wp-json\/wp\/v2\/pages"}],"about":[{"href":"https:\/\/archers-haucourt.fr\/wordpress\/wp-json\/wp\/v2\/types\/page"}],"author":[{"embeddable":true,"href":"https:\/\/archers-haucourt.fr\/wordpress\/wp-json\/wp\/v2\/users\/2"}],"replies":[{"embeddable":true,"href":"https:\/\/archers-haucourt.fr\/wordpress\/wp-json\/wp\/v2\/comments?post=457"}],"version-history":[{"count":15,"href":"https:\/\/archers-haucourt.fr\/wordpress\/wp-json\/wp\/v2\/pages\/457\/revisions"}],"predecessor-version":[{"id":1585,"href":"https:\/\/archers-haucourt.fr\/wordpress\/wp-json\/wp\/v2\/pages\/457\/revisions\/1585"}],"up":[{"embeddable":true,"href":"https:\/\/archers-haucourt.fr\/wordpress\/wp-json\/wp\/v2\/pages\/659"}],"wp:attachment":[{"href":"https:\/\/archers-haucourt.fr\/wordpress\/wp-json\/wp\/v2\/media?parent=457"}],"curies":[{"name":"wp","href":"https:\/\/api.w.org\/{rel}","templated":true}]}}