{"id":464,"date":"2014-10-31T12:45:38","date_gmt":"2014-10-31T11:45:38","guid":{"rendered":"http:\/\/archers-longwy.fr\/wordpress\/?page_id=464"},"modified":"2015-05-18T10:43:35","modified_gmt":"2015-05-18T09:43:35","slug":"choisir-vos-fleches","status":"publish","type":"page","link":"https:\/\/archers-haucourt.fr\/wordpress\/technique\/choisir-vos-fleches\/","title":{"rendered":"Choisir vos Fl\u00e8ches"},"content":{"rendered":"<p>Comment bien choisir ses fl\u00e8ches en fonction des recommandations et tableau de choix des fabricants.<\/p>\n<p>Le choix d&#8217;une fl\u00e8che est fonction de votre budget, de la puissance mesur\u00e9e au peson de votre arc \u00e0 <span style=\"text-decoration: underline;\">VOTRE pleine allonge qu&#8217;il faut \u00e9videmment conna\u00eetre c&#8217;est la premi\u00e8re d\u00e9marche!<\/span><\/p>\n<p>Elle peut \u00eatre aussi fonction du type de tir que vous effectuez : comp\u00e9tition ou loisir tirs sur cibles anglaises en salle, tir campagne, tir chasse ou 3D.<\/p>\n<p><a href=\"http:\/\/archers-longwy.fr\/wordpress\/wp-content\/uploads\/2014\/10\/tout-savoir-sur-le-calcul-de-vos-fl\u00e8ches-partie-1.pdf\" target=\"_blank\">1) tout savoir sur le calcul de vos fl\u00e8ches partie 1<\/a>\u00a0 (clique sur ce titre)<\/p>\n<p>2) autre m\u00e9thode de choix ( clique sur le tableau pour agrandir )<\/p>\n<p><a href=\"http:\/\/archers-longwy.fr\/wordpress\/wp-content\/uploads\/2014\/10\/page1415.jpg\" target=\"_blank\" rel=\"attachment wp-att-114\"><img loading=\"lazy\" decoding=\"async\" class=\"alignnone  wp-image-114\" src=\"http:\/\/archers-longwy.fr\/wordpress\/wp-content\/uploads\/2014\/10\/page1415-300x194.jpg\" alt=\"page14&amp;15\" width=\"444\" height=\"287\" srcset=\"https:\/\/archers-haucourt.fr\/wordpress\/wp-content\/uploads\/2014\/10\/page1415-300x194.jpg 300w, https:\/\/archers-haucourt.fr\/wordpress\/wp-content\/uploads\/2014\/10\/page1415.jpg 1024w\" sizes=\"auto, (max-width: 444px) 100vw, 444px\" \/><\/a>\u00a0\u00a0 <a href=\"http:\/\/archers-longwy.fr\/wordpress\/wp-content\/uploads\/2014\/10\/page1617.jpg\" target=\"_blank\" rel=\"attachment wp-att-115\"><img loading=\"lazy\" decoding=\"async\" class=\"alignnone  wp-image-115\" src=\"http:\/\/archers-longwy.fr\/wordpress\/wp-content\/uploads\/2014\/10\/page1617-300x193.jpg\" alt=\"page16&amp;17\" width=\"434\" height=\"279\" srcset=\"https:\/\/archers-haucourt.fr\/wordpress\/wp-content\/uploads\/2014\/10\/page1617-300x193.jpg 300w, https:\/\/archers-haucourt.fr\/wordpress\/wp-content\/uploads\/2014\/10\/page1617.jpg 1024w\" sizes=\"auto, (max-width: 434px) 100vw, 434px\" \/><\/a><\/p>\n<p>3) : acheter ses fl\u00e8ches plusieurs grandes marques et mod\u00e8les : Easton, Beman , etc.. que vous trouverez chez vos revendeurs locaux !!!<\/p>\n<p><strong>Catalogue<\/strong> :\u00a0<a href=\"http:\/\/archers-longwy.fr\/wordpress\/wp-content\/uploads\/2014\/10\/CatalogueFlechesEastonBemanCarbonExpress.pdf\" target=\"_blank\">CatalogueFlechesEastonBemanCarbonExpress<\/a><\/p>\n<h2><span style=\"text-decoration: underline;\">D\u00e9tails :<\/span><\/h2>\n<p><span style=\"font-size: 14pt;\">Les fl\u00e8ches ont une grande importance pour r\u00e9ussir des tirs group\u00e9s.<\/span><\/p>\n<p><span style=\"font-size: 14pt;\">Les fl\u00e8ches &#8220;toutes mont\u00e9es&#8221; sont bonnes pour l&#8217;initiation et il pr\u00e9f\u00e9rable de faire ses fl\u00e8ches soit m\u00eame pour la comp\u00e9tition.<\/span><br \/>\n<span style=\"font-size: 14pt;\"> Le choix des fl\u00e8ches ne se fait pas au hasard, il faut respecter des r\u00e8gles ( voir choisir ses fl\u00e8ches ).<\/span><\/p>\n<p><span style=\"font-size: 14pt;\">Le choix des tubes est fait en fonction de l&#8217;allonge du tireur en pouces &#8220;, de la puissance de l&#8217;arc en livres # et du type de discipline.<br \/>\n<\/span><\/p>\n<p>&nbsp;<\/p>\n<h2>Les fl\u00e8ches :<\/h2>\n<p><span style=\"font-size: 14pt;\">Les mesures &#8220;constructeur&#8221; sont en mesures anglaises\u00a0 rappel : 1 grain = 0,0648 gramme, 1 pouce ou &#8220;=2.54 cm, le diam\u00e8tre est en 1\/64 de &#8221; ;\u00a0 l&#8217;\u00e9paisseur en 1\/1000 de &#8220;<\/span><\/p>\n<p>Le FOC ( Front of center ) Il est important que l&#8217;avant de la fl\u00e8che soit plus lourd que l&#8217;arri\u00e8re mais pas n&#8217;importe comment !<\/p>\n<p>Pour cela il existe des mesures d\u00e9terminant le poids de la pointe \u00e0 utiliser :<\/p>\n<p>pour un tir en salle on privil\u00e9giera des pointes lourdes ( 7%, 9% voire davantage ) pour un tir ext\u00e9rieur et lointain 4% est suffisant.<\/p>\n<p><a href=\"http:\/\/archers-longwy.fr\/wordpress\/wp-content\/uploads\/2014\/10\/foc-essentiel-pour-un-bon-tir.pdf\">Document D\u00e9finition <\/a>( cliquer )<\/p>\n<ul>\n<li><a href=\"http:\/\/archers-longwy.fr\/wordpress\/wp-content\/uploads\/2014\/10\/foc-anglais-page-2.jpg\" target=\"_blank\"><span style=\"font-size: 14pt;\">Fiche technique en anglais de la r\u00e8gle de mesure du F.O.C.<\/span><\/a><\/li>\n<li><a href=\"http:\/\/archers-longwy.fr\/wordpress\/wp-content\/uploads\/2014\/10\/foc-anglais-page-1.jpg\" target=\"_blank\"><span style=\"font-size: 14pt;\">Mode d&#8217;emploi en anglais de la r\u00e8gle de mesure du F.O.C.<\/span><\/a><\/li>\n<\/ul>\n<h2 align=\"left\"><span style=\"font-size: 14pt;\">Instructions pour coller les plumes :<\/span><\/h2>\n<p align=\"left\"><span style=\"font-size: 14pt;\">Les plumes sont fabriqu\u00e9es pour \u00eatre coll\u00e9es sur le tube.<\/span><\/p>\n<p align=\"left\"><span style=\"font-size: 14pt;\">Plusieurs choix de colle sont \u00e0 disposition de l&#8217;archer :<\/span><\/p>\n<p align=\"left\"><span style=\"font-size: 14pt;\">Les cyanoacrylates : Ces colles prennent en moins de 4 secondes sur les fl\u00e8ches en carbone et en aluminium.<\/span><br \/>\n<span style=\"font-size: 14pt;\"> Important : Ne pas utiliser d&#8217;ac\u00e9tone ou autre produit chimique pour nettoyer le tube de la fl\u00e8che ou la base de la plume. <\/span><\/p>\n<p align=\"left\"><span style=\"font-size: 14pt;\">Les colles cyanoacrylates sont l\u00e9g\u00e8rement acides et pr\u00e9parer le tube avec de l&#8217;ac\u00e9tone ou un autre solvant r\u00e9duit consid\u00e9rablement la qualit\u00e9 de collage. Les solvants sont une barri\u00e8re \u00e0 l&#8217;adh\u00e9sion.<\/span><br \/>\n<span style=\"font-size: 14pt;\"> La meilleure pr\u00e9paration pour les tubes lorsqu&#8217;on utilise de la colle cyanoacrylate est l&#8217;eau.<\/span><\/p>\n<p><span style=\"font-size: 14pt;\">1 &#8211; Nettoyer le tube avec de l&#8217;eau et attendre qu&#8217;il s\u00e8che.<\/span><br \/>\n<span style=\"font-size: 14pt;\"> 2 &#8211; Placer la plume Q dans la pince de l&#8217;empenneuse comme n&#8217;importe quelle autre plume.<\/span><br \/>\n<span style=\"font-size: 14pt;\"> 3 &#8211; Appliquer un trait fin de colle centr\u00e9 tout le long de la semelle de la plume. <\/span><\/p>\n<p><span style=\"font-size: 14pt;\">Attention de ne pas en mettre trop car cela risque de d\u00e9border lors de la mise en pression du collage.<\/span><\/p>\n<p align=\"left\"><span style=\"font-size: 14pt;\">4 &#8211; Placer la pince dans l&#8217;empenneuse comme pr\u00e9conis\u00e9 par le fabricant. Appliquer sur le tube et maintenir pendant 3 \u00e0 4 secondes avec une l\u00e9g\u00e8re pression vers le tube.<\/span><\/p>\n<p><span style=\"font-size: 14pt;\">Les colles \u00e0 base de solvants :<\/span><br \/>\n<span style=\"font-size: 14pt;\"> Dans le cas des colles \u00e0 base de solvants comme la Fletch-Tite de Bohning ou la Sanders NPV, nettoyer d&#8217;abord la base de la plume et le tube \u00e0 l&#8217;ac\u00e9tone ( ou gratter l\u00e9g\u00e8rement le plastique ).<\/span><\/p>\n<p><span style=\"font-size: 14pt;\">R\u00e9p\u00e9ter ensuite les instructions 2 \u00e0 4 ci-dessus en laissant s\u00e9cher le temps pr\u00e9conis\u00e9 par le fabricant de la colle.<\/span><\/p>\n<p>&nbsp;<\/p>\n<p><a title=\"Accueil\" href=\"http:\/\/archers-longwy.fr\/wordpress\/\"><span style=\"text-decoration: underline;\"><strong>Retour \u00e0 l&#8217;accueil<\/strong><\/span><\/a><\/p>\n","protected":false},"excerpt":{"rendered":"<p>Comment bien choisir ses fl\u00e8ches en fonction des recommandations et tableau de choix des fabricants. Le choix d&#8217;une fl\u00e8che est fonction de votre budget, de la puissance mesur\u00e9e au peson de votre arc \u00e0 VOTRE pleine allonge qu&#8217;il faut \u00e9videmment conna\u00eetre c&#8217;est la premi\u00e8re d\u00e9marche! Elle peut \u00eatre aussi fonction du type de tir que [&hellip;]<\/p>\n","protected":false},"author":2,"featured_media":0,"parent":659,"menu_order":4,"comment_status":"closed","ping_status":"closed","template":"","meta":{"_bbp_topic_count":0,"_bbp_reply_count":0,"_bbp_total_topic_count":0,"_bbp_total_reply_count":0,"_bbp_voice_count":0,"_bbp_anonymous_reply_count":0,"_bbp_topic_count_hidden":0,"_bbp_reply_count_hidden":0,"_bbp_forum_subforum_count":0,"footnotes":""},"class_list":["post-464","page","type-page","status-publish","hentry"],"jetpack_sharing_enabled":true,"_links":{"self":[{"href":"https:\/\/archers-haucourt.fr\/wordpress\/wp-json\/wp\/v2\/pages\/464","targetHints":{"allow":["GET"]}}],"collection":[{"href":"https:\/\/archers-haucourt.fr\/wordpress\/wp-json\/wp\/v2\/pages"}],"about":[{"href":"https:\/\/archers-haucourt.fr\/wordpress\/wp-json\/wp\/v2\/types\/page"}],"author":[{"embeddable":true,"href":"https:\/\/archers-haucourt.fr\/wordpress\/wp-json\/wp\/v2\/users\/2"}],"replies":[{"embeddable":true,"href":"https:\/\/archers-haucourt.fr\/wordpress\/wp-json\/wp\/v2\/comments?post=464"}],"version-history":[{"count":21,"href":"https:\/\/archers-haucourt.fr\/wordpress\/wp-json\/wp\/v2\/pages\/464\/revisions"}],"predecessor-version":[{"id":1539,"href":"https:\/\/archers-haucourt.fr\/wordpress\/wp-json\/wp\/v2\/pages\/464\/revisions\/1539"}],"up":[{"embeddable":true,"href":"https:\/\/archers-haucourt.fr\/wordpress\/wp-json\/wp\/v2\/pages\/659"}],"wp:attachment":[{"href":"https:\/\/archers-haucourt.fr\/wordpress\/wp-json\/wp\/v2\/media?parent=464"}],"curies":[{"name":"wp","href":"https:\/\/api.w.org\/{rel}","templated":true}]}}