{"id":468,"date":"2014-10-31T13:08:34","date_gmt":"2014-10-31T12:08:34","guid":{"rendered":"http:\/\/archers-longwy.fr\/wordpress\/?page_id=468"},"modified":"2018-01-22T01:59:04","modified_gmt":"2018-01-21T23:59:04","slug":"reglages","status":"publish","type":"page","link":"https:\/\/archers-haucourt.fr\/wordpress\/technique\/reglages\/","title":{"rendered":"R\u00e9glages"},"content":{"rendered":"<h1>Tous arcs<\/h1>\n<h1><\/h1>\n<p><a href=\"http:\/\/archers-longwy.fr\/wordpress\/wp-content\/uploads\/2014\/10\/reglage_de_l_arc_traduction_easton_en_fr.pdf\" target=\"_blank\" rel=\"noopener\">reglage_de_l_arc_traduction_easton_en_fr<\/a><\/p>\n<p><em><span style=\"font-family: Arial,Helvetica,sans-serif;\"><a href=\"http:\/\/www.dailymotion.com\/video\/x2nyn2d_reglage-arc-classique_sport\" target=\"_blank\" rel=\"noopener\"><span style=\"font-size: 14pt;\">vid\u00e9o sur le r\u00e9glage de l&#8217;arc \u00a0<\/span> <\/a><\/span><\/em><span style=\"font-family: Comic Sans MS,sans-serif; font-size: 14pt;\">( depuis le montage de l&#8217;arc jusqu&#8217;aux r\u00e9glages les plus fins&#8230;, tr\u00e8s int\u00e9ressant ! )<\/span><\/p>\n<h1>Arcs classiques<\/h1>\n<p><span style=\"font-size: 14pt;\"><strong>Hauteur d&#8217;arc en fonction de votre allonge<\/strong><br \/>\n<\/span><\/p>\n<ul>\n<li><a href=\"http:\/\/archers-longwy.fr\/wordpress\/wp-content\/uploads\/2014\/10\/hauteur-darc.jpg\" rel=\"attachment wp-att-1555\"><img loading=\"lazy\" decoding=\"async\" class=\"alignnone wp-image-1555 size-full\" src=\"http:\/\/archers-longwy.fr\/wordpress\/wp-content\/uploads\/2014\/10\/hauteur-darc.jpg\" alt=\"hauteur d'arc\" width=\"663\" height=\"665\" srcset=\"https:\/\/archers-haucourt.fr\/wordpress\/wp-content\/uploads\/2014\/10\/hauteur-darc.jpg 663w, https:\/\/archers-haucourt.fr\/wordpress\/wp-content\/uploads\/2014\/10\/hauteur-darc-150x150.jpg 150w, https:\/\/archers-haucourt.fr\/wordpress\/wp-content\/uploads\/2014\/10\/hauteur-darc-300x300.jpg 300w, https:\/\/archers-haucourt.fr\/wordpress\/wp-content\/uploads\/2014\/10\/hauteur-darc-144x144.jpg 144w\" sizes=\"auto, (max-width: 663px) 100vw, 663px\" \/><\/a><\/li>\n<li><a href=\"http:\/\/archers-longwy.fr\/wordpress\/wp-content\/uploads\/2014\/10\/Le-bon-band-pour-recurve1.jpg\" rel=\"attachment wp-att-1556\"><img loading=\"lazy\" decoding=\"async\" class=\"alignnone wp-image-1556 size-full\" src=\"http:\/\/archers-longwy.fr\/wordpress\/wp-content\/uploads\/2014\/10\/Le-bon-band-pour-recurve1.jpg\" alt=\"Le bon band pour recurve\" width=\"696\" height=\"337\" \/><\/a><\/li>\n<li><a href=\"http:\/\/archers-longwy.fr\/wordpress\/wp-content\/uploads\/2014\/10\/choix-de-la-corde-pour-recurve.jpg\" rel=\"attachment wp-att-1557\"><img loading=\"lazy\" decoding=\"async\" class=\"alignnone wp-image-1557 size-full\" src=\"http:\/\/archers-longwy.fr\/wordpress\/wp-content\/uploads\/2014\/10\/choix-de-la-corde-pour-recurve.jpg\" alt=\"choix de la corde pour recurve\" width=\"698\" height=\"433\" srcset=\"https:\/\/archers-haucourt.fr\/wordpress\/wp-content\/uploads\/2014\/10\/choix-de-la-corde-pour-recurve.jpg 698w, https:\/\/archers-haucourt.fr\/wordpress\/wp-content\/uploads\/2014\/10\/choix-de-la-corde-pour-recurve-300x186.jpg 300w\" sizes=\"auto, (max-width: 698px) 100vw, 698px\" \/><\/a><\/li>\n<li><span style=\"font-size: 14pt;\"><a href=\"http:\/\/archers-longwy.fr\/wordpress\/wp-content\/uploads\/2014\/10\/Recurve_ReglageFinDuBergerEtSouplesseFleches.odt\" target=\"_blank\" rel=\"noopener\">Recurve_ReglageFinDuBergerEtSouplesseFleches<\/a><\/span><\/li>\n<li><span style=\"font-size: 14pt;\"><a href=\"http:\/\/archers-longwy.fr\/wordpress\/wp-content\/uploads\/2014\/10\/Recurve_reglages.pdf\" target=\"_blank\" rel=\"noopener\">Recurve_reglages<\/a><\/span><\/li>\n<li><span style=\"font-size: 14pt;\"><a href=\"http:\/\/archers-longwy.fr\/wordpress\/wp-content\/uploads\/2014\/10\/Recurve_ManuelHoytEnFrancais.doc\">Recurve_ManuelHoytEnFrancais<\/a><\/span><\/li>\n<li><\/li>\n<li><span style=\"font-size: 14pt;\"><a title=\"R\u00e8glages de base\" href=\"http:\/\/archers-longwy.fr\/wordpress\/wp-content\/uploads\/2014\/10\/lesreglages.pdf\" target=\"_blank\" rel=\"noopener\">R\u00e9glages de base<\/a><\/span><\/li>\n<\/ul>\n<p>La stabilisation de l&#8217;arc ( clic sur l&#8217;image pour agrandir )<\/p>\n<p style=\"text-align: left;\"><a href=\"http:\/\/archers-longwy.fr\/wordpress\/wp-content\/uploads\/2014\/10\/reglage-stabilisation.jpg\" target=\"_blank\" rel=\"attachment noopener wp-att-330\"><img loading=\"lazy\" decoding=\"async\" class=\"alignleft wp-image-330 \" src=\"http:\/\/archers-longwy.fr\/wordpress\/wp-content\/uploads\/2014\/10\/reglage-stabilisation-213x300.jpg\" alt=\"reglage stabilisation\" width=\"291\" height=\"410\" srcset=\"https:\/\/archers-haucourt.fr\/wordpress\/wp-content\/uploads\/2014\/10\/reglage-stabilisation-213x300.jpg 213w, https:\/\/archers-haucourt.fr\/wordpress\/wp-content\/uploads\/2014\/10\/reglage-stabilisation-729x1024.jpg 729w, https:\/\/archers-haucourt.fr\/wordpress\/wp-content\/uploads\/2014\/10\/reglage-stabilisation.jpg 1052w\" sizes=\"auto, (max-width: 291px) 100vw, 291px\" \/><\/a>\u00a0\u00a0\u00a0\u00a0\u00a0\u00a0\u00a0\u00a0\u00a0\u00a0\u00a0\u00a0\u00a0\u00a0\u00a0\u00a0 Le tiller dynamique<\/p>\n<p><a href=\"http:\/\/archers-longwy.fr\/wordpress\/wp-content\/uploads\/2014\/10\/reglage-fin-tiller.jpg\" target=\"_blank\" rel=\"attachment noopener wp-att-329\"><img loading=\"lazy\" decoding=\"async\" class=\"alignnone wp-image-329\" src=\"http:\/\/archers-longwy.fr\/wordpress\/wp-content\/uploads\/2014\/10\/reglage-fin-tiller-218x300.jpg\" alt=\"reglage fin tiller\" width=\"277\" height=\"381\" srcset=\"https:\/\/archers-haucourt.fr\/wordpress\/wp-content\/uploads\/2014\/10\/reglage-fin-tiller-218x300.jpg 218w, https:\/\/archers-haucourt.fr\/wordpress\/wp-content\/uploads\/2014\/10\/reglage-fin-tiller-745x1024.jpg 745w, https:\/\/archers-haucourt.fr\/wordpress\/wp-content\/uploads\/2014\/10\/reglage-fin-tiller.jpg 1031w\" sizes=\"auto, (max-width: 277px) 100vw, 277px\" \/><\/a><\/p>\n<h1>Arcs \u00e0 poulies<\/h1>\n<p>Documents :<\/p>\n<ul>\n<li><a href=\"http:\/\/archers-longwy.fr\/wordpress\/wp-content\/uploads\/2014\/10\/ArcPoulies_reglageDoc.doc\" target=\"_blank\" rel=\"noopener\">ArcPoulies_reglageDoc<\/a><\/li>\n<li><a href=\"http:\/\/archers-longwy.fr\/wordpress\/wp-content\/uploads\/2014\/10\/ArcPoulies_SystemReglageCompoundHoyt.pdf\" target=\"_blank\" rel=\"noopener\">ArcPoulies_SystemReglageCompoundHoyt<\/a><\/li>\n<li><a href=\"http:\/\/archers-longwy.fr\/wordpress\/wp-content\/uploads\/2014\/10\/ArcPoulies_synchroDesPoulies.doc\" target=\"_blank\" rel=\"noopener\">ArcPoulies_synchroDesPoulies<\/a><\/li>\n<li><a href=\"http:\/\/archers-longwy.fr\/wordpress\/wp-content\/uploads\/2014\/10\/ArcPoulies_ReflexDeflex.doc\" target=\"_blank\" rel=\"noopener\">ArcPoulies_ReflexDeflex<\/a><\/li>\n<li><a href=\"http:\/\/archers-longwy.fr\/wordpress\/wp-content\/uploads\/2014\/10\/ArcPoulies_reglage.pdf\" target=\"_blank\" rel=\"noopener\">ArcPoulies_reglage<\/a><\/li>\n<li><a href=\"http:\/\/archers-longwy.fr\/wordpress\/wp-content\/uploads\/2014\/10\/ArcPoulies_CamesOuPoulies.doc\" target=\"_blank\" rel=\"noopener\">ArcPoulies_CamesOuPoulies<\/a><\/li>\n<li><a href=\"http:\/\/archers-longwy.fr\/wordpress\/wp-content\/uploads\/2018\/01\/un-bon-D-Loop.jpg\" rel=\"attachment wp-att-3244\"><img loading=\"lazy\" decoding=\"async\" class=\"alignnone size-medium wp-image-3244\" src=\"http:\/\/archers-longwy.fr\/wordpress\/wp-content\/uploads\/2018\/01\/un-bon-D-Loop-300x212.jpg\" alt=\"\" width=\"300\" height=\"212\" srcset=\"https:\/\/archers-haucourt.fr\/wordpress\/wp-content\/uploads\/2018\/01\/un-bon-D-Loop-300x212.jpg 300w, https:\/\/archers-haucourt.fr\/wordpress\/wp-content\/uploads\/2018\/01\/un-bon-D-Loop-768x543.jpg 768w, https:\/\/archers-haucourt.fr\/wordpress\/wp-content\/uploads\/2018\/01\/un-bon-D-Loop-1024x724.jpg 1024w\" sizes=\"auto, (max-width: 300px) 100vw, 300px\" \/><\/a><\/li>\n<li><a href=\"http:\/\/archers-longwy.fr\/wordpress\/wp-content\/uploads\/2014\/10\/8_arcapoulies.pdf\" target=\"_blank\" rel=\"noopener\">8_arcapoulies<\/a> document FFTA d\u00e9taill\u00e9 sur le r\u00e9glage de l&#8217;arc \u00e0 poulies<\/li>\n<li><a href=\"http:\/\/archers-longwy.fr\/wordpress\/wp-content\/uploads\/2014\/10\/reglage-arc-poulies-1.pdf\" target=\"_blank\" rel=\"noopener\">reglage arc poulies 1<\/a> par Renaud Braudillart<\/li>\n<\/ul>\n<p><a title=\"Accueil\" href=\"http:\/\/archers-longwy.fr\/wordpress\/\"><span style=\"text-decoration: underline;\"><strong>Retour \u00e0 l&#8217;accueil<\/strong><\/span><\/a><\/p>\n","protected":false},"excerpt":{"rendered":"<p>Tous arcs reglage_de_l_arc_traduction_easton_en_fr vid\u00e9o sur le r\u00e9glage de l&#8217;arc \u00a0 ( depuis le montage de l&#8217;arc jusqu&#8217;aux r\u00e9glages les plus fins&#8230;, tr\u00e8s int\u00e9ressant ! ) Arcs classiques Hauteur d&#8217;arc en fonction de votre allonge Recurve_ReglageFinDuBergerEtSouplesseFleches Recurve_reglages Recurve_ManuelHoytEnFrancais R\u00e9glages de base La stabilisation de l&#8217;arc ( clic sur l&#8217;image pour agrandir ) \u00a0\u00a0\u00a0\u00a0\u00a0\u00a0\u00a0\u00a0\u00a0\u00a0\u00a0\u00a0\u00a0\u00a0\u00a0\u00a0 Le tiller dynamique [&hellip;]<\/p>\n","protected":false},"author":2,"featured_media":0,"parent":659,"menu_order":3,"comment_status":"closed","ping_status":"closed","template":"","meta":{"_bbp_topic_count":0,"_bbp_reply_count":0,"_bbp_total_topic_count":0,"_bbp_total_reply_count":0,"_bbp_voice_count":0,"_bbp_anonymous_reply_count":0,"_bbp_topic_count_hidden":0,"_bbp_reply_count_hidden":0,"_bbp_forum_subforum_count":0,"footnotes":""},"class_list":["post-468","page","type-page","status-publish","hentry"],"jetpack_sharing_enabled":true,"_links":{"self":[{"href":"https:\/\/archers-haucourt.fr\/wordpress\/wp-json\/wp\/v2\/pages\/468","targetHints":{"allow":["GET"]}}],"collection":[{"href":"https:\/\/archers-haucourt.fr\/wordpress\/wp-json\/wp\/v2\/pages"}],"about":[{"href":"https:\/\/archers-haucourt.fr\/wordpress\/wp-json\/wp\/v2\/types\/page"}],"author":[{"embeddable":true,"href":"https:\/\/archers-haucourt.fr\/wordpress\/wp-json\/wp\/v2\/users\/2"}],"replies":[{"embeddable":true,"href":"https:\/\/archers-haucourt.fr\/wordpress\/wp-json\/wp\/v2\/comments?post=468"}],"version-history":[{"count":22,"href":"https:\/\/archers-haucourt.fr\/wordpress\/wp-json\/wp\/v2\/pages\/468\/revisions"}],"predecessor-version":[{"id":3245,"href":"https:\/\/archers-haucourt.fr\/wordpress\/wp-json\/wp\/v2\/pages\/468\/revisions\/3245"}],"up":[{"embeddable":true,"href":"https:\/\/archers-haucourt.fr\/wordpress\/wp-json\/wp\/v2\/pages\/659"}],"wp:attachment":[{"href":"https:\/\/archers-haucourt.fr\/wordpress\/wp-json\/wp\/v2\/media?parent=468"}],"curies":[{"name":"wp","href":"https:\/\/api.w.org\/{rel}","templated":true}]}}