{"id":473,"date":"2014-10-31T13:27:46","date_gmt":"2014-10-31T12:27:46","guid":{"rendered":"http:\/\/archers-longwy.fr\/wordpress\/?page_id=473"},"modified":"2015-11-24T10:06:47","modified_gmt":"2015-11-24T08:06:47","slug":"corde","status":"publish","type":"page","link":"https:\/\/archers-haucourt.fr\/wordpress\/technique\/corde\/","title":{"rendered":"Cordes, fausse corde"},"content":{"rendered":"<p><strong>LA CORDE<\/strong><\/p>\n<p><strong>Les donn\u00e9es ci dessous sont \u00e0 titre indicatif, consultez le manuel de votre arc ou la documentation en ligne du fabricant.<br \/>\n<\/strong><\/p>\n<div data-canvas-width=\"306.30137999999994\"><span style=\"text-decoration: underline;\"><strong>\u00a0<\/strong><\/span><\/div>\n<div data-canvas-width=\"306.30137999999994\"><strong>D\u00e9terminez la longueur de corde d&#8217;arc :<br \/>\n<\/strong><\/div>\n<div data-canvas-width=\"378.47209999999995\">Si vous avez d\u00e9j\u00e0 une corde pour votre arc, d\u00e9-vrillez la corde et mesurez sa longueur. Sinon d\u00e9terminez la longueur de votre arc comme suit.<\/div>\n<div data-canvas-width=\"122.98548000000001\">Pour un arc classique, votre longueur de corde devrait \u00eatre environ 3,5&#8243; plus court que votre longueur d&#8217;arc.<\/div>\n<div data-canvas-width=\"122.98548000000001\">Par cons\u00e9quent, <strong>si vous employez un arc de 68&#8243;, votre longueur de corde devrait \u00eatre environ 64,5&#8243; (163cm).<\/strong><\/div>\n<div data-canvas-width=\"122.98548000000001\"><\/div>\n<div data-canvas-width=\"253.05844000000002\">Pour un arc compound, les cordons et c\u00e2bles seront mesur\u00e9s \u00e0 partir de ceux existants que vous souhaitez remplacer ou v\u00e9rifiez les caract\u00e9ristiques de fabricants. Ceux-ci sont habituellement indiqu\u00e9s sur la face de la branche inf\u00e9rieure. En g\u00e9n\u00e9ral, il est recommand\u00e9 d&#8217;ajouter 1\/4 de pouce \u00e0 la longueur d\u00e9termin\u00e9e de corde ou de c\u00e2ble afin de tenir compte du vrillage.<\/div>\n<div data-canvas-width=\"77.64665000000001\"><span style=\"text-decoration: underline;\">\u00a0<\/span><\/div>\n<div data-canvas-width=\"273.1285\"><strong>D\u00e9terminez le nombre de brins de la corde :<\/strong><\/div>\n<div data-canvas-width=\"273.1285\">Une corde d&#8217;arc se compose de plusieurs brins de fil de corde d&#8217;arc. Le nombre de brins \u00e0 employer d\u00e9pendra des mat\u00e9riaux constituant votre arc ainsi que son poids r\u00e9el. Pour trouver le nombre recommand\u00e9 de brins, vous pouvez employer la formule g\u00e9n\u00e9rale suivante :<\/div>\n<div data-canvas-width=\"105.97318999999997\">(40lbs x 4)\/10lbs = 16 brins<\/div>\n<div data-canvas-width=\"357.16790999999995\">Par cons\u00e9quent, si votre poids maximal d&#8217;arc est de 40lbs et la contrainte de rupture de votre corde est de 10lbs (c\u2019est-\u00e0-dire que votre corde casse si vous mettez une force de 10lbs au-dessus).<\/div>\n<p><strong>Combien de brins pour constituer la corde suivant la puissance mesur\u00e9e au peson \u00e0 votre allonge<\/strong> :<\/p>\n<p><a href=\"http:\/\/archers-longwy.fr\/wordpress\/wp-content\/uploads\/2014\/10\/choix-de-la-corde-pour-recurve.jpg\" rel=\"attachment wp-att-1557\"><img loading=\"lazy\" decoding=\"async\" class=\"alignnone wp-image-1557 size-full\" src=\"http:\/\/archers-longwy.fr\/wordpress\/wp-content\/uploads\/2014\/10\/choix-de-la-corde-pour-recurve.jpg\" alt=\"choix de la corde pour recurve\" width=\"698\" height=\"433\" srcset=\"https:\/\/archers-haucourt.fr\/wordpress\/wp-content\/uploads\/2014\/10\/choix-de-la-corde-pour-recurve.jpg 698w, https:\/\/archers-haucourt.fr\/wordpress\/wp-content\/uploads\/2014\/10\/choix-de-la-corde-pour-recurve-300x186.jpg 300w\" sizes=\"auto, (max-width: 698px) 100vw, 698px\" \/><\/a><\/p>\n<p><a href=\"http:\/\/archers-longwy.fr\/wordpress\/wp-content\/uploads\/2014\/10\/Le-bon-band-pour-recurve1.jpg\" rel=\"attachment wp-att-1556\"><img loading=\"lazy\" decoding=\"async\" class=\" alignnone wp-image-1556\" src=\"http:\/\/archers-longwy.fr\/wordpress\/wp-content\/uploads\/2014\/10\/Le-bon-band-pour-recurve1.jpg\" alt=\"Le bon band pour recurve\" width=\"701\" height=\"339\" \/><\/a><\/p>\n<p>Comment fabriquer sa corde soi m\u00eame :<\/p>\n<p>pdf : <a href=\"http:\/\/archers-longwy.fr\/wordpress\/wp-content\/uploads\/2014\/10\/fabrication-dune-corde-sur-metier.pdf\">fabrication dune corde sur metier<\/a><\/p>\n<hr \/>\n<p>&nbsp;<\/p>\n<p><span style=\"text-decoration: underline;\"><strong><span style=\"font-size: 14pt;\">Fabriquer sa fausse corde<\/span> <\/strong><\/span><\/p>\n<p><span style=\"font-family: Comic Sans MS,sans-serif; font-size: 12pt;\">Cette fausse corde \u00e0 2 goussets a l&#8217;avantage de ne pas glisser car elle s&#8217;emboite aux 2 extr\u00e9mit\u00e9s des branches et convient \u00e0 tout type d&#8217;arc recurve ou long bow . <\/span><\/p>\n<p><span style=\"font-family: Comic Sans MS,sans-serif; font-size: 12pt;\">Faire les trous pour passer la cordelette \u00e0 l&#8217;aide de l&#8217;emporte pi\u00e8ce ou chasse goupille.<\/span><\/p>\n<p><span style=\"font-family: Comic Sans MS,sans-serif; font-size: 12pt;\">Une fois fabriqu\u00e9e il faudra aussi r\u00e9gler la longueur de la cordelette et faire les n\u0153uds qui vont bien.<\/span><\/p>\n<p><span style=\"font-family: Comic Sans MS,sans-serif; font-size: 12pt;\">Voir la photo&#8230;<\/span><\/p>\n<p><a href=\"http:\/\/archers-longwy.fr\/wordpress\/wp-content\/uploads\/2015\/03\/comment-fabriquer-une-fausse-corde.pdf\" target=\"_blank\">comment fabriquer une fausse corde<\/a><\/p>\n<p>&nbsp;<\/p>\n","protected":false},"excerpt":{"rendered":"<p>LA CORDE Les donn\u00e9es ci dessous sont \u00e0 titre indicatif, consultez le manuel de votre arc ou la documentation en ligne du fabricant. \u00a0 D\u00e9terminez la longueur de corde d&#8217;arc : Si vous avez d\u00e9j\u00e0 une corde pour votre arc, d\u00e9-vrillez la corde et mesurez sa longueur. Sinon d\u00e9terminez la longueur de votre arc comme [&hellip;]<\/p>\n","protected":false},"author":2,"featured_media":0,"parent":659,"menu_order":4,"comment_status":"closed","ping_status":"closed","template":"","meta":{"_bbp_topic_count":0,"_bbp_reply_count":0,"_bbp_total_topic_count":0,"_bbp_total_reply_count":0,"_bbp_voice_count":0,"_bbp_anonymous_reply_count":0,"_bbp_topic_count_hidden":0,"_bbp_reply_count_hidden":0,"_bbp_forum_subforum_count":0,"footnotes":""},"class_list":["post-473","page","type-page","status-publish","hentry"],"jetpack_sharing_enabled":true,"_links":{"self":[{"href":"https:\/\/archers-haucourt.fr\/wordpress\/wp-json\/wp\/v2\/pages\/473","targetHints":{"allow":["GET"]}}],"collection":[{"href":"https:\/\/archers-haucourt.fr\/wordpress\/wp-json\/wp\/v2\/pages"}],"about":[{"href":"https:\/\/archers-haucourt.fr\/wordpress\/wp-json\/wp\/v2\/types\/page"}],"author":[{"embeddable":true,"href":"https:\/\/archers-haucourt.fr\/wordpress\/wp-json\/wp\/v2\/users\/2"}],"replies":[{"embeddable":true,"href":"https:\/\/archers-haucourt.fr\/wordpress\/wp-json\/wp\/v2\/comments?post=473"}],"version-history":[{"count":11,"href":"https:\/\/archers-haucourt.fr\/wordpress\/wp-json\/wp\/v2\/pages\/473\/revisions"}],"predecessor-version":[{"id":1822,"href":"https:\/\/archers-haucourt.fr\/wordpress\/wp-json\/wp\/v2\/pages\/473\/revisions\/1822"}],"up":[{"embeddable":true,"href":"https:\/\/archers-haucourt.fr\/wordpress\/wp-json\/wp\/v2\/pages\/659"}],"wp:attachment":[{"href":"https:\/\/archers-haucourt.fr\/wordpress\/wp-json\/wp\/v2\/media?parent=473"}],"curies":[{"name":"wp","href":"https:\/\/api.w.org\/{rel}","templated":true}]}}