{"id":528,"date":"2014-11-01T11:19:12","date_gmt":"2014-11-01T10:19:12","guid":{"rendered":"http:\/\/archers-longwy.fr\/wordpress\/?page_id=528"},"modified":"2018-09-01T16:12:49","modified_gmt":"2018-09-01T14:12:49","slug":"ligue-de-lorraine","status":"publish","type":"page","link":"https:\/\/archers-haucourt.fr\/wordpress\/concours\/autres-concours\/ligue-de-lorraine\/","title":{"rendered":"Ligue de Lorraine"},"content":{"rendered":"<ul>\n<li>Le programme 2018-2019 des concours en <strong>salle <\/strong>de la ligue de Lorraine \u00e0 jour au ?? : \u00e0 venir<\/li>\n<li>Le programme 2018-2019 des concours <strong>ext\u00e9rieurs <\/strong>de la ligue de Lorraine \u00e0 jour?? :<span style=\"font-family: times new roman,times; font-size: large;\"><br \/>\n<\/span><\/li>\n<\/ul>\n","protected":false},"excerpt":{"rendered":"<p>Le programme 2018-2019 des concours en salle de la ligue de Lorraine \u00e0 jour au ?? : \u00e0 venir Le programme 2018-2019 des concours ext\u00e9rieurs de la ligue de Lorraine \u00e0 jour?? :<\/p>\n","protected":false},"author":2,"featured_media":0,"parent":267,"menu_order":1,"comment_status":"closed","ping_status":"closed","template":"","meta":{"_bbp_topic_count":0,"_bbp_reply_count":0,"_bbp_total_topic_count":0,"_bbp_total_reply_count":0,"_bbp_voice_count":0,"_bbp_anonymous_reply_count":0,"_bbp_topic_count_hidden":0,"_bbp_reply_count_hidden":0,"_bbp_forum_subforum_count":0,"footnotes":""},"class_list":["post-528","page","type-page","status-publish","hentry"],"jetpack_sharing_enabled":true,"_links":{"self":[{"href":"https:\/\/archers-haucourt.fr\/wordpress\/wp-json\/wp\/v2\/pages\/528","targetHints":{"allow":["GET"]}}],"collection":[{"href":"https:\/\/archers-haucourt.fr\/wordpress\/wp-json\/wp\/v2\/pages"}],"about":[{"href":"https:\/\/archers-haucourt.fr\/wordpress\/wp-json\/wp\/v2\/types\/page"}],"author":[{"embeddable":true,"href":"https:\/\/archers-haucourt.fr\/wordpress\/wp-json\/wp\/v2\/users\/2"}],"replies":[{"embeddable":true,"href":"https:\/\/archers-haucourt.fr\/wordpress\/wp-json\/wp\/v2\/comments?post=528"}],"version-history":[{"count":6,"href":"https:\/\/archers-haucourt.fr\/wordpress\/wp-json\/wp\/v2\/pages\/528\/revisions"}],"predecessor-version":[{"id":3436,"href":"https:\/\/archers-haucourt.fr\/wordpress\/wp-json\/wp\/v2\/pages\/528\/revisions\/3436"}],"up":[{"embeddable":true,"href":"https:\/\/archers-haucourt.fr\/wordpress\/wp-json\/wp\/v2\/pages\/267"}],"wp:attachment":[{"href":"https:\/\/archers-haucourt.fr\/wordpress\/wp-json\/wp\/v2\/media?parent=528"}],"curies":[{"name":"wp","href":"https:\/\/api.w.org\/{rel}","templated":true}]}}