{"id":531,"date":"2014-11-01T11:20:41","date_gmt":"2014-11-01T10:20:41","guid":{"rendered":"http:\/\/archers-longwy.fr\/wordpress\/?page_id=531"},"modified":"2024-05-31T11:08:22","modified_gmt":"2024-05-31T09:08:22","slug":"pour-un-essai-gratuit","status":"publish","type":"page","link":"https:\/\/archers-haucourt.fr\/wordpress\/lecole-de-tir\/pour-un-essai-gratuit\/","title":{"rendered":"Pour un essai gratuit"},"content":{"rendered":"<p align=\"left\"><span style=\"font-size: 14pt;\">\u00c0 partir de 10\/12 ans ( ou 1.40 m) jusqu&#8217;\u00e0 77 ans et plus.<\/span><\/p>\n<p align=\"left\"><span style=\"font-size: 14pt;\">Le premier essai est gratuit, venir salle de sports rue de la Garonne aux horaires des apr\u00e8s midi du mercredi\u00a0 ( 1\/4H avant le d\u00e9but de la s\u00e9ance pour choisir le mat\u00e9riel ) 15H45 avec Jos\u00e9 ou 17H45 avec Fran\u00e7ois<br \/>\n<\/span><\/p>\n<p align=\"left\"><span style=\"font-size: 14pt;\">En chaussures de sport et des v\u00eatements ajust\u00e9s pr\u00e8s du corps ( jean tee-shirt baskets c&#8217;est OK, pas de v\u00eatement flottant ), le reste ( arc, fl\u00e8ches ) est pr\u00eat\u00e9 par le club.<\/span><\/p>\n<p align=\"left\"><span style=\"font-size: 14pt;\">L&#8217;acc\u00e8s au club et au pas de tir (m\u00eame gratuitement pour un essai) implique l&#8217;acceptation <a title=\"R\u00e8glement de l\u2019\u00e9cole de tir\" href=\"http:\/\/archers-longwy.fr\/wordpress\/lecole-de-tir\/reglement-de-lecole-de-tir\/\"><span style=\"text-decoration: underline;\"><strong>du r\u00e8glement du club<\/strong><\/span><\/a>.<\/span><\/p>\n<p align=\"left\">et l&#8217;autorisation parentale (les cas \u00e9ch\u00e9ant ) : <a href=\"http:\/\/archers-longwy.fr\/wordpress\/wp-content\/uploads\/2021\/05\/Archer-club-Longwy-autorisation-parentale.pdf\" target=\"_blank\" rel=\"noopener\">autorisations parentales<\/a><\/p>\n<p align=\"left\"><a title=\"Accueil\" href=\"http:\/\/archers-longwy.fr\/wordpress\/\"><span style=\"text-decoration: underline;\"><strong>retour vers l&#8217;accueil<\/strong><\/span><\/a><\/p>\n","protected":false},"excerpt":{"rendered":"<p>\u00c0 partir de 10\/12 ans ( ou 1.40 m) jusqu&#8217;\u00e0 77 ans et plus. Le premier essai est gratuit, venir salle de sports rue de la Garonne aux horaires des apr\u00e8s midi du mercredi\u00a0 ( 1\/4H avant le d\u00e9but de la s\u00e9ance pour choisir le mat\u00e9riel ) 15H45 avec Jos\u00e9 ou 17H45 avec Fran\u00e7ois En [&hellip;]<\/p>\n","protected":false},"author":2,"featured_media":0,"parent":194,"menu_order":0,"comment_status":"closed","ping_status":"closed","template":"","meta":{"_bbp_topic_count":0,"_bbp_reply_count":0,"_bbp_total_topic_count":0,"_bbp_total_reply_count":0,"_bbp_voice_count":0,"_bbp_anonymous_reply_count":0,"_bbp_topic_count_hidden":0,"_bbp_reply_count_hidden":0,"_bbp_forum_subforum_count":0,"footnotes":""},"class_list":["post-531","page","type-page","status-publish","hentry"],"jetpack_sharing_enabled":true,"_links":{"self":[{"href":"https:\/\/archers-haucourt.fr\/wordpress\/wp-json\/wp\/v2\/pages\/531","targetHints":{"allow":["GET"]}}],"collection":[{"href":"https:\/\/archers-haucourt.fr\/wordpress\/wp-json\/wp\/v2\/pages"}],"about":[{"href":"https:\/\/archers-haucourt.fr\/wordpress\/wp-json\/wp\/v2\/types\/page"}],"author":[{"embeddable":true,"href":"https:\/\/archers-haucourt.fr\/wordpress\/wp-json\/wp\/v2\/users\/2"}],"replies":[{"embeddable":true,"href":"https:\/\/archers-haucourt.fr\/wordpress\/wp-json\/wp\/v2\/comments?post=531"}],"version-history":[{"count":16,"href":"https:\/\/archers-haucourt.fr\/wordpress\/wp-json\/wp\/v2\/pages\/531\/revisions"}],"predecessor-version":[{"id":5602,"href":"https:\/\/archers-haucourt.fr\/wordpress\/wp-json\/wp\/v2\/pages\/531\/revisions\/5602"}],"up":[{"embeddable":true,"href":"https:\/\/archers-haucourt.fr\/wordpress\/wp-json\/wp\/v2\/pages\/194"}],"wp:attachment":[{"href":"https:\/\/archers-haucourt.fr\/wordpress\/wp-json\/wp\/v2\/media?parent=531"}],"curies":[{"name":"wp","href":"https:\/\/api.w.org\/{rel}","templated":true}]}}