{"id":548,"date":"2014-11-01T14:45:35","date_gmt":"2014-11-01T13:45:35","guid":{"rendered":"http:\/\/archers-longwy.fr\/wordpress\/?page_id=548"},"modified":"2019-04-12T08:04:10","modified_gmt":"2019-04-12T06:04:10","slug":"references","status":"publish","type":"page","link":"https:\/\/archers-haucourt.fr\/wordpress\/a-propos\/references\/","title":{"rendered":"r\u00e9f\u00e9rences"},"content":{"rendered":"<p>Ce site utilise wordpress 4.0<\/p>\n<p>Il utilise le\u00a0 th\u00e8me 4D con\u00e7u par <a href=\"http:\/\/createwebsites.pl\" target=\"_blank\" rel=\"noopener noreferrer\">createwebsites.pl<\/a><\/p>\n<table>\n<tbody>\n<tr>\n<td>1<\/td>\n<td><strong>MailPress<\/strong><\/td>\n<td>\n<p style=\"margin-bottom: 0.5cm;\">The WordPress mailing platform.<br \/>\n(do not use automatic upgrade!)<\/p>\n<p><a name=\"media-library-assistant\"><\/a>Version 5.4.1 | Par<br \/>\n<a href=\"http:\/\/www.mailpress.org\/\">Andre Renaut<\/a> | <a href=\"http:\/\/archers-longwy.fr\/wordpress\/wp-admin\/plugin-install.php?tab=plugin-information&amp;plugin=mailpress&amp;TB_iframe=true&amp;width=600&amp;height=550\">Afficher<br \/>\nles d\u00e9tails<\/a><\/td>\n<\/tr>\n<tr>\n<td>2<\/td>\n<td><strong>TablePress<\/strong><\/td>\n<td>\n<p style=\"margin-bottom: 0.5cm;\">TablePress vous permet de cr\u00e9er<br \/>\net g\u00e9rer des tableaux dans vos articles et pages, sans avoir \u00e0<br \/>\n\u00e9crire du code HTML, et il ajoute des fonctions utiles pour vos<br \/>\nvisiteurs.<\/p>\n<p><a name=\"tinymce-emoticons\"><\/a>Version 1.4 | Par <a href=\"http:\/\/tobias.baethge.com\/\">Tobias<br \/>\nB\u00e4thge<\/a> | <a href=\"http:\/\/archers-longwy.fr\/wordpress\/wp-admin\/plugin-install.php?tab=plugin-information&amp;plugin=tablepress&amp;TB_iframe=true&amp;width=600&amp;height=550\">Afficher<br \/>\nles d\u00e9tails<\/a> | <a href=\"http:\/\/tablepress.org\/faq\/\">FAQ<\/a> |<br \/>\n<a href=\"http:\/\/tablepress.org\/documentation\/\">Documentation<\/a><\/td>\n<\/tr>\n<tr>\n<td>3<\/td>\n<td><strong>WP Edit<\/strong><\/td>\n<td>\n<p style=\"margin-bottom: 0.5cm;\">Ultimate WordPress Content<br \/>\nEditing.<\/p>\n<p>Version 2.4 | Par <a href=\"https:\/\/wpeditpro.com\/\">Josh Lobe<\/a><br \/>\n| <a href=\"http:\/\/archers-longwy.fr\/wordpress\/wp-admin\/plugin-install.php?tab=plugin-information&amp;plugin=wp-edit&amp;TB_iframe=true&amp;width=600&amp;height=550\">Afficher<br \/>\nles d\u00e9tails<\/a><\/td>\n<\/tr>\n<tr>\n<td>4<\/td>\n<td><strong>Font Awesome Icons<\/strong><\/td>\n<td>\n<p style=\"margin-bottom: 0.5cm;\">Use the Font Awesome icon set<br \/>\nwithin WordPress. Icons can be inserted using either HTML or a<br \/>\nshortcode.<\/p>\n<p><a name=\"hello-dolly\"><\/a>Version 3.2.1 | Par <a href=\"http:\/\/rachelbaker.me\/font-awesome-icons-wordpress-plugins\/\">Rachel<br \/>\nBaker<\/a> | <a href=\"http:\/\/archers-longwy.fr\/wordpress\/wp-admin\/plugin-install.php?tab=plugin-information&amp;plugin=font-awesome&amp;TB_iframe=true&amp;width=600&amp;height=550\">Afficher<br \/>\nles d\u00e9tails<\/a><\/td>\n<\/tr>\n<tr>\n<td>5<\/td>\n<td><strong>Use Any Font<\/strong><\/td>\n<td>\n<p style=\"margin-bottom: 0.5cm;\">Embed any font in your website<\/p>\n<p><a name=\"wp-edit\"><\/a>Version 4.2.1 | Par <a href=\"http:\/\/www.dineshkarki.com.np\/\">Dinesh<br \/>\nKarki<\/a> | <a href=\"http:\/\/archers-longwy.fr\/wordpress\/wp-admin\/plugin-install.php?tab=plugin-information&amp;plugin=use-any-font&amp;TB_iframe=true&amp;width=600&amp;height=550\">Afficher<br \/>\nles d\u00e9tails<\/a><\/td>\n<\/tr>\n<tr>\n<td>6<\/td>\n<td><strong>TinyMCE Emoticons<\/strong><\/td>\n<td>\n<p style=\"margin-bottom: 0.5cm;\">Easy way to add emoticons in<br \/>\nposts and pages<\/p>\n<p><a name=\"use-any-font\"><\/a>Version 1.2 | Par <a href=\"http:\/\/nazmurrahman.com\/\">Nazmur<br \/>\nRahman<\/a> | <a href=\"http:\/\/archers-longwy.fr\/wordpress\/wp-admin\/plugin-install.php?tab=plugin-information&amp;plugin=tinymce-emoticons&amp;TB_iframe=true&amp;width=600&amp;height=550\">Afficher<br \/>\nles d\u00e9tails<\/a><\/td>\n<\/tr>\n<tr>\n<td>7<\/td>\n<td><strong>Media Library Assistant<\/strong><\/td>\n<td>\n<p style=\"margin-bottom: 0.5cm;\">Enhances the Media Library;<br \/>\npowerful , taxonomy support, IPTC\/EXIF processing,<br \/>\nbulk &amp; quick edit actions and where-used reporting.<\/p>\n<p><a name=\"optimize-database-after-deleting-revisions\"><\/a>Version<br \/>\n1.94 | Par <a href=\"http:\/\/fairtradejudaica.org\/our-story\/staff\/\">David<br \/>\nLingren, Fair Trade Judaica<\/a> | <a href=\"http:\/\/archers-longwy.fr\/wordpress\/wp-admin\/plugin-install.php?tab=plugin-information&amp;plugin=media-library-assistant&amp;TB_iframe=true&amp;width=600&amp;height=550\">Afficher<br \/>\nles d\u00e9tails<\/a><\/td>\n<\/tr>\n<tr>\n<td>8<\/td>\n<td><strong>Import External Images<\/strong><\/td>\n<td>\n<p style=\"margin-bottom: 0.5cm;\">Examines the text of a post and<br \/>\nmakes local copies of all the images linked though IMG tags,<br \/>\nadding them as gallery attachments on the post itself.<\/p>\n<p><a name=\"mailpress\"><\/a>Version 1.4 | Par <a href=\"http:\/\/martythornley.com\/\">Marty<br \/>\nThornley<\/a> | <a href=\"http:\/\/archers-longwy.fr\/wordpress\/wp-admin\/plugin-install.php?tab=plugin-information&amp;plugin=import-external-images&amp;TB_iframe=true&amp;width=600&amp;height=550\">Afficher<br \/>\nles d\u00e9tails<\/a><\/td>\n<\/tr>\n<tr>\n<td>9<\/td>\n<td><strong>Cimy User Manager<\/strong><\/td>\n<td>\n<p style=\"margin-bottom: 0.5cm;\">Import and export users from\/to<br \/>\nCSV files, supports all WordPress profile data also Cimy User<br \/>\nExtra Fields plug-in<\/p>\n<p><a name=\"custom-meta-widget\"><\/a>Version 1.4.6 | Par <a href=\"mailto:cimmino.marco@gmail.com\">Marco<br \/>\nCimmino<\/a> | <a href=\"http:\/\/archers-longwy.fr\/wordpress\/wp-admin\/plugin-install.php?tab=plugin-information&amp;plugin=cimy-user-manager&amp;TB_iframe=true&amp;width=600&amp;height=550\">Afficher<br \/>\nles d\u00e9tails<\/a><\/td>\n<\/tr>\n<tr>\n<td>10<\/td>\n<td><strong>Custom Meta Widget<\/strong><\/td>\n<td>\n<p style=\"margin-bottom: 0.5cm;\">Clone of the standard Meta widget<br \/>\nwith options to hide thlogin, admin, entry and comment feed,<br \/>\nWordPress.org and \/custom links.<\/p>\n<p><a name=\"font-awesome-icons\"><\/a>Version 1.4.6 | Par <a href=\"http:\/\/shinraholdings.com\/\">bitacre<\/a><br \/>\n| <a href=\"http:\/\/archers-longwy.fr\/wordpress\/wp-admin\/plugin-install.php?tab=plugin-information&amp;plugin=custom-meta-widget&amp;TB_iframe=true&amp;width=600&amp;height=550\">Afficher<br \/>\nles d\u00e9tails<\/a><\/td>\n<\/tr>\n<tr>\n<td>11<\/td>\n<td><strong>Better Delete Revision<\/strong><\/td>\n<td>Version 1.5 | Par <a href=\"http:\/\/www.1e2.it\/\">Galerio &amp;<br \/>\nUrda, BestWebLayout<\/a> | <a href=\"http:\/\/archers-longwy.fr\/wordpress\/wp-admin\/plugin-install.php?tab=plugin-information&amp;plugin=better-delete-revision&amp;TB_iframe=true&amp;width=600&amp;height=550\">Afficher<br \/>\nles d\u00e9tails<\/a><\/td>\n<\/tr>\n<tr>\n<td>12<\/td>\n<td><strong>Optimize Database after Deleting Revisions<\/strong><\/td>\n<td>\n<p style=\"margin-bottom: 0.5cm;\">Optimizes the WordPress Database<br \/>\nafter Cleaning it out - <strong><a href=\"http:\/\/archers-longwy.fr\/wordpress\/wp-admin\/options-general.php?page=rvg_odb_admin\">plug<br \/>\nin options<\/a><\/strong><\/p>\n<p><a name=\"tablepress\"><\/a>Version 2.9 | Par <a href=\"http:\/\/cagewebdev.com\/\">CAGE<br \/>\nWeb Design | Rolf van Gelder, Eindhoven, The Netherlands<\/a> |<br \/>\n<a href=\"http:\/\/archers-longwy.fr\/wordpress\/wp-admin\/plugin-install.php?tab=plugin-information&amp;plugin=rvg-optimize-database&amp;TB_iframe=true&amp;width=600&amp;height=550\">Afficher<br \/>\nles d\u00e9tails<\/a><\/td>\n<\/tr>\n<\/tbody>\n<\/table>\n","protected":false},"excerpt":{"rendered":"<p>Ce site utilise wordpress 4.0 Il utilise le\u00a0 th\u00e8me 4D con\u00e7u par createwebsites.pl 1 MailPress The WordPress mailing platform. (do not use automatic upgrade!) Version 5.4.1 | Par Andre Renaut | Afficher les d\u00e9tails 2 TablePress TablePress vous permet de cr\u00e9er et g\u00e9rer des tableaux dans vos articles et pages, sans avoir \u00e0 \u00e9crire du [&hellip;]<\/p>\n","protected":false},"author":2,"featured_media":0,"parent":341,"menu_order":2,"comment_status":"closed","ping_status":"closed","template":"","meta":{"_bbp_topic_count":0,"_bbp_reply_count":0,"_bbp_total_topic_count":0,"_bbp_total_reply_count":0,"_bbp_voice_count":0,"_bbp_anonymous_reply_count":0,"_bbp_topic_count_hidden":0,"_bbp_reply_count_hidden":0,"_bbp_forum_subforum_count":0,"footnotes":""},"class_list":["post-548","page","type-page","status-publish","hentry"],"jetpack_sharing_enabled":true,"_links":{"self":[{"href":"https:\/\/archers-haucourt.fr\/wordpress\/wp-json\/wp\/v2\/pages\/548","targetHints":{"allow":["GET"]}}],"collection":[{"href":"https:\/\/archers-haucourt.fr\/wordpress\/wp-json\/wp\/v2\/pages"}],"about":[{"href":"https:\/\/archers-haucourt.fr\/wordpress\/wp-json\/wp\/v2\/types\/page"}],"author":[{"embeddable":true,"href":"https:\/\/archers-haucourt.fr\/wordpress\/wp-json\/wp\/v2\/users\/2"}],"replies":[{"embeddable":true,"href":"https:\/\/archers-haucourt.fr\/wordpress\/wp-json\/wp\/v2\/comments?post=548"}],"version-history":[{"count":2,"href":"https:\/\/archers-haucourt.fr\/wordpress\/wp-json\/wp\/v2\/pages\/548\/revisions"}],"predecessor-version":[{"id":3641,"href":"https:\/\/archers-haucourt.fr\/wordpress\/wp-json\/wp\/v2\/pages\/548\/revisions\/3641"}],"up":[{"embeddable":true,"href":"https:\/\/archers-haucourt.fr\/wordpress\/wp-json\/wp\/v2\/pages\/341"}],"wp:attachment":[{"href":"https:\/\/archers-haucourt.fr\/wordpress\/wp-json\/wp\/v2\/media?parent=548"}],"curies":[{"name":"wp","href":"https:\/\/api.w.org\/{rel}","templated":true}]}}