{"id":5482,"date":"2024-05-02T11:18:01","date_gmt":"2024-05-02T09:18:01","guid":{"rendered":"https:\/\/archers-haucourt.fr\/wordpress\/?page_id=5482"},"modified":"2026-02-18T09:55:45","modified_gmt":"2026-02-18T07:55:45","slug":"accueil","status":"publish","type":"page","link":"https:\/\/archers-haucourt.fr\/wordpress\/","title":{"rendered":"accueil"},"content":{"rendered":"\n<p><img loading=\"lazy\" decoding=\"async\" width=\"837\" height=\"807\" class=\"wp-image-5305\" style=\"width:137px;height:132px\" src=\"https:\/\/archers-haucourt.fr\/wordpress\/wp-content\/uploads\/2023\/06\/Nouveau-logo-bleu-pour-courrier-sans-cercle.jpg\" alt=\"\" srcset=\"https:\/\/archers-haucourt.fr\/wordpress\/wp-content\/uploads\/2023\/06\/Nouveau-logo-bleu-pour-courrier-sans-cercle.jpg 837w, https:\/\/archers-haucourt.fr\/wordpress\/wp-content\/uploads\/2023\/06\/Nouveau-logo-bleu-pour-courrier-sans-cercle-300x289.jpg 300w, https:\/\/archers-haucourt.fr\/wordpress\/wp-content\/uploads\/2023\/06\/Nouveau-logo-bleu-pour-courrier-sans-cercle-768x740.jpg 768w\" sizes=\"auto, (max-width: 837px) 100vw, 837px\" \/><\/p>\n\n\n\n<h2 class=\"wp-block-heading\">CONTACT<br \/> \u00e0 un entra\u00eeneur pour un essai gratuit, pour pr\u00e9venir : <strong>la veille <\/strong><br \/><strong> <\/strong>de l\u2019entra\u00eenement du mardi apr\u00e8s midi au<strong> <\/strong>06.01.64.59.11<\/h2>\n\n\n\n<p>Pour s\u2019inscrire : un essai est gratuit et sans engagement<\/p>\n\n\n\n<p>du mercredi 03 Septembre 2025 au mercredi 25 juin 2026<\/p>\n\n\n\n<p>Vous \u00eates sur la page d\u2019accueil des archers d\u2019Haucourt- Moulaine,&nbsp; commune <br \/>(54) situ\u00e9e en R\u00e9gion Grand Est (anc. Lorraine) et d\u00e9partement de <br \/>Meurthe et Moselle \u00e0 l\u2019axe des 3 fronti\u00e8res Belgique \/France\/Luxembourg.<br \/> Il a \u00e9t\u00e9 cr\u00e9\u00e9 en 1973 et s&#8217;appelait archer club Longwy avant 2021,<\/p>\n\n\n\n<p> L\u2019adresse mail est : www.archers-haucourt.fr&nbsp;Le site : https:\/\/archers-haucourt.fr\/wordpress\/<\/p>\n\n\n\n<p>Sur place la salle des sports 34, rue de la Garonne la salle Jacques LEBRUN, entr\u00e9e c\u00f4t\u00e9 vestiaires ou City stade ( \u00e0 gauche sur la vue )<img decoding=\"async\" src=\"https:\/\/archers-haucourt.fr\/wordpress\/wp-content\/uploads\/2022\/06\/IMG20220615163002-1024x459.jpg\" alt=\"L\u2019attribut alt de cette image est vide, son nom de fichier est IMG20220615163002-1024x459.jpg.\"\/>Entra\u00eenement jeunes les mercredis de septembre \u00e0 Juin inclus :<\/p>\n\n\n\n<p>Pour bien d\u00e9buter ( enfants \u00e0 partir de 10 ans : 1.30m et adultes) et progresser dans le tir \u00e0 l\u2019arc il y a l\u2019\u00e9cole de tir, il est possible de commencer toute l\u2019ann\u00e9e mais contacter l\u2019entra\u00eeneur avant pour choisir le mat\u00e9riel pr\u00eat\u00e9 gratuitement par le club.<\/p>\n\n\n\n<p>Il faut compter 120\u20ac l&#8217;ann\u00e9e ( tout compris ) pour un adulte et 90\u20ac pour un jeune pour l&#8217;ann\u00e9e sportive qui va du 1er septembre 2025 au 31 ao\u00fbt 2026, et 100\u20ac pratique en club ( pour les handicap\u00e9s)<\/p>\n\n\n\n<p><\/p>\n\n\n\n<p><span style=\"color: #ff0000;\"><\/span><a href=\"https:\/\/archers-haucourt.fr\/wordpress\/wp-content\/uploads\/2024\/04\/formulaire-notice-assurance-QS-3.pdf\">Inscription obligatoire <\/a>sur place, m\u00eame pour un essai ( qui reste gratuit ) :<\/p>\n\n\n\n<p>La salle est situ\u00e9e 34 rue de la Garonne \u00e0 Haucourt St Charles, entr\u00e9e \u00e0 gauche par le vestiaire.<\/p>\n\n\n\n<p><strong>\u00e9cole de tir  Fran\u00e7ois <\/strong>: Le mercredi apr\u00e8s midi de<strong> 14 \u00e0 15 H <\/strong>s\u00e9ance d\u00e9butants<\/p>\n\n\n\n<p><strong>\u00e9cole de tir<\/strong> <strong>Jos\u00e9 <\/strong> : Le mercredi de <strong>15H05 \u00e0 16H15<\/strong>: s\u00e9ance r\u00e9serv\u00e9e exclusivement aux archers confirm\u00e9s.<\/p>\n\n\n\n<p>ensuite entretien mat\u00e9riels et r\u00e9glementations. <\/p>\n\n\n\n<p><strong>les archers ont leur arc<\/strong> <strong>personnel<\/strong>  : <\/p>\n\n\n\n<p>Entra\u00eenement en libre, avec son arc :<\/p>\n\n\n\n<p>Les vendredis de 16H30 \u00e0 17H,<\/p>\n\n\n\n<p>Les mercredis de 20H30 \u00e0 21H55 . <\/p>\n\n\n\n<p>La salle est grande bien \u00e9clair\u00e9e et chauff\u00e9e, un terrain <br \/>de 40m x 20 y est trac\u00e9 ou suivre les rep\u00e8res de distance trac\u00e9s sur les<br \/> murs en p\u00e9riph\u00e9rie de la salle.<\/p>\n\n\n\n<p><a href=\"https:\/\/archers-haucourt.fr\/wordpress\/wp-content\/uploads\/2024\/04\/formulaire-notice-assurance-QS-3.pdf\">inscription en ligne<\/a> \u00e0 rendre d\u00fbment compl\u00e9t\u00e9e \u00e0 Fran\u00e7ois lors d&#8217;un entra\u00eenement.<\/p>\n\n\n\n<h2 class=\"wp-block-heading\">&#8212;&#8212;&#8212;&#8212;&#8212;&#8212;&#8212;&#8212;&#8212;&#8212;&#8212;&#8212;&#8212;&#8212;&#8212;&#8212;&#8212;&#8212;&#8212;&#8212;&#8212;&#8212;&#8212;&#8212;&#8212;-personnes en situation d&#8217; <strong>HANDICAP :<\/strong><\/h2>\n\n\n\n<p>Le lundi soir de 17H10 \u00e0 18H10 avec Fran\u00e7ois, seul certifi\u00e9 ( reprise le lundi 1er septembre 2025 au lundi 28 juin 2026 ) avec Genevi\u00e8ve, Fred, Jean Luc, Bruno, Christophe et Lucien pour aider.<\/p>\n\n\n\n<p>Pour l&#8217;instant <strong>pas de WC sp\u00e9cial handicap\u00e9s<\/strong>. <strong>( wc<\/strong> <strong>ordinaires<\/strong> )<\/p>\n\n\n\n<p>Prendre contact par t\u00e9l\u00e9phone la veille de venir en salle<strong> 06 01 64 59 11 <\/strong><\/p>\n\n\n\n<p>&#8212;&#8212;&#8212;&#8212;&#8212;&#8212;&#8212;&#8212;&#8212;&#8212;&#8212;&#8212;&#8212;&#8212;&#8212;&#8212;&#8212;&#8212;&#8212;&#8212;&#8212;&#8212;&#8212;&#8212;&#8212;&#8212;&#8212;&#8212;&#8212;&#8212;&#8212;&#8212;&#8212;&#8212;&#8212;&#8212;&#8212;<\/p>\n\n\n\n<p>en libre acc\u00e8s avec son arc et apr\u00e8s discussion sur what&#8217;s ap libell\u00e9 &#8220;entra\u00eenement moulaine &#8220;: En ext\u00e9rieur tir 3D et tous les jours \u00e0 toute heure du jour mais en pr\u00e9sence d&#8217;un adulte du club, <strong>apr\u00e8s formation en salle<\/strong> (obligatoire), dans le bois de Moulaine \u2026<\/p>\n\n\n\n<p>Tout le mat\u00e9riel est au local pour entretenir arc et fl\u00e8ches.<\/p>\n\n\n\n<p><a href=\"https:\/\/archers-haucourt.fr\/wordpress\/wp-content\/uploads\/2024\/04\/formulaire-notice-assurance-QS-3.pdf\">Inscription<\/a> sur place (recommand\u00e9).<\/p>\n\n\n\n<p> Les 2 entra\u00eeneurs sont dipl\u00f4m\u00e9s FFTA et en formation continue.<\/p>\n\n\n\n<p>De d\u00e9but septembre \u00e0 fin juin car ferm\u00e9e pendant les grandes vacances juillet\/ao\u00fbt. Pendant les petites vacances scolaires ou les sorties, les mercredis :&nbsp; s\u2019il fait beau, une s\u00e9ance avec Fran\u00e7ois ou avec Jos\u00e9 il est possible d\u2019aller en ext\u00e9rieur sur notre terrain de Moulaine.<\/p>\n\n\n\n<p>Pour la nouvelle saison 2025-2026 : Tout le mat\u00e9riel (choisi en fonction de la taille) est pr\u00eat\u00e9 gracieusement aux d\u00e9butants <strong>licenci\u00e9s.<\/strong><\/p>\n\n\n\n<p>Vous voulez vous \u00e9quiper : pensez \u00e0 regarder le mat\u00e9riel \u201d les z\u2019ocas\u201d souvent du mat\u00e9riel qui a peu servi, et toujours en bon \u00e9tat au minimum.<\/p>\n\n\n\n<p><strong>La date de la prochaine assembl\u00e9e est fix\u00e9e au samedi soir du<\/strong> 10 octobre 2026 \u00e0 compter de 18H<\/p>\n\n\n\n<div data-wp-interactive=\"core\/file\" class=\"wp-block-file\"><object data-wp-bind--hidden=\"!state.hasPdfPreview\" hidden class=\"wp-block-file__embed\" data=\"https:\/\/archers-haucourt.fr\/wordpress\/wp-content\/uploads\/2025\/12\/Assemblee-Generale-CLUB-15-Novembre-2025-1.pdf\" type=\"application\/pdf\" style=\"width:100%;height:600px\" aria-label=\"Contenu embarqu\u00e9 Assemblee-Generale-CLUB-15-Novembre-2025.\"><\/object><a id=\"wp-block-file--media-3f9ccc81-03f6-4c8b-9e82-fb5c01140386\" href=\"https:\/\/archers-haucourt.fr\/wordpress\/wp-content\/uploads\/2025\/12\/Assemblee-Generale-CLUB-15-Novembre-2025-1.pdf\">Assemblee-Generale-CLUB-15-Novembre-2025<\/a><a href=\"https:\/\/archers-haucourt.fr\/wordpress\/wp-content\/uploads\/2025\/12\/Assemblee-Generale-CLUB-15-Novembre-2025-1.pdf\" class=\"wp-block-file__button wp-element-button\" download aria-describedby=\"wp-block-file--media-3f9ccc81-03f6-4c8b-9e82-fb5c01140386\">T\u00e9l\u00e9charger<\/a><\/div>\n\n\n\n<p><a href=\"https:\/\/archers-haucourt.fr\/wordpress\/wp-content\/uploads\/2022\/02\/Longwy-statuts-08-05-2021-AGE-archer-club.doc\">Nouveaux statuts du 20 mars 2021<\/a><\/p>\n\n\n\n<p>&nbsp; <img loading=\"lazy\" decoding=\"async\" width=\"46\" height=\"18\" class=\"alignnone wp-image-1823\" src=\"http:\/\/archers-longwy.fr\/wordpress\/wp-content\/uploads\/2014\/11\/drapeau-fran\u00e7ais-300x117.png\" alt=\"drapeau fran\u00e7ais\"\/>&nbsp;&nbsp;&nbsp;&nbsp; <img decoding=\"async\" src=\"http:\/\/archers-longwy.fr\/wordpress\/wp-content\/plugins\/wp-edit\/plugins\/emoticons\/img\/smiley-smile.gif\"\/>&nbsp; &#x2665;Les r\u00e9sultats : Les enfants Cadronet ( Nathan et Candice ) ont quitt\u00e9 le club ( pour \u00e9tudes et alternance ) mais n\u00e9anmoins nous suivons avec attention leurs (tr\u00e8s) bons r\u00e9sultats. <br \/><strong>Nathan est vice champion du monde universitaire 2023<\/strong> champion de France en salle 2024, <strong>Candice est 4\u00e8me au championnat d\u2019Europe en \u00e9quipe 2023<\/strong><\/p>\n\n\n\n<p><br \/><br \/><br \/><br \/><br \/><br \/><br \/><br \/><br \/><br \/><br \/><br \/><br \/><br \/><\/p>\n","protected":false},"excerpt":{"rendered":"<p>CONTACT \u00e0 un entra\u00eeneur pour un essai gratuit, pour pr\u00e9venir : la veille de l\u2019entra\u00eenement du mardi apr\u00e8s midi au 06.01.64.59.11 Pour s\u2019inscrire : un essai est gratuit et sans engagement du mercredi 03 Septembre 2025 au mercredi 25 juin 2026 Vous \u00eates sur la page d\u2019accueil des archers d\u2019Haucourt- Moulaine,&nbsp; commune (54) situ\u00e9e en [&hellip;]<\/p>\n","protected":false},"author":2,"featured_media":0,"parent":0,"menu_order":0,"comment_status":"closed","ping_status":"closed","template":"","meta":{"_bbp_topic_count":0,"_bbp_reply_count":0,"_bbp_total_topic_count":0,"_bbp_total_reply_count":0,"_bbp_voice_count":0,"_bbp_anonymous_reply_count":0,"_bbp_topic_count_hidden":0,"_bbp_reply_count_hidden":0,"_bbp_forum_subforum_count":0,"footnotes":""},"class_list":["post-5482","page","type-page","status-publish","hentry"],"jetpack_sharing_enabled":true,"_links":{"self":[{"href":"https:\/\/archers-haucourt.fr\/wordpress\/wp-json\/wp\/v2\/pages\/5482","targetHints":{"allow":["GET"]}}],"collection":[{"href":"https:\/\/archers-haucourt.fr\/wordpress\/wp-json\/wp\/v2\/pages"}],"about":[{"href":"https:\/\/archers-haucourt.fr\/wordpress\/wp-json\/wp\/v2\/types\/page"}],"author":[{"embeddable":true,"href":"https:\/\/archers-haucourt.fr\/wordpress\/wp-json\/wp\/v2\/users\/2"}],"replies":[{"embeddable":true,"href":"https:\/\/archers-haucourt.fr\/wordpress\/wp-json\/wp\/v2\/comments?post=5482"}],"version-history":[{"count":61,"href":"https:\/\/archers-haucourt.fr\/wordpress\/wp-json\/wp\/v2\/pages\/5482\/revisions"}],"predecessor-version":[{"id":7577,"href":"https:\/\/archers-haucourt.fr\/wordpress\/wp-json\/wp\/v2\/pages\/5482\/revisions\/7577"}],"wp:attachment":[{"href":"https:\/\/archers-haucourt.fr\/wordpress\/wp-json\/wp\/v2\/media?parent=5482"}],"curies":[{"name":"wp","href":"https:\/\/api.w.org\/{rel}","templated":true}]}}