{"id":659,"date":"2014-11-02T15:06:11","date_gmt":"2014-11-02T14:06:11","guid":{"rendered":"http:\/\/archers-longwy.fr\/wordpress\/?page_id=659"},"modified":"2021-09-19T13:11:00","modified_gmt":"2021-09-19T11:11:00","slug":"technique","status":"publish","type":"page","link":"https:\/\/archers-haucourt.fr\/wordpress\/technique\/","title":{"rendered":"Technique"},"content":{"rendered":"<p><a href=\"https:\/\/fb.watch\/86QYsSAYOu\/\" target=\"_blank\" rel=\"noopener\">Histoire de l&#8217;arc ( sur Facebook )<\/a><\/p>\n<p><span style=\"text-decoration: underline;\"><strong>page 1 <\/strong><\/span><span style=\"text-decoration: underline;\"><strong><a title=\"Les fondamentaux pour le tir\" href=\"http:\/\/archers-longwy.fr\/wordpress\/technique\/les-fondamentaux-pour-le-tir\/\" target=\"_blank\" rel=\"noopener noreferrer\">&#8211; Les fondamentaux pour le tir<\/a><\/strong><\/span><\/p>\n<p><span style=\"text-decoration: underline;\"><strong>page 2 &#8211; <a title=\"Comment bien choisir son arc en taille et puissance\" href=\"http:\/\/archers-longwy.fr\/wordpress\/technique\/techniques\/\" target=\"_blank\" rel=\"noopener noreferrer\">comment bien choisir son mat\u00e9riel<\/a><br \/>\n<\/strong><\/span><\/p>\n<p><span style=\"text-decoration: underline;\"><strong><a title=\"R\u00e8glages\" href=\"http:\/\/archers-longwy.fr\/wordpress\/technique\/reglages\/\" target=\"_blank\" rel=\"noopener noreferrer\">page 3 &#8211; r\u00e9glages de l&#8217;arc classique et arc \u00e0 poulies<\/a><\/strong><\/span><\/p>\n<p><span style=\"text-decoration: underline;\"><strong><a title=\"Corde\" href=\"http:\/\/archers-longwy.fr\/wordpress\/technique\/corde\/\" target=\"_blank\" rel=\"noopener noreferrer\">page 4 &#8211; corde<\/a><\/strong><\/span><\/p>\n<p><span style=\"text-decoration: underline;\"><strong><a title=\"Choisir vos Fl\u00e8ches\" href=\"http:\/\/archers-longwy.fr\/wordpress\/technique\/choisir-vos-fleches\/\" target=\"_blank\" rel=\"noopener noreferrer\">page 5 &#8211; choisir ses fl\u00e8ches<\/a><\/strong><\/span><\/p>\n<p><span style=\"text-decoration: underline;\"><strong><a title=\"Gros Catalogue Fl\u00e8ches et accessoires\" href=\"http:\/\/archers-longwy.fr\/wordpress\/technique\/fleches-et-accessoires\/\" target=\"_blank\" rel=\"noopener noreferrer\">page 6 &#8211; un catalogue de r\u00e9f\u00e9rence<\/a><\/strong><\/span><\/p>\n<p align=\"left\"><span style=\"font-size: medium;\">Arcs \u00e0 poulies : Suite au stage de formation du 13\/04\/2014 \u00e0 Nancy : quelques articles techniques pour tout savoir sur ces arcs et leur manipulation.<\/span><\/p>\n<p align=\"left\"><span style=\"font-size: small;\"><a href=\"http:\/\/archers-longwy.fr\/wordpress\/wp-content\/uploads\/2014\/10\/changement-de-cablages-et-reglages.pdf\" target=\"_blank\" rel=\"noopener noreferrer\">&#8211; changement de cablages et reglages <\/a>article de <\/span><span style=\"font-size: inherit;\">Jean-Eric Campagne de <\/span><span style=\"font-size: inherit;\">ACA-Antony<\/span><\/p>\n<p align=\"left\"><span style=\"font-size: small;\"><a href=\"http:\/\/archers-longwy.fr\/accueil\/view.php\/Changement%20de%20c%E2blages%20et%20r%E9glages\" target=\"_blank\" rel=\"noopener noreferrer\">\u00a0<\/a><\/span><\/p>\n<p align=\"left\"><a href=\"http:\/\/archers-longwy.fr\/wordpress\/wp-content\/uploads\/2014\/10\/deloche-arc-a-poulies.pdf\" target=\"_blank\" rel=\"noopener noreferrer\">&#8211; L&#8217;arc a poulies<\/a><\/p>\n","protected":false},"excerpt":{"rendered":"<p>Histoire de l&#8217;arc ( sur Facebook ) page 1 &#8211; Les fondamentaux pour le tir page 2 &#8211; comment bien choisir son mat\u00e9riel page 3 &#8211; r\u00e9glages de l&#8217;arc classique et arc \u00e0 poulies page 4 &#8211; corde page 5 &#8211; choisir ses fl\u00e8ches page 6 &#8211; un catalogue de r\u00e9f\u00e9rence Arcs \u00e0 poulies : [&hellip;]<\/p>\n","protected":false},"author":2,"featured_media":0,"parent":0,"menu_order":7,"comment_status":"closed","ping_status":"closed","template":"","meta":{"_bbp_topic_count":0,"_bbp_reply_count":0,"_bbp_total_topic_count":0,"_bbp_total_reply_count":0,"_bbp_voice_count":0,"_bbp_anonymous_reply_count":0,"_bbp_topic_count_hidden":0,"_bbp_reply_count_hidden":0,"_bbp_forum_subforum_count":0,"footnotes":""},"class_list":["post-659","page","type-page","status-publish","hentry"],"jetpack_sharing_enabled":true,"_links":{"self":[{"href":"https:\/\/archers-haucourt.fr\/wordpress\/wp-json\/wp\/v2\/pages\/659","targetHints":{"allow":["GET"]}}],"collection":[{"href":"https:\/\/archers-haucourt.fr\/wordpress\/wp-json\/wp\/v2\/pages"}],"about":[{"href":"https:\/\/archers-haucourt.fr\/wordpress\/wp-json\/wp\/v2\/types\/page"}],"author":[{"embeddable":true,"href":"https:\/\/archers-haucourt.fr\/wordpress\/wp-json\/wp\/v2\/users\/2"}],"replies":[{"embeddable":true,"href":"https:\/\/archers-haucourt.fr\/wordpress\/wp-json\/wp\/v2\/comments?post=659"}],"version-history":[{"count":22,"href":"https:\/\/archers-haucourt.fr\/wordpress\/wp-json\/wp\/v2\/pages\/659\/revisions"}],"predecessor-version":[{"id":4751,"href":"https:\/\/archers-haucourt.fr\/wordpress\/wp-json\/wp\/v2\/pages\/659\/revisions\/4751"}],"wp:attachment":[{"href":"https:\/\/archers-haucourt.fr\/wordpress\/wp-json\/wp\/v2\/media?parent=659"}],"curies":[{"name":"wp","href":"https:\/\/api.w.org\/{rel}","templated":true}]}}