{"id":6590,"date":"2024-12-12T10:36:28","date_gmt":"2024-12-12T08:36:28","guid":{"rendered":"https:\/\/archers-haucourt.fr\/wordpress\/?page_id=6590"},"modified":"2025-10-27T19:16:26","modified_gmt":"2025-10-27T17:16:26","slug":"special-handicapes","status":"publish","type":"page","link":"https:\/\/archers-haucourt.fr\/wordpress\/special-handicapes\/","title":{"rendered":"personne en situation de HANDICAP"},"content":{"rendered":"\n<p>\u00c9ole de tir pour personne en situation de HANDICAP <strong>: Le lundi soir de 17H \u00e0 18h 10. <\/strong><\/p>\n\n\n\n<p>Pour l\u2019instant <strong>pas de WC sp\u00e9cial handicap\u00e9s.<\/strong><\/p>\n\n\n\n<p>La salle permet de tirer jusqu&#8217;\u00e0 40 m.<\/p>\n\n\n\n<p> <strong>Prendre contact par t\u00e9l\u00e9phone la veille de venir en salle 06 01 64 59 11<\/strong><\/p>\n\n\n\n<p>De d\u00e9but septembre \u00e0 fin juin car ferm\u00e9e pendant les<br \/>vacances.<\/p>\n\n\n\n<p>En ext\u00e9rieur au bois de Moulaine et apr\u00e8s formation, obligatoire en salle le bois permet un tir jusqu\u2019\u00e0 70 m. Tout le mat\u00e9riel est au local pour entretenir arc et fl\u00e8ches.<\/p>\n\n\n\n<p><strong> Inscription sur place<\/strong> (recommand\u00e9). <br \/><strong>\u00e9cole de tir&nbsp; : Fran\u00e7ois est form\u00e9 FFTA<\/strong><\/p>\n\n\n\n<p><a href=\"https:\/\/archers-haucourt.fr\/wordpress\/\" data-type=\"page\" data-id=\"5482\">accueil<\/a><\/p>\n\n\n\n<div data-wp-interactive=\"core\/file\" class=\"wp-block-file\"><object data-wp-bind--hidden=\"!state.hasPdfPreview\" hidden class=\"wp-block-file__embed\" data=\"https:\/\/archers-haucourt.fr\/wordpress\/wp-content\/uploads\/2024\/12\/attestation_5765.pdf\" type=\"application\/pdf\" style=\"width:100%;height:280px\" aria-label=\"Contenu embarqu\u00e9 attestation_5765.\"><\/object><a id=\"wp-block-file--media-cbc72e88-c72e-4cc6-a4f7-856b9daffbac\" href=\"https:\/\/archers-haucourt.fr\/wordpress\/wp-content\/uploads\/2024\/12\/attestation_5765.pdf\">attestation_5765<\/a><a href=\"https:\/\/archers-haucourt.fr\/wordpress\/wp-content\/uploads\/2024\/12\/attestation_5765.pdf\" class=\"wp-block-file__button wp-element-button\" download aria-describedby=\"wp-block-file--media-cbc72e88-c72e-4cc6-a4f7-856b9daffbac\">T\u00e9l\u00e9charger<\/a><\/div>\n\n\n\n<p>Vous voulez vous \u00e9quiper en arc et fl\u00e8ches : pensez \u00e0 regarder le mat\u00e9riel \u201d les z\u2019ocas\u201d souvent du mat\u00e9riel qui a peu servi, et toujours en bon \u00e9tat.<br \/><br \/><br \/><br \/><br \/><br \/><br \/><br \/><br \/><br \/><br \/><br \/><br \/><br \/><br \/><br \/><br \/><br \/><br \/><br \/><br \/><br \/><br \/><br \/><br \/><br \/><br \/><br \/><\/p>\n","protected":false},"excerpt":{"rendered":"<p>\u00c9ole de tir pour personne en situation de HANDICAP : Le lundi soir de 17H \u00e0 18h 10. Pour l\u2019instant pas de WC sp\u00e9cial handicap\u00e9s. La salle permet de tirer jusqu&#8217;\u00e0 40 m. Prendre contact par t\u00e9l\u00e9phone la veille de venir en salle 06 01 64 59 11 De d\u00e9but septembre \u00e0 fin juin car [&hellip;]<\/p>\n","protected":false},"author":2,"featured_media":0,"parent":0,"menu_order":0,"comment_status":"closed","ping_status":"closed","template":"","meta":{"_bbp_topic_count":0,"_bbp_reply_count":0,"_bbp_total_topic_count":0,"_bbp_total_reply_count":0,"_bbp_voice_count":0,"_bbp_anonymous_reply_count":0,"_bbp_topic_count_hidden":0,"_bbp_reply_count_hidden":0,"_bbp_forum_subforum_count":0,"footnotes":""},"class_list":["post-6590","page","type-page","status-publish","hentry"],"jetpack_sharing_enabled":true,"_links":{"self":[{"href":"https:\/\/archers-haucourt.fr\/wordpress\/wp-json\/wp\/v2\/pages\/6590","targetHints":{"allow":["GET"]}}],"collection":[{"href":"https:\/\/archers-haucourt.fr\/wordpress\/wp-json\/wp\/v2\/pages"}],"about":[{"href":"https:\/\/archers-haucourt.fr\/wordpress\/wp-json\/wp\/v2\/types\/page"}],"author":[{"embeddable":true,"href":"https:\/\/archers-haucourt.fr\/wordpress\/wp-json\/wp\/v2\/users\/2"}],"replies":[{"embeddable":true,"href":"https:\/\/archers-haucourt.fr\/wordpress\/wp-json\/wp\/v2\/comments?post=6590"}],"version-history":[{"count":19,"href":"https:\/\/archers-haucourt.fr\/wordpress\/wp-json\/wp\/v2\/pages\/6590\/revisions"}],"predecessor-version":[{"id":6901,"href":"https:\/\/archers-haucourt.fr\/wordpress\/wp-json\/wp\/v2\/pages\/6590\/revisions\/6901"}],"wp:attachment":[{"href":"https:\/\/archers-haucourt.fr\/wordpress\/wp-json\/wp\/v2\/media?parent=6590"}],"curies":[{"name":"wp","href":"https:\/\/api.w.org\/{rel}","templated":true}]}}