{"id":845,"date":"2014-11-09T16:21:36","date_gmt":"2014-11-09T15:21:36","guid":{"rendered":"http:\/\/archers-longwy.fr\/wordpress\/?page_id=845"},"modified":"2015-11-23T13:29:56","modified_gmt":"2015-11-23T11:29:56","slug":"les-fondamentaux-pour-le-tir","status":"publish","type":"page","link":"https:\/\/archers-haucourt.fr\/wordpress\/technique\/les-fondamentaux-pour-le-tir\/","title":{"rendered":"Les fondamentaux pour le tir"},"content":{"rendered":"<p><span style=\"text-decoration: underline;\"><strong><a href=\"http:\/\/archers-longwy.fr\/wordpress\/wp-content\/uploads\/2014\/11\/Les-fondamentaux-techniques.pdf\" target=\"_blank\">Document excellent de la FFTA sur les fondamentaux<\/a><\/strong><\/span> &#8211; \u00e0 voir en premier &#8211;<\/p>\n<p><a href=\"http:\/\/archers-longwy.fr\/wordpress\/wp-content\/uploads\/2014\/11\/Les-fondamentaux-techniques.pdf\" target=\"_blank\" rel=\"attachment wp-att-1566\"><img loading=\"lazy\" decoding=\"async\" class=\"alignnone size-medium wp-image-1566\" src=\"http:\/\/archers-longwy.fr\/wordpress\/wp-content\/uploads\/2014\/11\/1ere-page-les-fondamentaux-arc-\u00e0-poulies-300x224.jpg\" alt=\"1ere page les fondamentaux arc \u00e0 poulies\" width=\"300\" height=\"224\" srcset=\"https:\/\/archers-haucourt.fr\/wordpress\/wp-content\/uploads\/2014\/11\/1ere-page-les-fondamentaux-arc-\u00e0-poulies-300x224.jpg 300w, https:\/\/archers-haucourt.fr\/wordpress\/wp-content\/uploads\/2014\/11\/1ere-page-les-fondamentaux-arc-\u00e0-poulies.jpg 770w\" sizes=\"auto, (max-width: 300px) 100vw, 300px\" \/><\/a><\/p>\n<p>&nbsp;<\/p>\n<p>avant la s\u00e9ance de tir :<\/p>\n<p><span style=\"text-decoration: underline;\"><strong><a href=\"http:\/\/archers-longwy.fr\/wordpress\/wp-content\/uploads\/2014\/11\/echauffement.pdf\" target=\"_blank\">l&#8217;\u00e9chauffement<\/a><\/strong><\/span><\/p>\n<p>Le document comporte trois pages, cliquer sur le document pour t\u00e9l\u00e9charger &#8211; format pdf<\/p>\n<p><a href=\"http:\/\/archers-longwy.fr\/wordpress\/wp-content\/uploads\/2014\/11\/echauffement.pdf\" target=\"_blank\" rel=\"attachment wp-att-1568\"><img loading=\"lazy\" decoding=\"async\" class=\"alignnone wp-image-1568 size-full\" src=\"http:\/\/archers-longwy.fr\/wordpress\/wp-content\/uploads\/2014\/11\/1ere-page-l\u00e9chauffement.jpg\" alt=\"1ere page l'\u00e9chauffement\" width=\"739\" height=\"677\" srcset=\"https:\/\/archers-haucourt.fr\/wordpress\/wp-content\/uploads\/2014\/11\/1ere-page-l\u00e9chauffement.jpg 739w, https:\/\/archers-haucourt.fr\/wordpress\/wp-content\/uploads\/2014\/11\/1ere-page-l\u00e9chauffement-300x275.jpg 300w\" sizes=\"auto, (max-width: 739px) 100vw, 739px\" \/><\/a><\/p>\n<p>&nbsp;<\/p>\n<p><a title=\"Accueil\" href=\"http:\/\/archers-longwy.fr\/wordpress\/\" target=\"_blank\"><span style=\"text-decoration: underline;\"><strong>Retour \u00e0 l&#8217;accueil<\/strong><\/span><\/a><\/p>\n","protected":false},"excerpt":{"rendered":"<p>Document excellent de la FFTA sur les fondamentaux &#8211; \u00e0 voir en premier &#8211; &nbsp; avant la s\u00e9ance de tir : l&#8217;\u00e9chauffement Le document comporte trois pages, cliquer sur le document pour t\u00e9l\u00e9charger &#8211; format pdf &nbsp; Retour \u00e0 l&#8217;accueil<\/p>\n","protected":false},"author":2,"featured_media":0,"parent":659,"menu_order":0,"comment_status":"closed","ping_status":"closed","template":"","meta":{"_bbp_topic_count":0,"_bbp_reply_count":0,"_bbp_total_topic_count":0,"_bbp_total_reply_count":0,"_bbp_voice_count":0,"_bbp_anonymous_reply_count":0,"_bbp_topic_count_hidden":0,"_bbp_reply_count_hidden":0,"_bbp_forum_subforum_count":0,"footnotes":""},"class_list":["post-845","page","type-page","status-publish","hentry"],"jetpack_sharing_enabled":true,"_links":{"self":[{"href":"https:\/\/archers-haucourt.fr\/wordpress\/wp-json\/wp\/v2\/pages\/845","targetHints":{"allow":["GET"]}}],"collection":[{"href":"https:\/\/archers-haucourt.fr\/wordpress\/wp-json\/wp\/v2\/pages"}],"about":[{"href":"https:\/\/archers-haucourt.fr\/wordpress\/wp-json\/wp\/v2\/types\/page"}],"author":[{"embeddable":true,"href":"https:\/\/archers-haucourt.fr\/wordpress\/wp-json\/wp\/v2\/users\/2"}],"replies":[{"embeddable":true,"href":"https:\/\/archers-haucourt.fr\/wordpress\/wp-json\/wp\/v2\/comments?post=845"}],"version-history":[{"count":16,"href":"https:\/\/archers-haucourt.fr\/wordpress\/wp-json\/wp\/v2\/pages\/845\/revisions"}],"predecessor-version":[{"id":1814,"href":"https:\/\/archers-haucourt.fr\/wordpress\/wp-json\/wp\/v2\/pages\/845\/revisions\/1814"}],"up":[{"embeddable":true,"href":"https:\/\/archers-haucourt.fr\/wordpress\/wp-json\/wp\/v2\/pages\/659"}],"wp:attachment":[{"href":"https:\/\/archers-haucourt.fr\/wordpress\/wp-json\/wp\/v2\/media?parent=845"}],"curies":[{"name":"wp","href":"https:\/\/api.w.org\/{rel}","templated":true}]}}