{"id":936,"date":"2014-11-13T10:23:58","date_gmt":"2014-11-13T09:23:58","guid":{"rendered":"http:\/\/archers-longwy.fr\/wordpress\/?page_id=936"},"modified":"2025-06-17T09:40:43","modified_gmt":"2025-06-17T07:40:43","slug":"liens-internet","status":"publish","type":"page","link":"https:\/\/archers-haucourt.fr\/wordpress\/le-tir-a-larc-et-internet\/liens-internet\/","title":{"rendered":"Liens internet ; les magasins"},"content":{"rendered":"<h1>Sites web \u00e0 propos de l&#8217;arc :<\/h1>\n<p><span style=\"font-size: 12pt;\">L&#8217;annuaire des sites de tir \u00e0 l&#8217;arc en France + catalogues + fabricants + articles int\u00e9ressants, etc.. voir :\u00a0<\/span> <img decoding=\"async\" src=\"http:\/\/archers-longwy.fr\/wordpress\/wp-content\/plugins\/wp-edit\/plugins\/emoticons\/img\/smiley-laughing.gif\" alt=\"\" \/> <span style=\"text-decoration: underline;\"><strong><a href=\"http:\/\/www.letiralarc.fr\/\" target=\"_blank\" rel=\"noopener noreferrer\">http:\/\/www.letiralarc.fr\/<\/a><\/strong><\/span><\/p>\n<p><span style=\"font-size: large;\">La base de la position et du tir :<\/span> <span style=\"font-size: large;\"><a href=\"http:\/\/www.youtube.com\/watch?v=6hWzQcP0IeA\" target=\"_blank\" rel=\"noopener noreferrer\"><img loading=\"lazy\" decoding=\"async\" title=\"[PNG] pdf\" src=\"http:\/\/archers-longwy.fr\/accueil\/view.php\/pdf.png\" alt=\"[PNG] pdf\" width=\"16\" height=\"16\" \/><\/a><\/span><\/p>\n<p><span style=\"font-size: large;\">Y<span style=\"font-size: large;\">ou tube : <span style=\"text-decoration: underline;\"><strong><a href=\"https:\/\/www.youtube.com\/watch?v=i3g_eBfQT80\">une fl\u00e8che dans une fl\u00e8che<\/a>,<\/strong> <\/span><\/span><\/span><\/p>\n<p><span style=\"font-size: large;\"><a href=\"https:\/\/www.youtube.com\/watch?v=WzWrcpzuAp8\" target=\"_blank\" rel=\"noopener noreferrer\"><span style=\"text-decoration: underline;\"><strong>pr\u00e9sentation du paradoxe<\/strong><\/span><\/a><\/span><\/p>\n<p><span style=\"font-size: large;\">incroyable et pourtant :<\/span><a href=\"http:\/\/www.youtube.com\/watch?v=7pEh0Vr5z6Q\" target=\"_blank\" rel=\"noopener noreferrer\"> <span style=\"font-size: large;\"><img loading=\"lazy\" decoding=\"async\" title=\"[PNG] pdf\" src=\"http:\/\/archers-longwy.fr\/accueil\/view.php\/pdf.png\" alt=\"[PNG] pdf\" width=\"16\" height=\"16\" \/><\/span><\/a> 1 ; <a href=\"http:\/\/www.youtube.com\/watch?v=1o9RGnujlkI\" target=\"_blank\" rel=\"noopener noreferrer\"><span style=\"font-size: large;\"><img loading=\"lazy\" decoding=\"async\" title=\"[PNG] pdf\" src=\"http:\/\/archers-longwy.fr\/accueil\/view.php\/pdf.png\" alt=\"[PNG] pdf\" width=\"16\" height=\"16\" \/><\/span><\/a> 2 ; <a href=\"http:\/\/www.youtube.com\/watch?v=eojL5a1b48c\" target=\"_blank\" rel=\"noopener noreferrer\"><span style=\"font-size: large;\"><img loading=\"lazy\" decoding=\"async\" title=\"[PNG] pdf\" src=\"http:\/\/archers-longwy.fr\/accueil\/view.php\/pdf.png\" alt=\"[PNG] pdf\" width=\"16\" height=\"16\" \/><\/span><\/a> 3 ; <a href=\"http:\/\/www.youtube.com\/watch?v=2zGnxeSbb3g\" target=\"_blank\" rel=\"noopener noreferrer\"><span style=\"font-size: large;\"><img loading=\"lazy\" decoding=\"async\" title=\"[PNG] pdf\" src=\"http:\/\/archers-longwy.fr\/accueil\/view.php\/pdf.png\" alt=\"[PNG] pdf\" width=\"16\" height=\"16\" \/><\/span><\/a> 4 ;\u00a0 <a href=\"http:\/\/www.youtube.com\/watch?v=eCtb_ylVDvU&amp;feature=youtu.be\" target=\"_blank\" rel=\"noopener noreferrer\"><span style=\"font-size: large;\"><img loading=\"lazy\" decoding=\"async\" title=\"[PNG] pdf\" src=\"http:\/\/archers-longwy.fr\/accueil\/view.php\/pdf.png\" alt=\"[PNG] pdf\" width=\"16\" height=\"16\" \/><\/span><\/a> 5<\/p>\n<p><span style=\"font-size: large;\">Arc trap :<\/span>\u00a0 <a href=\"http:\/\/www.youtube.com\/watch?v=_Uld3N5n5r4\" target=\"_blank\" rel=\"noopener noreferrer\"><span style=\"font-size: large;\"><img loading=\"lazy\" decoding=\"async\" title=\"[PNG] pdf\" src=\"http:\/\/archers-longwy.fr\/accueil\/view.php\/pdf.png\" alt=\"[PNG] pdf\" width=\"16\" height=\"16\" \/><\/span><\/a><\/p>\n<p><a href=\"http:\/\/www.jeuxjeuxjeux.fr\/jeux\/tir+a+l%27arc\" target=\"_blank\" rel=\"noopener noreferrer\"><span style=\"font-size: large;\"><span style=\"font-family: arial black,avant garde;\"><span style=\"font-family: Times New Roman,Times; font-size: 12pt;\">Liens internet et jeux<\/span> : <\/span><\/span><span style=\"font-size: large;\"><span style=\"font-family: arial black,avant garde;\"><span style=\"font-family: arial black,avant garde; font-size: large;\"><img loading=\"lazy\" decoding=\"async\" title=\"[PNG] pdf\" src=\"http:\/\/archers-longwy.fr\/accueil\/view.php\/pdf.png\" alt=\"[PNG] pdf\" width=\"16\" height=\"16\" \/><\/span><\/span><\/span><\/a><\/p>\n<h1><em><span style=\"text-decoration: underline; font-size: 12pt;\"><strong>Les magasins proches :<\/strong><\/span> <\/em><\/h1>\n<h2><strong><em><span style=\"font-size: 12pt;\">Thill Archery Walferdange <span style=\"color: #ff0000;\">attention il ferme bient\u00f4t juillet 2025 <\/span><\/span>54 r. de l&#8217;Eglise<span class=\"highlight-pays\"> L<\/span>&#8211;<span class=\"highlight-codpos\">7224<\/span> Walferdange\u00a0\u00a0 &#8211; Luxembourg<\/em><\/strong><\/h2>\n<h1><em><span style=\"font-size: 12pt;\"><strong>45 minutes de Longwy\u00a0 RV : mail : &#8220;thillarchery&#8221; &lt;thillarchery@pt.lu&gt;<\/strong><\/span><span style=\"text-decoration: underline; font-size: 12pt;\"><strong><br \/>\n<\/strong><\/span><\/em><\/h1>\n<p><span style=\"font-size: 12pt;\"><span class=\"jicons-icons\"> <img decoding=\"async\" src=\"http:\/\/www.letiralarc.fr\/media\/contacts\/images\/con_tel.png\" alt=\"T\u00e9l\u00e9phone: \" \/> <\/span><\/span>T\u00e9l\u00e9phone : +352 33 06 90<\/p>\n<p><span style=\"font-size: 12pt;\">&#8212;&#8212;&#8212;&#8212;&#8212;&#8212;&#8212;&#8212;&#8212;&#8212;&#8212;&#8211;<\/span><\/p>\n<h2><span style=\"font-size: 12pt;\"><span class=\"contact-name\">Star Archerie<\/span><span class=\"jicons-icons\">\u00a0 <\/span><span class=\"contact-street\">24 rue d&#8217;Entraigues <\/span> <span class=\"contact-suburb\"> Tours <\/span> <span class=\"contact-postcode\"> 37000 <\/span> <span class=\"contact-country\"> France <\/span><\/span><\/h2>\n<div class=\"contact-contactinfo\">\n<p><span style=\"font-size: 12pt;\"><span class=\"jicons-icons\"> <img decoding=\"async\" src=\"http:\/\/www.letiralarc.fr\/media\/contacts\/images\/con_tel.png\" alt=\"T\u00e9l\u00e9phone: \" \/> <\/span> <span class=\"contact-telephone\"> 02 47 61 00 28\u00a0 <\/span><span style=\"text-decoration: underline;\"><strong><span class=\"contact-webpage\"><a href=\"http:\/\/www.star-archerie.com\/\" target=\"_blank\" rel=\"noopener noreferrer\">http:\/\/www.star-archerie.com\/<\/a> <\/span><\/strong><\/span><\/span><\/p>\n<\/div>\n<hr \/>\n<h2><span style=\"font-size: 12pt;\"><span class=\"contact-name\">Sherwood Archerie<\/span><span class=\"jicons-icons\">\u00a0 <\/span><span class=\"contact-street\">31 route de Bischwiller <\/span> <span class=\"contact-suburb\"> Schiltigheim <\/span> <span class=\"contact-postcode\"> 67300 <\/span> <span class=\"contact-country\"> France <\/span><\/span><\/h2>\n<p><span style=\"font-size: 12pt;\"><span class=\"jicons-icons\"> <img decoding=\"async\" src=\"http:\/\/www.letiralarc.fr\/media\/contacts\/images\/con_tel.png\" alt=\"T\u00e9l\u00e9phone: \" \/> <\/span> <span class=\"contact-telephone\"> 03 88 19 95 96\u00a0 <\/span><span style=\"text-decoration: underline;\"><strong><span class=\"contact-webpage\"><a href=\"http:\/\/www.sherwood-archerie.com\/\" target=\"_blank\" rel=\"noopener noreferrer\">http:\/\/www.sherwood-archerie.com\/<\/a><\/span><\/strong><\/span><\/span><\/p>\n<p>&#8212;&#8212;&#8212;&#8212;&#8212;&#8212;&#8212;&#8212;&#8212;&#8212;&#8212;&#8212;<\/p>\n<h2><span style=\"font-size: 12pt;\"><span class=\"contact-name\">Est Archerie\u00a0 <\/span><span class=\"contact-street\">54 ter, Grande rue <\/span> <span class=\"contact-suburb\"> Ville-en-Vermois <\/span> <span class=\"contact-postcode\"> 54210 <\/span> <span class=\"contact-country\"> France <\/span><\/span><\/h2>\n<div class=\"contact-contactinfo\">\n<p><span style=\"font-size: 12pt;\"><span class=\"jicons-icons\"> <img decoding=\"async\" src=\"http:\/\/www.letiralarc.fr\/media\/contacts\/images\/con_tel.png\" alt=\"T\u00e9l\u00e9phone: \" \/> <\/span> <span class=\"contact-telephone\"> 03 83 46 54 91\u00a0 <\/span><span style=\"text-decoration: underline;\"><strong><span class=\"contact-webpage\"><a href=\"http:\/\/www.est-archerie.fr\/\" target=\"_blank\" rel=\"noopener noreferrer\">http:\/\/www.est-archerie.fr\/<\/a> <\/span><\/strong><\/span><\/span><\/p>\n<div class=\"contact-contactinfo\">\n<p><span style=\"font-size: 12pt;\">&#8212;&#8212;&#8212;&#8212;&#8212;&#8212;&#8212;&#8212;&#8212;&#8212;&#8212;&#8211;<\/span><\/p>\n<h2><span style=\"font-size: 12pt;\"><span class=\"contact-name\">Erhart<\/span><span class=\"jicons-icons\">\u00a0 <\/span><span class=\"contact-street\">6, rue de l&#8217;ILL <\/span> <span class=\"contact-suburb\"> Brunstatt <\/span> <span class=\"contact-postcode\"> 68350 <\/span> <span class=\"contact-country\"> France <\/span><\/span><\/h2>\n<div class=\"contact-contactinfo\">\n<p><span style=\"font-size: 12pt;\"><span class=\"jicons-icons\"> <img decoding=\"async\" src=\"http:\/\/www.letiralarc.fr\/media\/contacts\/images\/con_tel.png\" alt=\"T\u00e9l\u00e9phone: \" \/> <\/span> <span class=\"contact-telephone\"> 03 89 06 30 30 <\/span><\/span><\/p>\n<p><span style=\"text-decoration: underline;\"><strong><span class=\"contact-webpage\" style=\"font-size: 12pt;\"> <a href=\"http:\/\/www.erhart-sports.com\/\" target=\"_blank\" rel=\"noopener noreferrer\"> http:\/\/www.erhart-sports.com\/<\/a> <\/span><\/strong><\/span><\/p>\n<p><span style=\"font-size: 12pt;\">&#8212;&#8212;&#8212;&#8212;&#8212;&#8212;&#8212;&#8212;&#8212;&#8212;&#8212;&#8211;<\/span><\/p>\n<h2><span style=\"font-size: 12pt;\"><span class=\"contact-name\">L&#8217;Archer Technicien<\/span><span class=\"jicons-icons\">\u00a0 <\/span><span class=\"contact-street\">4 lot des Gen\u00eats <\/span> <span class=\"contact-suburb\"> Moyenmoutier <\/span> <span class=\"contact-postcode\"> 88420 <\/span> <span class=\"contact-country\"> France <\/span><\/span><\/h2>\n<div class=\"contact-contactinfo\">\n<p><span style=\"font-size: 12pt;\"><span class=\"jicons-icons\"> <img decoding=\"async\" src=\"http:\/\/www.letiralarc.fr\/media\/contacts\/images\/con_tel.png\" alt=\"T\u00e9l\u00e9phone: \" \/> <\/span> <span class=\"contact-telephone\"> 03 29 60 47 19\u00a0 <\/span><span style=\"text-decoration: underline;\"><strong><span class=\"contact-webpage\"><a href=\"http:\/\/www.archertechnicien.com\/\" target=\"_blank\" rel=\"noopener noreferrer\">http:\/\/www.archertechnicien.com\/<\/a> <\/span><\/strong><\/span><\/span><\/p>\n<p><span style=\"font-size: 12pt;\">&#8212;&#8212;&#8212;&#8212;&#8212;&#8212;&#8212;&#8212;&#8212;&#8212;&#8212;&#8211;<\/span><\/p>\n<div class=\"contact-contactinfo\">\n<p><span style=\"text-decoration: underline;\"><strong><a title=\"Accueil\" href=\"http:\/\/archers-longwy.fr\/wordpress\/\">Retour \u00e0 l&#8217;accueil<\/a><\/strong><\/span><\/p>\n<\/div>\n<\/div>\n<\/div>\n<\/div>\n<\/div>\n","protected":false},"excerpt":{"rendered":"<p>Sites web \u00e0 propos de l&#8217;arc : L&#8217;annuaire des sites de tir \u00e0 l&#8217;arc en France + catalogues + fabricants + articles int\u00e9ressants, etc.. voir :\u00a0 http:\/\/www.letiralarc.fr\/ La base de la position et du tir : You tube : une fl\u00e8che dans une fl\u00e8che, pr\u00e9sentation du paradoxe incroyable et pourtant : 1 ; 2 ; [&hellip;]<\/p>\n","protected":false},"author":2,"featured_media":0,"parent":1666,"menu_order":0,"comment_status":"closed","ping_status":"closed","template":"","meta":{"_bbp_topic_count":0,"_bbp_reply_count":0,"_bbp_total_topic_count":0,"_bbp_total_reply_count":0,"_bbp_voice_count":0,"_bbp_anonymous_reply_count":0,"_bbp_topic_count_hidden":0,"_bbp_reply_count_hidden":0,"_bbp_forum_subforum_count":0,"footnotes":""},"class_list":["post-936","page","type-page","status-publish","hentry"],"jetpack_sharing_enabled":true,"_links":{"self":[{"href":"https:\/\/archers-haucourt.fr\/wordpress\/wp-json\/wp\/v2\/pages\/936","targetHints":{"allow":["GET"]}}],"collection":[{"href":"https:\/\/archers-haucourt.fr\/wordpress\/wp-json\/wp\/v2\/pages"}],"about":[{"href":"https:\/\/archers-haucourt.fr\/wordpress\/wp-json\/wp\/v2\/types\/page"}],"author":[{"embeddable":true,"href":"https:\/\/archers-haucourt.fr\/wordpress\/wp-json\/wp\/v2\/users\/2"}],"replies":[{"embeddable":true,"href":"https:\/\/archers-haucourt.fr\/wordpress\/wp-json\/wp\/v2\/comments?post=936"}],"version-history":[{"count":41,"href":"https:\/\/archers-haucourt.fr\/wordpress\/wp-json\/wp\/v2\/pages\/936\/revisions"}],"predecessor-version":[{"id":6749,"href":"https:\/\/archers-haucourt.fr\/wordpress\/wp-json\/wp\/v2\/pages\/936\/revisions\/6749"}],"up":[{"embeddable":true,"href":"https:\/\/archers-haucourt.fr\/wordpress\/wp-json\/wp\/v2\/pages\/1666"}],"wp:attachment":[{"href":"https:\/\/archers-haucourt.fr\/wordpress\/wp-json\/wp\/v2\/media?parent=936"}],"curies":[{"name":"wp","href":"https:\/\/api.w.org\/{rel}","templated":true}]}}