{"id":977,"date":"2014-11-14T09:09:42","date_gmt":"2014-11-14T08:09:42","guid":{"rendered":"http:\/\/archers-longwy.fr\/wordpress\/?page_id=977"},"modified":"2014-11-14T15:29:52","modified_gmt":"2014-11-14T14:29:52","slug":"le-kyudo","status":"publish","type":"page","link":"https:\/\/archers-haucourt.fr\/wordpress\/e-propos-du-tir-a-larc\/disciplines\/le-kyudo\/","title":{"rendered":"Le Ky\u00fbd\u00f4"},"content":{"rendered":"<div id=\"mid\">\n<h1 style=\"text-align: center;\"><span style=\"text-decoration: underline; font-size: 20pt;\">LE KY\u00dbD\u00d4<\/span><\/h1>\n<div id=\"pg_panneau_lat\"><\/div>\n<div id=\"main\">\n<div id=\"pg_test20100518\">\n<p>&nbsp;<\/p>\n<p><span style=\"font-size: medium;\">Quelques images sur le Ky\u00fbd\u00f4 prises par mon fils <\/span><span style=\"font-size: medium;\">au Japon lors d&#8217;un de ses voyages<\/span>,<\/p>\n<p><span style=\"font-size: medium;\">ce tir \u00e0 l&#8217;arc se pratique suivant des r\u00e8gles tr\u00e8s pr\u00e9cises. <\/span><\/p>\n<p><span style=\"font-size: medium;\">La cible en l&#8217;occurrence repr\u00e9sente un daim, animal commun dans ce pays.<br \/>\n<\/span><\/p>\n<p><img loading=\"lazy\" decoding=\"async\" title=\"[JPG] 20121008 Tokyo secret 1re partie 7\" src=\"http:\/\/archers-longwy.fr\/wordpress\/wp-content\/uploads\/2014\/11\/Tokyo-secret-1re-partie-7.jpg\" alt=\"[JPG] 20121008 Tokyo secret 1re partie 7\" width=\"1000\" height=\"750\" \/><\/p>\n<p><span style=\"font-size: medium;\">\u00a0<\/span><img loading=\"lazy\" decoding=\"async\" title=\"[JPG] 20121008 Tokyo secret 1re partie 9\" src=\"http:\/\/archers-longwy.fr\/wordpress\/wp-content\/uploads\/2014\/11\/20121008-Tokyo-secret-1re-partie-9.jpg\" alt=\"[JPG] 20121008 Tokyo secret 1re partie 9\" width=\"1000\" height=\"750\" \/><\/p>\n<p><span style=\"font-size: medium;\">\u00a0Les Buchettes plant\u00e9es dans le rond en terre repr\u00e9sentent le nombre de tirs r\u00e9ussis dans la cible <\/span><\/p>\n<p><span style=\"font-size: medium;\">\u00a0mais le plus important dans le tir est le respect des traditions<\/span><\/p>\n<p><img loading=\"lazy\" decoding=\"async\" title=\"[JPG] 20121008 Tokyo secret 1re partie 11\" src=\"http:\/\/archers-longwy.fr\/wordpress\/wp-content\/uploads\/2014\/11\/20121008-Tokyo-secret-1re-partie-11.jpg\" alt=\"[JPG] 20121008 Tokyo secret 1re partie 11\" width=\"1000\" height=\"750\" \/><\/p>\n<p>&nbsp;<\/p>\n<p>&nbsp;<\/p>\n<p>&nbsp;<\/p>\n<p><img loading=\"lazy\" decoding=\"async\" title=\"[JPG] 20121008 Tokyo secret 1re partie 8\" src=\"http:\/\/archers-longwy.fr\/wordpress\/wp-content\/uploads\/2014\/11\/20121008-Tokyo-secret-1re-partie-8.jpg\" alt=\"[JPG] 20121008 Tokyo secret 1re partie 8\" width=\"1000\" height=\"750\" \/><\/p>\n<p><img decoding=\"async\" title=\"20121008 Tokyo secret 1re partie 10\" src=\"http:\/\/archers-longwy.fr\/wordpress\/wp-content\/uploads\/2014\/11\/20121008-Tokyo-secret-1re-partie-10.jpg\" alt=\"20121008 Tokyo secret 1re partie 10\" \/><\/p>\n<\/div>\n<\/div>\n<\/div>\n","protected":false},"excerpt":{"rendered":"<p>LE KY\u00dbD\u00d4 &nbsp; Quelques images sur le Ky\u00fbd\u00f4 prises par mon fils au Japon lors d&#8217;un de ses voyages, ce tir \u00e0 l&#8217;arc se pratique suivant des r\u00e8gles tr\u00e8s pr\u00e9cises. La cible en l&#8217;occurrence repr\u00e9sente un daim, animal commun dans ce pays. \u00a0 \u00a0Les Buchettes plant\u00e9es dans le rond en terre repr\u00e9sentent le nombre de [&hellip;]<\/p>\n","protected":false},"author":2,"featured_media":0,"parent":421,"menu_order":8,"comment_status":"closed","ping_status":"closed","template":"","meta":{"_bbp_topic_count":0,"_bbp_reply_count":0,"_bbp_total_topic_count":0,"_bbp_total_reply_count":0,"_bbp_voice_count":0,"_bbp_anonymous_reply_count":0,"_bbp_topic_count_hidden":0,"_bbp_reply_count_hidden":0,"_bbp_forum_subforum_count":0,"footnotes":""},"class_list":["post-977","page","type-page","status-publish","hentry"],"jetpack_sharing_enabled":true,"_links":{"self":[{"href":"https:\/\/archers-haucourt.fr\/wordpress\/wp-json\/wp\/v2\/pages\/977","targetHints":{"allow":["GET"]}}],"collection":[{"href":"https:\/\/archers-haucourt.fr\/wordpress\/wp-json\/wp\/v2\/pages"}],"about":[{"href":"https:\/\/archers-haucourt.fr\/wordpress\/wp-json\/wp\/v2\/types\/page"}],"author":[{"embeddable":true,"href":"https:\/\/archers-haucourt.fr\/wordpress\/wp-json\/wp\/v2\/users\/2"}],"replies":[{"embeddable":true,"href":"https:\/\/archers-haucourt.fr\/wordpress\/wp-json\/wp\/v2\/comments?post=977"}],"version-history":[{"count":3,"href":"https:\/\/archers-haucourt.fr\/wordpress\/wp-json\/wp\/v2\/pages\/977\/revisions"}],"predecessor-version":[{"id":985,"href":"https:\/\/archers-haucourt.fr\/wordpress\/wp-json\/wp\/v2\/pages\/977\/revisions\/985"}],"up":[{"embeddable":true,"href":"https:\/\/archers-haucourt.fr\/wordpress\/wp-json\/wp\/v2\/pages\/421"}],"wp:attachment":[{"href":"https:\/\/archers-haucourt.fr\/wordpress\/wp-json\/wp\/v2\/media?parent=977"}],"curies":[{"name":"wp","href":"https:\/\/api.w.org\/{rel}","templated":true}]}}